{"id":103272,"date":"2025-01-31T00:36:00","date_gmt":"2025-01-30T22:36:00","guid":{"rendered":"https:\/\/westendxfi.com\/?page_id=103272"},"modified":"2026-01-03T09:16:03","modified_gmt":"2026-01-03T07:16:03","slug":"toimitusehdot","status":"publish","type":"page","link":"https:\/\/westendxfi.com\/sv\/toimitusehdot\/","title":{"rendered":"Leveransvillkor"},"content":{"rendered":"<div data-elementor-type=\"wp-page\" data-elementor-id=\"103272\" class=\"elementor elementor-103272\" data-elementor-post-type=\"page\">\n\t\t\t\t\t\t<section class=\"elementor-section elementor-top-section elementor-element elementor-element-2a1c7fe elementor-section-boxed elementor-section-height-default elementor-section-height-default\" data-id=\"2a1c7fe\" data-element_type=\"section\" data-e-type=\"section\">\n\t\t\t\t\t\t<div class=\"elementor-container elementor-column-gap-default\">\n\t\t\t\t\t<div class=\"elementor-column elementor-col-100 elementor-top-column elementor-element elementor-element-5bf1c414\" data-id=\"5bf1c414\" data-element_type=\"column\" data-e-type=\"column\">\n\t\t\t<div class=\"elementor-widget-wrap elementor-element-populated\">\n\t\t\t\t\t\t<div class=\"elementor-element elementor-element-9ec4d89 elementor-widget elementor-widget-heading\" data-id=\"9ec4d89\" data-element_type=\"widget\" data-e-type=\"widget\" data-widget_type=\"heading.default\">\n\t\t\t\t<div class=\"elementor-widget-container\">\n\t\t\t\t\t<h2 class=\"elementor-heading-title elementor-size-default\">Leveransvillkor<\/h2>\t\t\t\t<\/div>\n\t\t\t\t<\/div>\n\t\t\t\t<div class=\"elementor-element elementor-element-4b56b15b elementor-widget elementor-widget-text-editor\" data-id=\"4b56b15b\" data-element_type=\"widget\" data-e-type=\"widget\" data-widget_type=\"text-editor.default\">\n\t\t\t\t<div class=\"elementor-widget-container\">\n\t\t\t\t\t\t\t\t\t<figure><\/figure>\n<p><!-- \/wp:image --><!-- wp:paragraph --><\/p>\n<p>Voimassa 7.4.2020 alkaen<\/p>\n<p><!-- \/wp:paragraph --><!-- wp:paragraph --><\/p>\n<p><strong>Yleist\u00e4<\/strong><br \/>Verkkokaupan tuotteita myy Westend Musical Instruments Ltd Oy, Y-tunnus 2366448-3. Tuotteita myyd\u00e4\u00e4n EU (Euroopan Unioni)-maihin, tietyin rajoituksin (kts. toimitustapa). Hinnat sis\u00e4lt\u00e4v\u00e4t arvonlis\u00e4veron. Pid\u00e4t\u00e4mme oikeuden hintojen muutokseen.<\/p>\n<p><!-- \/wp:paragraph --><!-- wp:paragraph --><\/p>\n<p><strong>Tilaaminen<\/strong><br \/>Tuotteet tilataan p\u00e4\u00e4s\u00e4\u00e4nt\u00f6isesti verkkokaupan kautta. Tarvittaessa tilaus voidaan tehd\u00e4 my\u00f6s muilla keinoin (esim. puhelimitse, s\u00e4hk\u00f6postitse). Tilaus on hyv\u00e4ksytty kun olemme vastaanottaneet maksun ja saat tilausvahvistuksen s\u00e4hk\u00f6postitse. Tilausvahvistuksen saaminen edellytt\u00e4\u00e4 s\u00e4hk\u00f6postiosoitteen luovuttamista. Tilausvahvistuksesta ilmenee tilauksen tiedot, jotka voi tarkistaa my\u00f6s k\u00e4ytt\u00e4j\u00e4tilin kautta verkkokaupan osoitteessa. Ostaja sitoutuu sopimus- ja tilausehtoihin oston yhteydess\u00e4.<\/p>\n<p><!-- \/wp:paragraph --><!-- wp:paragraph --><\/p>\n<p><strong>Maksutavat<\/strong><br \/>Maksutapa:\u00a0<strong>Korttimaksu<\/strong>\u00a0(VISA, MasterCard),\u00a0<strong>Pankkisiirto<\/strong>: (Nordea, Osuuspankki, S\u00e4\u00e4st\u00f6pankki, Oma S\u00e4\u00e4st\u00f6pankki, Danskebank, Aktia, POP Pankki, \u00c5landsbanken, Handelsbanken, S-Pankki),\u00a0<strong>Lasku\/osamaksu\u00a0<\/strong>(Collector) sek\u00e4<strong>\u00a0Paypal-maksu<\/strong>. My\u00f6s lasku suoraan yrityksen tilille on tapauskohtaisesti mahdollinen. Silloin maksu suoritetaan Westend Musical Instruments Ltd Oy:n tilille, viestiksi tilausnumero. Maksutavasta riippumatta kun maksu on suoritettu, saat tilausvahvistuksen ja tilaus etenee k\u00e4sittelyyn.<br \/>Kaikki maksut suoritetaan Euroissa. Westend Musical Instruments Ltd Oy ei ole vastuussa valuutanvaihtokuluista.<\/p>\n<p><!-- \/wp:paragraph --><!-- wp:paragraph --><\/p>\n<p><strong>Toimitus<\/strong><\/p>\n<p><!-- \/wp:paragraph --><!-- wp:paragraph --><\/p>\n<p><strong>Toimituskulut EU-maihin: Kiinte\u00e4 9,90 \u20ac sis. alv 24 %. Yli 150 \u20ac tilaukset ilmainen toimitus. Tarkista toimitusmaasi sek\u00e4 poikkeukset alla olevasta taulukosta.<\/strong><\/p>\n<p><!-- \/wp:paragraph --><!-- wp:paragraph --><\/p>\n<p>Toimitustapana on seurattavissa oleva DHL-kuljetus (tai Posti) alla olevan taulukon mukaisesti tai nouto Espoosta. Toimitusaika 5-10 ty\u00f6p\u00e4iv\u00e4\u00e4, mutta ajoittain joudumme pident\u00e4m\u00e4\u00e4n toimitusaikaa, jos k\u00e4sity\u00f6n\u00e4 tehty kokoaminen hidastuu. Pid\u00e4mme ostajan ajantasalla koko toimituskaaren ajan.<\/p>\n<p><!-- \/wp:paragraph --><!-- wp:paragraph --><\/p>\n<p>Westend Musical Instruments Ltd Oy toimitukset toimitetaan EU:n sis\u00e4ll\u00e4, joten sinulta ei perit\u00e4 ylim\u00e4\u00e4r\u00e4isi\u00e4\u00a0<strong>veroja<\/strong>\u00a0tai\u00a0<strong>tulleja<\/strong>, jos asut EU:n j\u00e4senvaltiossa.<br \/>Westend Musical Instruments Ltd Oy ei vastaa h\u00e4vinneist\u00e4 tilauksista, jos valitset paketin j\u00e4tett\u00e4v\u00e4ksi ns. turvalliseen paikkaan tai naapurille.<\/p>\n<p><!-- \/wp:paragraph --><!-- wp:table --><\/p>\n<figure>\n<table>\n<tbody>\n<tr>\n<td><strong>Toimitusmaa<\/strong><\/td>\n<td><strong>Poikkeukset: Ei toimituksia<\/strong><\/td>\n<\/tr>\n<tr>\n<td>Alankomaat<\/td>\n<td>Kanariansaaret, Ceuta, Melilla<\/td>\n<\/tr>\n<tr>\n<td>Belgia<\/td>\n<td>\u00a0<\/td>\n<\/tr>\n<tr>\n<td>Bulgaria<\/td>\n<td>\u00a0<\/td>\n<\/tr>\n<tr>\n<td>Espanja<\/td>\n<td>\u00a0<\/td>\n<\/tr>\n<tr>\n<td>Irlanti<\/td>\n<td>\u00a0<\/td>\n<\/tr>\n<tr>\n<td>Italia<\/td>\n<td>Livigno ja Campione d\u2019Italia, Lugano-j\u00e4rven Italialle kuuluvat vesialueet<\/td>\n<\/tr>\n<tr>\n<td>It\u00e4valta<\/td>\n<td>\u00a0<\/td>\n<\/tr>\n<tr>\n<td>Kreikka<\/td>\n<td>Agio \u00d3ros<\/td>\n<\/tr>\n<tr>\n<td>Kroatia<\/td>\n<td>\u00a0<\/td>\n<\/tr>\n<tr>\n<td>Kypros<\/td>\n<td>Kyproksen pohjoisosa<\/td>\n<\/tr>\n<tr>\n<td>Latvia<\/td>\n<td>\u00a0<\/td>\n<\/tr>\n<tr>\n<td>Liettua<\/td>\n<td>\u00a0<\/td>\n<\/tr>\n<tr>\n<td>Luxemburg<\/td>\n<td>\u00a0<\/td>\n<\/tr>\n<tr>\n<td>Malta<\/td>\n<td>\u00a0<\/td>\n<\/tr>\n<tr>\n<td>Portugali<\/td>\n<td>\u00a0<\/td>\n<\/tr>\n<tr>\n<td>Puola<\/td>\n<td>\u00a0<\/td>\n<\/tr>\n<tr>\n<td>Ranska<\/td>\n<td>Merentakaiset departementit Guadeloupe, Ranskan Guyana, Martinique, Reunion, Mayotte, Saint Pierre-et-Miquelon sek\u00e4 Uusi Kaledonia, Wallis ja Futunasaaret, Ranskan Polynesia, Ranskan territoriot Australaasiassa ja Etel\u00e4mantereella<\/td>\n<\/tr>\n<tr>\n<td>Romania<\/td>\n<td>\u00a0<\/td>\n<\/tr>\n<tr>\n<td>Ruotsi<\/td>\n<td>\u00a0<\/td>\n<\/tr>\n<tr>\n<td>Saksa<\/td>\n<td>Helgoland ja B\u00fcsingen<\/td>\n<\/tr>\n<tr>\n<td>Slovakia<\/td>\n<td>\u00a0<\/td>\n<\/tr>\n<tr>\n<td>Slovenia<\/td>\n<td>\u00a0<\/td>\n<\/tr>\n<tr>\n<td>Suomi<\/td>\n<td>Ahvenanmaa<\/td>\n<\/tr>\n<tr>\n<td>Tanska<\/td>\n<td>\u00a0<\/td>\n<\/tr>\n<tr>\n<td>Tsekki<\/td>\n<td>\u00a0<\/td>\n<\/tr>\n<tr>\n<td>Unkari<\/td>\n<td>\u00a0<\/td>\n<\/tr>\n<tr>\n<td>Viro<\/td>\n<td>\u00a0<\/td>\n<\/tr>\n<tr>\n<td>Ison-Britannian ja Pohjois-Irlannin yhdistynyt kuningaskunta<\/td>\n<td>Gibraltar<\/td>\n<\/tr>\n<tr>\n<td>\u00a0<\/td>\n<td>F\u00e4rsaaret<\/td>\n<\/tr>\n<tr>\n<td>\u00a0<\/td>\n<td>Gr\u00f6nlanti<\/td>\n<\/tr>\n<tr>\n<td>\u00a0<\/td>\n<td>Kanaalisaaret<\/td>\n<\/tr>\n<tr>\n<td>\u00a0<\/td>\n<td>Mansaari<\/td>\n<\/tr>\n<tr>\n<td>\u00a0<\/td>\n<td>Monaco<\/td>\n<\/tr>\n<tr>\n<td>\u00a0<\/td>\n<td>Vatikaani<\/td>\n<\/tr>\n<tr>\n<td>\u00a0<\/td>\n<td>Andorra<\/td>\n<\/tr>\n<tr>\n<td>\u00a0<\/td>\n<td>San Marino<\/td>\n<\/tr>\n<tr>\n<td>\u00a0<\/td>\n<td>Turkki<\/td>\n<\/tr>\n<\/tbody>\n<\/table>\n<\/figure>\n<p><!-- \/wp:table --><!-- wp:paragraph --><\/p>\n<p><strong>Vaihto- ja palautusoikeus<\/strong><\/p>\n<p data-path-to-node=\"6\">Asiakkaalla on Suomen kuluttajansuojalain mukainen 14 p\u00e4iv\u00e4n vaihto- ja palautusoikeus tilauksen vastaanottamisesta. Jos haluat palauttaa tuotteen, ota yhteytt\u00e4 puhelimitse +358 400 811 165 tai s\u00e4hk\u00f6postitse westend@westendxfi.com.<\/p>\n<p data-path-to-node=\"7\">Tuotteen on oltava samassa kunnossa kuin ostaessa, alkuper\u00e4ispakkauksessaan. Palautusoikeus ei koske k\u00e4ytt\u00f6\u00f6n otettuja tuotteita.\u00a0<span data-path-to-node=\"7\" data-index-in-node=\"130\">Kun olemme vastaanottaneet ja tarkistaneet palautuksen, palautamme maksun alkuper\u00e4iselle maksutavalle.<\/span><\/p>\n<p data-path-to-node=\"8\"><span data-path-to-node=\"8\" data-index-in-node=\"0\">Asiakas vastaa palautuksesta aiheutuvista toimituskuluista.<\/span><\/p>\n<p><!-- \/wp:paragraph --><!-- wp:paragraph --><\/p>\n<p><strong>Reklamaatio<\/strong><br \/>Pyyd\u00e4mme yhteydenottoa reklamaatiotapauksissa s\u00e4hk\u00f6postitse osoitteeseen\u00a0<a href=\"mailto:westend@westendxfi.com\">westend@westendxfi.com<\/a>.<\/p>\n<p><!-- \/wp:paragraph --><!-- wp:paragraph --><\/p>\n<p><strong>Ev\u00e4steet \/ Cookies<\/strong><br \/>K\u00e4yt\u00e4mme sivustollamme ev\u00e4steit\u00e4, jotka takaavat sinulle sujuvan asioinnin sivustollamme. Ev\u00e4steisiin ei tallennu henkil\u00f6kohtaisia tietojasi. Asioidessasi sivustollamme, hyv\u00e4ksyt ev\u00e4steiden k\u00e4yt\u00f6n.<\/p>\n<p><!-- \/wp:paragraph --><!-- wp:paragraph --><\/p>\n<p><strong>Muuta<\/strong><br \/>Pid\u00e4t\u00e4mme oikeuden muuttaa toimitusehtojamme. Asiakkaan on ennen tilaustaan tutustuttava kulloinkin voimassa oleviin toimitusehtoihin. K\u00e4sittelemme kaikki asiakastiedot t\u00e4ysin luottamuksellisesti ja sitoudumme olemaan luovuttamatta asiakastietoja kolmansille osapuolille. Kaupan yhteydess\u00e4 liityt automaattisesti asiakasrekisteriimme sek\u00e4 postituslistallemme.<\/p>\n<p><!-- \/wp:paragraph --><!-- wp:paragraph --><\/p>\n<p><strong>Maksupalvelutarjoaja<\/strong><br \/>Maksunv\u00e4lityspalvelun toteuttajana ja maksupalveluntarjoajana toimii Paytrail Oyj (2122839-7) yhteisty\u00f6ss\u00e4 suomalaisten pankkien ja luottolaitosten kanssa. Paytrail Oyj n\u00e4kyy maksun saajana tiliotteella tai korttilaskulla ja v\u00e4litt\u00e4\u00e4 maksun kauppiaalle. Paytrail Oyj:ll\u00e4 on maksulaitoksen toimilupa. Reklamaatiotapauksissa pyyd\u00e4mme ottamaan ensisijaisesti yhteytt\u00e4 tuotteen toimittajaan.<\/p>\n<p><!-- \/wp:paragraph --><!-- wp:paragraph --><\/p>\n<p>Paytrail Plc<br \/>Innova 2<br \/>Lutakonaukio 7<br \/>40100 Jyv\u00e4skyl\u00e4<br \/>Puhelin: +358 207 181 830<br \/>Y-tunnus 2122839-7<\/p>\n<p><!-- \/wp:paragraph --><!-- wp:paragraph --><\/p>\n<p><strong>Yhteystiedot<\/strong><\/p>\n<p><!-- \/wp:paragraph --><!-- wp:paragraph --><\/p>\n<p>Westend Musical Instruments Ltd Oy (Y-tunnus 2366448-3)<br \/>Rantam\u00e4ki 1 B 4<br \/>02330 Espoo<br \/>+358400 811 165<br \/><a href=\"mailto:westend@westendxfi.com\">westend@westendxfi.c<\/a>om<\/p>\n<p><!-- \/wp:paragraph --><\/p>\t\t\t\t\t\t\t\t<\/div>\n\t\t\t\t<\/div>\n\t\t\t\t\t<\/div>\n\t\t<\/div>\n\t\t\t\t\t<\/div>\n\t\t<\/section>\n\t\t\t\t<\/div>","protected":false},"excerpt":{"rendered":"<p>Toimitusehdot Voimassa 7.4.2020 alkaen Yleist\u00e4Verkkokaupan tuotteita myy Westend Musical Instruments Ltd Oy, Y-tunnus 2366448-3. Tuotteita myyd\u00e4\u00e4n EU (Euroopan Unioni)-maihin, tietyin rajoituksin (kts. toimitustapa). Hinnat sis\u00e4lt\u00e4v\u00e4t arvonlis\u00e4veron. Pid\u00e4t\u00e4mme oikeuden hintojen muutokseen. TilaaminenTuotteet tilataan p\u00e4\u00e4s\u00e4\u00e4nt\u00f6isesti verkkokaupan kautta. Tarvittaessa tilaus voidaan tehd\u00e4 my\u00f6s muilla keinoin (esim. puhelimitse, s\u00e4hk\u00f6postitse). Tilaus on hyv\u00e4ksytty kun olemme vastaanottaneet maksun ja saat tilausvahvistuksen [&hellip;]<\/p>\n","protected":false},"author":5351,"featured_media":0,"parent":0,"menu_order":0,"comment_status":"closed","ping_status":"closed","template":"","meta":{"_acf_changed":false,"inline_featured_image":false,"_kad_blocks_custom_css":"","_kad_blocks_head_custom_js":"","_kad_blocks_body_custom_js":"","_kad_blocks_footer_custom_js":"","pgc_sgb_lightbox_settings":"","footnotes":""},"class_list":["post-103272","page","type-page","status-publish","hentry"],"acf":[],"yoast_head":"<!-- This site is optimized with the Yoast SEO plugin v27.5 - https:\/\/yoast.com\/product\/yoast-seo-wordpress\/ -->\n<title>Toimitusehdot - Westend<\/title>\n<meta name=\"robots\" content=\"index, follow, max-snippet:-1, max-image-preview:large, max-video-preview:-1\" \/>\n<link rel=\"canonical\" href=\"https:\/\/westendxfi.com\/sv\/toimitusehdot\/\" \/>\n<meta property=\"og:locale\" content=\"sv_SE\" \/>\n<meta property=\"og:type\" content=\"article\" \/>\n<meta property=\"og:title\" content=\"Toimitusehdot - Westend\" \/>\n<meta property=\"og:description\" content=\"Toimitusehdot Voimassa 7.4.2020 alkaen Yleist\u00e4Verkkokaupan tuotteita myy Westend Musical Instruments Ltd Oy, Y-tunnus 2366448-3. Tuotteita myyd\u00e4\u00e4n EU (Euroopan Unioni)-maihin, tietyin rajoituksin (kts. toimitustapa). Hinnat sis\u00e4lt\u00e4v\u00e4t arvonlis\u00e4veron. Pid\u00e4t\u00e4mme oikeuden hintojen muutokseen. TilaaminenTuotteet tilataan p\u00e4\u00e4s\u00e4\u00e4nt\u00f6isesti verkkokaupan kautta. Tarvittaessa tilaus voidaan tehd\u00e4 my\u00f6s muilla keinoin (esim. puhelimitse, s\u00e4hk\u00f6postitse). Tilaus on hyv\u00e4ksytty kun olemme vastaanottaneet maksun ja saat tilausvahvistuksen [&hellip;]\" \/>\n<meta property=\"og:url\" content=\"https:\/\/westendxfi.com\/sv\/toimitusehdot\/\" \/>\n<meta property=\"og:site_name\" content=\"Westend\" \/>\n<meta property=\"article:modified_time\" content=\"2026-01-03T07:16:03+00:00\" \/>\n<meta name=\"twitter:card\" content=\"summary_large_image\" \/>\n<meta name=\"twitter:label1\" content=\"Ber\u00e4knad l\u00e4stid\" \/>\n\t<meta name=\"twitter:data1\" content=\"4 minuter\" \/>\n<script type=\"application\/ld+json\" class=\"yoast-schema-graph\">{\"@context\":\"https:\\\/\\\/schema.org\",\"@graph\":[{\"@type\":\"WebPage\",\"@id\":\"https:\\\/\\\/westendxfi.com\\\/toimitusehdot\\\/\",\"url\":\"https:\\\/\\\/westendxfi.com\\\/toimitusehdot\\\/\",\"name\":\"Toimitusehdot - Westend\",\"isPartOf\":{\"@id\":\"https:\\\/\\\/westendxfi.com\\\/#website\"},\"datePublished\":\"2025-01-30T22:36:00+00:00\",\"dateModified\":\"2026-01-03T07:16:03+00:00\",\"breadcrumb\":{\"@id\":\"https:\\\/\\\/westendxfi.com\\\/toimitusehdot\\\/#breadcrumb\"},\"inLanguage\":\"sv-SE\",\"potentialAction\":[{\"@type\":\"ReadAction\",\"target\":[\"https:\\\/\\\/westendxfi.com\\\/toimitusehdot\\\/\"]}]},{\"@type\":\"BreadcrumbList\",\"@id\":\"https:\\\/\\\/westendxfi.com\\\/toimitusehdot\\\/#breadcrumb\",\"itemListElement\":[{\"@type\":\"ListItem\",\"position\":1,\"name\":\"Home\",\"item\":\"https:\\\/\\\/westendxfi.com\\\/\"},{\"@type\":\"ListItem\",\"position\":2,\"name\":\"Toimitusehdot\"}]},{\"@type\":\"WebSite\",\"@id\":\"https:\\\/\\\/westendxfi.com\\\/#website\",\"url\":\"https:\\\/\\\/westendxfi.com\\\/\",\"name\":\"WestendXFi \u2013 langattomat kuulokkeet ja kaiuttimet suomalaista \u00e4\u00e4niosaamista\",\"description\":\"Langattomat kuulokkeet\",\"publisher\":{\"@id\":\"https:\\\/\\\/westendxfi.com\\\/#organization\"},\"potentialAction\":[{\"@type\":\"SearchAction\",\"target\":{\"@type\":\"EntryPoint\",\"urlTemplate\":\"https:\\\/\\\/westendxfi.com\\\/?s={search_term_string}\"},\"query-input\":{\"@type\":\"PropertyValueSpecification\",\"valueRequired\":true,\"valueName\":\"search_term_string\"}}],\"inLanguage\":\"sv-SE\"},{\"@type\":\"Organization\",\"@id\":\"https:\\\/\\\/westendxfi.com\\\/#organization\",\"name\":\"WestendXFi \u2013 langattomat kuulokkeet ja kaiuttimet suomalaista \u00e4\u00e4niosaamista\",\"url\":\"https:\\\/\\\/westendxfi.com\\\/\",\"logo\":{\"@type\":\"ImageObject\",\"inLanguage\":\"sv-SE\",\"@id\":\"https:\\\/\\\/westendxfi.com\\\/#\\\/schema\\\/logo\\\/image\\\/\",\"url\":\"https:\\\/\\\/westendxfi.com\\\/wp-content\\\/uploads\\\/2024\\\/08\\\/westendxfi-logo.png?wsr\",\"contentUrl\":\"https:\\\/\\\/westendxfi.com\\\/wp-content\\\/uploads\\\/2024\\\/08\\\/westendxfi-logo.png?wsr\",\"width\":1201,\"height\":140,\"caption\":\"WestendXFi \u2013 langattomat kuulokkeet ja kaiuttimet suomalaista \u00e4\u00e4niosaamista\"},\"image\":{\"@id\":\"https:\\\/\\\/westendxfi.com\\\/#\\\/schema\\\/logo\\\/image\\\/\"}}]}<\/script>\n<!-- \/ Yoast SEO plugin. -->","yoast_head_json":{"title":"Toimitusehdot - Westend","robots":{"index":"index","follow":"follow","max-snippet":"max-snippet:-1","max-image-preview":"max-image-preview:large","max-video-preview":"max-video-preview:-1"},"canonical":"https:\/\/westendxfi.com\/sv\/toimitusehdot\/","og_locale":"sv_SE","og_type":"article","og_title":"Toimitusehdot - Westend","og_description":"Toimitusehdot Voimassa 7.4.2020 alkaen Yleist\u00e4Verkkokaupan tuotteita myy Westend Musical Instruments Ltd Oy, Y-tunnus 2366448-3. Tuotteita myyd\u00e4\u00e4n EU (Euroopan Unioni)-maihin, tietyin rajoituksin (kts. toimitustapa). Hinnat sis\u00e4lt\u00e4v\u00e4t arvonlis\u00e4veron. Pid\u00e4t\u00e4mme oikeuden hintojen muutokseen. TilaaminenTuotteet tilataan p\u00e4\u00e4s\u00e4\u00e4nt\u00f6isesti verkkokaupan kautta. Tarvittaessa tilaus voidaan tehd\u00e4 my\u00f6s muilla keinoin (esim. puhelimitse, s\u00e4hk\u00f6postitse). Tilaus on hyv\u00e4ksytty kun olemme vastaanottaneet maksun ja saat tilausvahvistuksen [&hellip;]","og_url":"https:\/\/westendxfi.com\/sv\/toimitusehdot\/","og_site_name":"Westend","article_modified_time":"2026-01-03T07:16:03+00:00","twitter_card":"summary_large_image","twitter_misc":{"Ber\u00e4knad l\u00e4stid":"4 minuter"},"schema":{"@context":"https:\/\/schema.org","@graph":[{"@type":"WebPage","@id":"https:\/\/westendxfi.com\/toimitusehdot\/","url":"https:\/\/westendxfi.com\/toimitusehdot\/","name":"Toimitusehdot - Westend","isPartOf":{"@id":"https:\/\/westendxfi.com\/#website"},"datePublished":"2025-01-30T22:36:00+00:00","dateModified":"2026-01-03T07:16:03+00:00","breadcrumb":{"@id":"https:\/\/westendxfi.com\/toimitusehdot\/#breadcrumb"},"inLanguage":"sv-SE","potentialAction":[{"@type":"ReadAction","target":["https:\/\/westendxfi.com\/toimitusehdot\/"]}]},{"@type":"BreadcrumbList","@id":"https:\/\/westendxfi.com\/toimitusehdot\/#breadcrumb","itemListElement":[{"@type":"ListItem","position":1,"name":"Home","item":"https:\/\/westendxfi.com\/"},{"@type":"ListItem","position":2,"name":"Toimitusehdot"}]},{"@type":"WebSite","@id":"https:\/\/westendxfi.com\/#website","url":"https:\/\/westendxfi.com\/","name":"WestendXFi \u2013 langattomat kuulokkeet ja kaiuttimet suomalaista \u00e4\u00e4niosaamista","description":"Langattomat kuulokkeet","publisher":{"@id":"https:\/\/westendxfi.com\/#organization"},"potentialAction":[{"@type":"SearchAction","target":{"@type":"EntryPoint","urlTemplate":"https:\/\/westendxfi.com\/?s={search_term_string}"},"query-input":{"@type":"PropertyValueSpecification","valueRequired":true,"valueName":"search_term_string"}}],"inLanguage":"sv-SE"},{"@type":"Organization","@id":"https:\/\/westendxfi.com\/#organization","name":"WestendXFi \u2013 langattomat kuulokkeet ja kaiuttimet suomalaista \u00e4\u00e4niosaamista","url":"https:\/\/westendxfi.com\/","logo":{"@type":"ImageObject","inLanguage":"sv-SE","@id":"https:\/\/westendxfi.com\/#\/schema\/logo\/image\/","url":"https:\/\/westendxfi.com\/wp-content\/uploads\/2024\/08\/westendxfi-logo.png?wsr","contentUrl":"https:\/\/westendxfi.com\/wp-content\/uploads\/2024\/08\/westendxfi-logo.png?wsr","width":1201,"height":140,"caption":"WestendXFi \u2013 langattomat kuulokkeet ja kaiuttimet suomalaista \u00e4\u00e4niosaamista"},"image":{"@id":"https:\/\/westendxfi.com\/#\/schema\/logo\/image\/"}}]}},"taxonomy_info":[],"featured_image_src_large":false,"author_info":{"display_name":"irene","author_link":"https:\/\/westendxfi.com\/sv\/author\/irene\/"},"comment_info":0,"_links":{"self":[{"href":"https:\/\/westendxfi.com\/sv\/wp-json\/wp\/v2\/pages\/103272","targetHints":{"allow":["GET"]}}],"collection":[{"href":"https:\/\/westendxfi.com\/sv\/wp-json\/wp\/v2\/pages"}],"about":[{"href":"https:\/\/westendxfi.com\/sv\/wp-json\/wp\/v2\/types\/page"}],"author":[{"embeddable":true,"href":"https:\/\/westendxfi.com\/sv\/wp-json\/wp\/v2\/users\/5351"}],"replies":[{"embeddable":true,"href":"https:\/\/westendxfi.com\/sv\/wp-json\/wp\/v2\/comments?post=103272"}],"version-history":[{"count":16,"href":"https:\/\/westendxfi.com\/sv\/wp-json\/wp\/v2\/pages\/103272\/revisions"}],"predecessor-version":[{"id":106641,"href":"https:\/\/westendxfi.com\/sv\/wp-json\/wp\/v2\/pages\/103272\/revisions\/106641"}],"wp:attachment":[{"href":"https:\/\/westendxfi.com\/sv\/wp-json\/wp\/v2\/media?parent=103272"}],"curies":[{"name":"wp","href":"https:\/\/api.w.org\/{rel}","templated":true}]}}