{"id":103276,"date":"2025-01-31T00:36:56","date_gmt":"2025-01-30T22:36:56","guid":{"rendered":"https:\/\/westendxfi.com\/?page_id=103276"},"modified":"2025-07-25T14:43:47","modified_gmt":"2025-07-25T11:43:47","slug":"tietosuojaseloste","status":"publish","type":"page","link":"https:\/\/westendxfi.com\/sv\/tietosuojaseloste\/","title":{"rendered":"Tietosuojaseloste"},"content":{"rendered":"<div data-elementor-type=\"wp-page\" data-elementor-id=\"103276\" class=\"elementor elementor-103276\" data-elementor-post-type=\"page\">\n\t\t\t\t\t\t<section class=\"elementor-section elementor-top-section elementor-element elementor-element-55c2cdb8 elementor-section-boxed elementor-section-height-default elementor-section-height-default\" data-id=\"55c2cdb8\" data-element_type=\"section\" data-e-type=\"section\">\n\t\t\t\t\t\t<div class=\"elementor-container elementor-column-gap-default\">\n\t\t\t\t\t<div class=\"elementor-column elementor-col-100 elementor-top-column elementor-element elementor-element-5ca5bf92\" data-id=\"5ca5bf92\" data-element_type=\"column\" data-e-type=\"column\">\n\t\t\t<div class=\"elementor-widget-wrap elementor-element-populated\">\n\t\t\t\t\t\t<div class=\"elementor-element elementor-element-099f387 elementor-widget elementor-widget-heading\" data-id=\"099f387\" data-element_type=\"widget\" data-e-type=\"widget\" data-widget_type=\"heading.default\">\n\t\t\t\t<div class=\"elementor-widget-container\">\n\t\t\t\t\t<h2 class=\"elementor-heading-title elementor-size-default\">Tietosuojaseloste<\/h2>\t\t\t\t<\/div>\n\t\t\t\t<\/div>\n\t\t\t\t<div class=\"elementor-element elementor-element-422f474b elementor-widget elementor-widget-text-editor\" data-id=\"422f474b\" data-element_type=\"widget\" data-e-type=\"widget\" data-widget_type=\"text-editor.default\">\n\t\t\t\t<div class=\"elementor-widget-container\">\n\t\t\t\t\t\t\t\t\t\n<figure class=\"wp-block-image\"><img decoding=\"async\" title=\"westend-logo_w\" src=\"https:\/\/westendxfi.com\/wp-content\/uploads\/elementor\/thumbs\/westend-logo_w-ogbr49ziu0z1tpikzmfp5pjt55k7uezyk2h4mroh6o.png\" alt=\"westend-logo_w\" \/><\/figure>\n\n<p>Henkil\u00f6tietolain 523\/1999 10 #:n ja 24 #:n ja EU:n yleisen tietosuoja-asetuksen (GDPR) mukainen tietosuojaseloste.<\/p>\n\n<p>Voimassa 19.8.2019 alkaen<\/p>\n\n<p><strong>Rekisterinpit\u00e4j\u00e4<\/strong><br \/>Westend Musical Instruments Ltd Oy (y-tunnus 2366448-3) Rantam\u00e4ki 1 B 4, 02230 Espoo p. 040\u00a0505 8841\u00a0<a href=\"mailto:westend@westendxfi.com\">westend@westendxfi.com<\/a><\/p>\n\n<p><strong>Yhteyshenkil\u00f6 rekisteri\u00e4 koskevissa asioissa<\/strong><br \/>Irene Holvikari, Rantam\u00e4ki 1 B 4, 02230 Espoo p. 040\u00a0505 8841\u00a0<a href=\"mailto:irene@westendxfi.com\">irene@westendxfi.com<\/a><\/p>\n\n<p><strong>Rekisterin nimi<\/strong><br \/>Westend Musical Instruments Ltd Oy:n asiakasrekisteri.<\/p>\n\n<p><strong>Henkil\u00f6tietojen k\u00e4sittelyn tarkoitus<\/strong><br \/>Rekisterin k\u00e4ytt\u00f6tarkoitus on Westend Musical Instruments Ltd Oy:n asiakasrekisterin yll\u00e4pit\u00e4minen sek\u00e4 asiakkaitten tilausten k\u00e4sittely ja arkistointi sek\u00e4 asiakassuhteen hoitaminen. Rekisterin tietoja voidaan k\u00e4ytt\u00e4\u00e4 Westend Musical Instruments Ltd Oy:n mainonnan kohdistamiseen luovuttamatta henkil\u00f6tietoja ulkopuoliselle taholle.<\/p>\n\n<p><strong>Rekisterin tietosis\u00e4lt\u00f6<\/strong><br \/>Asiakasrekisteri koostuu rekisterist\u00e4, jossa on tallennettuna tietoja asiakkaasta seuraavasti: Asiakkaan yhteystiedot tilaamisen ja tilauksen toimittamisen mahdollistamiseksi. Lis\u00e4ksi, yhteyshenkil\u00f6n puhelinnumero sek\u00e4 laskutusta varten tarvittavat tiedot. Rekisterin tiedot pit\u00e4v\u00e4t sis\u00e4ll\u00e4\u00e4n my\u00f6s verkkokaupan k\u00e4ytt\u00e4j\u00e4tunnukset. Asiakkaan tilaamista tuotteista, palveluista, toimittamisesta ja palautuksista koskevaa tietoa.<\/p>\n\n<p>Tietoja s\u00e4ilytet\u00e4\u00e4n v\u00e4hint\u00e4\u00e4n kuusi vuotta.<\/p>\n\n<p><strong>S\u00e4\u00e4nn\u00f6nmukaiset tietol\u00e4hteet<\/strong><br \/>Rekisterin yhteys- ja asiakkuustietoja saadaan asiakkaalta itselt\u00e4\u00e4n h\u00e4nen rekister\u00f6ityess\u00e4\u00e4n verkkokaupan k\u00e4ytt\u00e4j\u00e4ksi, tilaamalla tavaraa tai asiakkaan muiden ilmoitusten kautta.<\/p>\n\n<p><strong>Tietojen luovutukset ja tietojen siirto EU:n tai Euroopan talousalueen ulkopuolelle<\/strong><br \/>Asiakasrekisterist\u00e4 voidaan luovuttaa nimi- ja osoitetietoja vain Westend Musical Instruments Ltd Oy:n omiin suoramarkkinointitarkoituksiin.\u00a0<\/p>\n\n<p>Westend Musical Instruments Ltd Oy k\u00e4ytt\u00e4\u00e4 MailChimp-s\u00e4hk\u00f6postipalvelua suoramarkkinoinnissa ja viestinn\u00e4ss\u00e4. MailChimpille siirret\u00e4\u00e4n k\u00e4ytt\u00e4jist\u00e4 etunimi, sukunimi ja s\u00e4hk\u00f6postiosoite. MailChimp on yhdysvaltalainen yhti\u00f6, jolloin tietoja siirtyy Euroopan Unionin ulkopuolelle. Westend Musical Instruments Ltd Oy k\u00e4ytt\u00e4\u00e4 Bluehost Inc \u2013 palvelinta mm. varmuuskopioinnin tallentamiseen. Bluehost Inc on yhdysvaltalainen yhti\u00f6, joten Westend Musical Instruments Ltd Oy:n tallentamat tiedot tallentuvat siten Euroopan unionin ulkopuolelle. Westend Musical Instruments Ltd Oy:n tallentamat henkil\u00f6tiedot ovat kuitenkin suojattuna henkil\u00f6tietolain edellytt\u00e4m\u00e4ll\u00e4 tavalla ja sek\u00e4 MailChimp ett\u00e4 Bluehost Inc kuuluvat USA:n ja EU:n v\u00e4lisen Privacy Shield -kehyksen sertifioitujen yritysten listalle.<\/p>\n\n<p><strong>Rekisterin suojauksen periaattee<\/strong>t<br \/>Manuaalisia aineistoja s\u00e4ilytet\u00e4\u00e4n lukituissa tiloissa. ATK:lla k\u00e4sitelt\u00e4vi\u00e4 tietoja voivat k\u00e4sitell\u00e4 vain erikseen sovitut ty\u00f6ntekij\u00e4t, joilla kullakin on omat k\u00e4ytt\u00e4j\u00e4tunnukset ja salasanat j\u00e4rjestelm\u00e4\u00e4n. Eri ty\u00f6ntekij\u00e4ryhmill\u00e4 on eritasoisia k\u00e4ytt\u00f6oikeuksia Westend Musical Instruments Ltd Oy:n tietoj\u00e4rjestelm\u00e4\u00e4n. Vaitiolovelvollisuus sitoo asiakastietoja k\u00e4sittelevi\u00e4 ty\u00f6ntekij\u00f6it\u00e4. Tietoja luovutetaan ulkopuolisille ainoastaan lakiin perustuvan ilmoitusvelvollisuuden johdosta tai asiakkaan omasta tai viranomaisten pyynn\u00f6st\u00e4.<\/p>\n\n<p><strong>Tarkastusoikeus<\/strong><br \/>Jokaisella Westend Musical Instruments Ltd Oy:n asiakkaalla on p\u00e4\u00e4s\u00e4\u00e4nt\u00f6isesti oikeus tarkastaa omat tietonsa Westend Musical Instruments Ltd Oy:n asiakasrekisterist\u00e4. Tarkastuspyynn\u00f6t tulee osoittaa kirjallisesti s\u00e4hk\u00f6postiosoitteeseen westend@westendxfi.com, josta pyynn\u00f6t ohjataan asianomaisen henkil\u00f6n asiakastietojen yll\u00e4pidosta vastaavalle henkil\u00f6lle. Westend Musical Instruments Ltd Oy voi pyyt\u00e4\u00e4 tarvittaessa pyynn\u00f6n esitt\u00e4j\u00e4\u00e4 todistamaan henkil\u00f6llisyytens\u00e4. Westend Musical Instruments Ltd Oy vastaa asiakkaalle EU:n tietosuoja-asetuksessa s\u00e4\u00e4detyss\u00e4 ajassa (p\u00e4\u00e4s\u00e4\u00e4nt\u00f6isesti kuukauden kuluessa).<\/p>\n\n<p><strong>Oikeus vaatia tiedon korjaamista<\/strong><br \/>Jokaisella Westend Musical Instruments Ltd Oy asiakkaalla on oikeus vaatia oman virheellisen henkil\u00f6tietonsa korjaamista. Korjauspyynn\u00f6t tulee osoittaa kirjallisesti osoitteeseen westend@westendxfi.com, josta ne ohjataan asianomaisen henkil\u00f6n asiakastietojen yll\u00e4pidosta vastaavalle henkil\u00f6lle. Westend Musical Instruments Ltd Oy voi pyyt\u00e4\u00e4 tarvittaessa pyynn\u00f6n esitt\u00e4j\u00e4\u00e4 todistamaan henkil\u00f6llisyytens\u00e4. Westend Musical Instruments Ltd Oy vastaa asiakkaalle EU:n tietosuoja-asetuksessa s\u00e4\u00e4detyss\u00e4 ajassa (p\u00e4\u00e4s\u00e4\u00e4nt\u00f6isesti kuukauden kuluessa).<\/p>\n\n<p><strong>Muut henkil\u00f6tietojen k\u00e4sittelyyn liittyv\u00e4t oikeudet<\/strong><br \/>Rekister\u00f6idyll\u00e4 on oikeus kielt\u00e4\u00e4 Westend Musical Instruments Ltd Oy k\u00e4sittelem\u00e4st\u00e4 h\u00e4nt\u00e4 itse\u00e4\u00e4n koskevia tietoja suoramainontaa, et\u00e4myynti\u00e4 ja muuta suoramarkkinointia sek\u00e4 markkina- ja mielipidetutkimusta varten. Rekister\u00f6idyll\u00e4 on oikeus pyyt\u00e4\u00e4 omien tietojensa poistamista Westend Musical Instruments Ltd Oy:n rekisterist\u00e4. Pyynt\u00f6 toteutetaan ellei lains\u00e4\u00e4d\u00e4nt\u00f6, avoimet laskut tai perint\u00e4toimet est\u00e4 tietojen poistamista. Westend Musical Instruments Ltd Oy voi pyyt\u00e4\u00e4 tarvittaessa pyynn\u00f6n esitt\u00e4j\u00e4\u00e4 todistamaan henkil\u00f6llisyytens\u00e4. Westend Musical Instruments Ltd Oy vastaa asiakkaalle EU:n tietosuoja-asetuksessa s\u00e4\u00e4detyss\u00e4 ajassa (p\u00e4\u00e4s\u00e4\u00e4nt\u00f6isesti kuukauden kuluessa).<\/p>\n\n<p><strong>Microsoft Clarity <\/strong><em>We partner with Microsoft Clarity and Microsoft Advertising to capture how you use and interact with our website through behavioral metrics, heatmaps, and session replay to improve and market our products\/services. Website usage data is captured using first and third-party cookies and other tracking technologies to determine the popularity of products\/services and online activity. Additionally, we use this information for site optimization, fraud\/security purposes, and advertising. For more information about how Microsoft collects and uses your data, visit the\u00a0<a href=\"https:\/\/www.microsoft.com\/privacy\/privacystatement\">Microsoft Privacy Statement<\/a>.<\/em><\/p>\n\t\t\t\t\t\t\t\t<\/div>\n\t\t\t\t<\/div>\n\t\t\t\t\t<\/div>\n\t\t<\/div>\n\t\t\t\t\t<\/div>\n\t\t<\/section>\n\t\t\t\t<\/div>","protected":false},"excerpt":{"rendered":"<p>Henkil\u00f6tietolain 523\/1999 10 #:n ja 24 #:n ja EU:n yleisen tietosuoja-asetuksen (GDPR) mukainen tietosuojaseloste. Voimassa 19.8.2019 alkaen Rekisterinpit\u00e4j\u00e4Westend Musical Instruments Ltd Oy (y-tunnus 2366448-3) Rantam\u00e4ki 1 B 4, 02230 Espoo p. 040\u00a0505 8841\u00a0westend@westendxfi.com Yhteyshenkil\u00f6 rekisteri\u00e4 koskevissa asioissaIrene Holvikari, Rantam\u00e4ki 1 B 4, 02230 Espoo p. 040\u00a0505 8841\u00a0irene@westendxfi.com Rekisterin nimiWestend Musical Instruments Ltd Oy:n asiakasrekisteri. Henkil\u00f6tietojen [&hellip;]<\/p>\n","protected":false},"author":5351,"featured_media":0,"parent":0,"menu_order":0,"comment_status":"closed","ping_status":"closed","template":"","meta":{"_acf_changed":false,"inline_featured_image":false,"_kad_blocks_custom_css":"","_kad_blocks_head_custom_js":"","_kad_blocks_body_custom_js":"","_kad_blocks_footer_custom_js":"","pgc_sgb_lightbox_settings":"","footnotes":""},"class_list":["post-103276","page","type-page","status-publish","hentry"],"acf":[],"yoast_head":"<!-- This site is optimized with the Yoast SEO plugin v27.5 - https:\/\/yoast.com\/product\/yoast-seo-wordpress\/ -->\n<title>Tietosuojaseloste - Westend<\/title>\n<meta name=\"robots\" content=\"index, follow, max-snippet:-1, max-image-preview:large, max-video-preview:-1\" \/>\n<link rel=\"canonical\" href=\"https:\/\/westendxfi.com\/sv\/tietosuojaseloste\/\" \/>\n<meta property=\"og:locale\" content=\"sv_SE\" \/>\n<meta property=\"og:type\" content=\"article\" \/>\n<meta property=\"og:title\" content=\"Tietosuojaseloste - Westend\" \/>\n<meta property=\"og:description\" content=\"Henkil\u00f6tietolain 523\/1999 10 #:n ja 24 #:n ja EU:n yleisen tietosuoja-asetuksen (GDPR) mukainen tietosuojaseloste. Voimassa 19.8.2019 alkaen Rekisterinpit\u00e4j\u00e4Westend Musical Instruments Ltd Oy (y-tunnus 2366448-3) Rantam\u00e4ki 1 B 4, 02230 Espoo p. 040\u00a0505 8841\u00a0westend@westendxfi.com Yhteyshenkil\u00f6 rekisteri\u00e4 koskevissa asioissaIrene Holvikari, Rantam\u00e4ki 1 B 4, 02230 Espoo p. 040\u00a0505 8841\u00a0irene@westendxfi.com Rekisterin nimiWestend Musical Instruments Ltd Oy:n asiakasrekisteri. Henkil\u00f6tietojen [&hellip;]\" \/>\n<meta property=\"og:url\" content=\"https:\/\/westendxfi.com\/sv\/tietosuojaseloste\/\" \/>\n<meta property=\"og:site_name\" content=\"Westend\" \/>\n<meta property=\"article:modified_time\" content=\"2025-07-25T11:43:47+00:00\" \/>\n<meta property=\"og:image\" content=\"https:\/\/westendxfi.com\/wp-content\/uploads\/elementor\/thumbs\/westend-logo_w-ogbr49ziu0z1tpikzmfp5pjt55k7uezyk2h4mroh6o.png\" \/>\n<meta name=\"twitter:card\" content=\"summary_large_image\" \/>\n<meta name=\"twitter:label1\" content=\"Ber\u00e4knad l\u00e4stid\" \/>\n\t<meta name=\"twitter:data1\" content=\"5 minuter\" \/>\n<script type=\"application\/ld+json\" class=\"yoast-schema-graph\">{\"@context\":\"https:\\\/\\\/schema.org\",\"@graph\":[{\"@type\":\"WebPage\",\"@id\":\"https:\\\/\\\/westendxfi.com\\\/tietosuojaseloste\\\/\",\"url\":\"https:\\\/\\\/westendxfi.com\\\/tietosuojaseloste\\\/\",\"name\":\"Tietosuojaseloste - Westend\",\"isPartOf\":{\"@id\":\"https:\\\/\\\/westendxfi.com\\\/#website\"},\"primaryImageOfPage\":{\"@id\":\"https:\\\/\\\/westendxfi.com\\\/tietosuojaseloste\\\/#primaryimage\"},\"image\":{\"@id\":\"https:\\\/\\\/westendxfi.com\\\/tietosuojaseloste\\\/#primaryimage\"},\"thumbnailUrl\":\"https:\\\/\\\/westendxfi.com\\\/wp-content\\\/uploads\\\/elementor\\\/thumbs\\\/westend-logo_w-ogbr49ziu0z1tpikzmfp5pjt55k7uezyk2h4mroh6o.png\",\"datePublished\":\"2025-01-30T22:36:56+00:00\",\"dateModified\":\"2025-07-25T11:43:47+00:00\",\"breadcrumb\":{\"@id\":\"https:\\\/\\\/westendxfi.com\\\/tietosuojaseloste\\\/#breadcrumb\"},\"inLanguage\":\"sv-SE\",\"potentialAction\":[{\"@type\":\"ReadAction\",\"target\":[\"https:\\\/\\\/westendxfi.com\\\/tietosuojaseloste\\\/\"]}]},{\"@type\":\"ImageObject\",\"inLanguage\":\"sv-SE\",\"@id\":\"https:\\\/\\\/westendxfi.com\\\/tietosuojaseloste\\\/#primaryimage\",\"url\":\"https:\\\/\\\/westendxfi.com\\\/wp-content\\\/uploads\\\/elementor\\\/thumbs\\\/westend-logo_w-ogbr49ziu0z1tpikzmfp5pjt55k7uezyk2h4mroh6o.png\",\"contentUrl\":\"https:\\\/\\\/westendxfi.com\\\/wp-content\\\/uploads\\\/elementor\\\/thumbs\\\/westend-logo_w-ogbr49ziu0z1tpikzmfp5pjt55k7uezyk2h4mroh6o.png\"},{\"@type\":\"BreadcrumbList\",\"@id\":\"https:\\\/\\\/westendxfi.com\\\/tietosuojaseloste\\\/#breadcrumb\",\"itemListElement\":[{\"@type\":\"ListItem\",\"position\":1,\"name\":\"Home\",\"item\":\"https:\\\/\\\/westendxfi.com\\\/\"},{\"@type\":\"ListItem\",\"position\":2,\"name\":\"Tietosuojaseloste\"}]},{\"@type\":\"WebSite\",\"@id\":\"https:\\\/\\\/westendxfi.com\\\/#website\",\"url\":\"https:\\\/\\\/westendxfi.com\\\/\",\"name\":\"WestendXFi \u2013 langattomat kuulokkeet ja kaiuttimet suomalaista \u00e4\u00e4niosaamista\",\"description\":\"Langattomat kuulokkeet\",\"publisher\":{\"@id\":\"https:\\\/\\\/westendxfi.com\\\/#organization\"},\"potentialAction\":[{\"@type\":\"SearchAction\",\"target\":{\"@type\":\"EntryPoint\",\"urlTemplate\":\"https:\\\/\\\/westendxfi.com\\\/?s={search_term_string}\"},\"query-input\":{\"@type\":\"PropertyValueSpecification\",\"valueRequired\":true,\"valueName\":\"search_term_string\"}}],\"inLanguage\":\"sv-SE\"},{\"@type\":\"Organization\",\"@id\":\"https:\\\/\\\/westendxfi.com\\\/#organization\",\"name\":\"WestendXFi \u2013 langattomat kuulokkeet ja kaiuttimet suomalaista \u00e4\u00e4niosaamista\",\"url\":\"https:\\\/\\\/westendxfi.com\\\/\",\"logo\":{\"@type\":\"ImageObject\",\"inLanguage\":\"sv-SE\",\"@id\":\"https:\\\/\\\/westendxfi.com\\\/#\\\/schema\\\/logo\\\/image\\\/\",\"url\":\"https:\\\/\\\/westendxfi.com\\\/wp-content\\\/uploads\\\/2024\\\/08\\\/westendxfi-logo.png?wsr\",\"contentUrl\":\"https:\\\/\\\/westendxfi.com\\\/wp-content\\\/uploads\\\/2024\\\/08\\\/westendxfi-logo.png?wsr\",\"width\":1201,\"height\":140,\"caption\":\"WestendXFi \u2013 langattomat kuulokkeet ja kaiuttimet suomalaista \u00e4\u00e4niosaamista\"},\"image\":{\"@id\":\"https:\\\/\\\/westendxfi.com\\\/#\\\/schema\\\/logo\\\/image\\\/\"}}]}<\/script>\n<!-- \/ Yoast SEO plugin. -->","yoast_head_json":{"title":"Tietosuojaseloste - Westend","robots":{"index":"index","follow":"follow","max-snippet":"max-snippet:-1","max-image-preview":"max-image-preview:large","max-video-preview":"max-video-preview:-1"},"canonical":"https:\/\/westendxfi.com\/sv\/tietosuojaseloste\/","og_locale":"sv_SE","og_type":"article","og_title":"Tietosuojaseloste - Westend","og_description":"Henkil\u00f6tietolain 523\/1999 10 #:n ja 24 #:n ja EU:n yleisen tietosuoja-asetuksen (GDPR) mukainen tietosuojaseloste. Voimassa 19.8.2019 alkaen Rekisterinpit\u00e4j\u00e4Westend Musical Instruments Ltd Oy (y-tunnus 2366448-3) Rantam\u00e4ki 1 B 4, 02230 Espoo p. 040\u00a0505 8841\u00a0westend@westendxfi.com Yhteyshenkil\u00f6 rekisteri\u00e4 koskevissa asioissaIrene Holvikari, Rantam\u00e4ki 1 B 4, 02230 Espoo p. 040\u00a0505 8841\u00a0irene@westendxfi.com Rekisterin nimiWestend Musical Instruments Ltd Oy:n asiakasrekisteri. Henkil\u00f6tietojen [&hellip;]","og_url":"https:\/\/westendxfi.com\/sv\/tietosuojaseloste\/","og_site_name":"Westend","article_modified_time":"2025-07-25T11:43:47+00:00","og_image":[{"url":"https:\/\/westendxfi.com\/wp-content\/uploads\/elementor\/thumbs\/westend-logo_w-ogbr49ziu0z1tpikzmfp5pjt55k7uezyk2h4mroh6o.png","type":"","width":"","height":""}],"twitter_card":"summary_large_image","twitter_misc":{"Ber\u00e4knad l\u00e4stid":"5 minuter"},"schema":{"@context":"https:\/\/schema.org","@graph":[{"@type":"WebPage","@id":"https:\/\/westendxfi.com\/tietosuojaseloste\/","url":"https:\/\/westendxfi.com\/tietosuojaseloste\/","name":"Tietosuojaseloste - Westend","isPartOf":{"@id":"https:\/\/westendxfi.com\/#website"},"primaryImageOfPage":{"@id":"https:\/\/westendxfi.com\/tietosuojaseloste\/#primaryimage"},"image":{"@id":"https:\/\/westendxfi.com\/tietosuojaseloste\/#primaryimage"},"thumbnailUrl":"https:\/\/westendxfi.com\/wp-content\/uploads\/elementor\/thumbs\/westend-logo_w-ogbr49ziu0z1tpikzmfp5pjt55k7uezyk2h4mroh6o.png","datePublished":"2025-01-30T22:36:56+00:00","dateModified":"2025-07-25T11:43:47+00:00","breadcrumb":{"@id":"https:\/\/westendxfi.com\/tietosuojaseloste\/#breadcrumb"},"inLanguage":"sv-SE","potentialAction":[{"@type":"ReadAction","target":["https:\/\/westendxfi.com\/tietosuojaseloste\/"]}]},{"@type":"ImageObject","inLanguage":"sv-SE","@id":"https:\/\/westendxfi.com\/tietosuojaseloste\/#primaryimage","url":"https:\/\/westendxfi.com\/wp-content\/uploads\/elementor\/thumbs\/westend-logo_w-ogbr49ziu0z1tpikzmfp5pjt55k7uezyk2h4mroh6o.png","contentUrl":"https:\/\/westendxfi.com\/wp-content\/uploads\/elementor\/thumbs\/westend-logo_w-ogbr49ziu0z1tpikzmfp5pjt55k7uezyk2h4mroh6o.png"},{"@type":"BreadcrumbList","@id":"https:\/\/westendxfi.com\/tietosuojaseloste\/#breadcrumb","itemListElement":[{"@type":"ListItem","position":1,"name":"Home","item":"https:\/\/westendxfi.com\/"},{"@type":"ListItem","position":2,"name":"Tietosuojaseloste"}]},{"@type":"WebSite","@id":"https:\/\/westendxfi.com\/#website","url":"https:\/\/westendxfi.com\/","name":"WestendXFi \u2013 langattomat kuulokkeet ja kaiuttimet suomalaista \u00e4\u00e4niosaamista","description":"Langattomat kuulokkeet","publisher":{"@id":"https:\/\/westendxfi.com\/#organization"},"potentialAction":[{"@type":"SearchAction","target":{"@type":"EntryPoint","urlTemplate":"https:\/\/westendxfi.com\/?s={search_term_string}"},"query-input":{"@type":"PropertyValueSpecification","valueRequired":true,"valueName":"search_term_string"}}],"inLanguage":"sv-SE"},{"@type":"Organization","@id":"https:\/\/westendxfi.com\/#organization","name":"WestendXFi \u2013 langattomat kuulokkeet ja kaiuttimet suomalaista \u00e4\u00e4niosaamista","url":"https:\/\/westendxfi.com\/","logo":{"@type":"ImageObject","inLanguage":"sv-SE","@id":"https:\/\/westendxfi.com\/#\/schema\/logo\/image\/","url":"https:\/\/westendxfi.com\/wp-content\/uploads\/2024\/08\/westendxfi-logo.png?wsr","contentUrl":"https:\/\/westendxfi.com\/wp-content\/uploads\/2024\/08\/westendxfi-logo.png?wsr","width":1201,"height":140,"caption":"WestendXFi \u2013 langattomat kuulokkeet ja kaiuttimet suomalaista \u00e4\u00e4niosaamista"},"image":{"@id":"https:\/\/westendxfi.com\/#\/schema\/logo\/image\/"}}]}},"taxonomy_info":[],"featured_image_src_large":false,"author_info":{"display_name":"irene","author_link":"https:\/\/westendxfi.com\/sv\/author\/irene\/"},"comment_info":0,"_links":{"self":[{"href":"https:\/\/westendxfi.com\/sv\/wp-json\/wp\/v2\/pages\/103276","targetHints":{"allow":["GET"]}}],"collection":[{"href":"https:\/\/westendxfi.com\/sv\/wp-json\/wp\/v2\/pages"}],"about":[{"href":"https:\/\/westendxfi.com\/sv\/wp-json\/wp\/v2\/types\/page"}],"author":[{"embeddable":true,"href":"https:\/\/westendxfi.com\/sv\/wp-json\/wp\/v2\/users\/5351"}],"replies":[{"embeddable":true,"href":"https:\/\/westendxfi.com\/sv\/wp-json\/wp\/v2\/comments?post=103276"}],"version-history":[{"count":8,"href":"https:\/\/westendxfi.com\/sv\/wp-json\/wp\/v2\/pages\/103276\/revisions"}],"predecessor-version":[{"id":104916,"href":"https:\/\/westendxfi.com\/sv\/wp-json\/wp\/v2\/pages\/103276\/revisions\/104916"}],"wp:attachment":[{"href":"https:\/\/westendxfi.com\/sv\/wp-json\/wp\/v2\/media?parent=103276"}],"curies":[{"name":"wp","href":"https:\/\/api.w.org\/{rel}","templated":true}]}}