{"id":103292,"date":"2025-02-02T23:30:25","date_gmt":"2025-02-02T21:30:25","guid":{"rendered":"https:\/\/westendxfi.com\/?page_id=103292"},"modified":"2026-04-05T20:31:05","modified_gmt":"2026-04-05T17:31:05","slug":"tuotteiden-kayttoohjeet","status":"publish","type":"page","link":"https:\/\/westendxfi.com\/sv\/tuotteiden-kayttoohjeet\/","title":{"rendered":"Bruksanvisningar och videor"},"content":{"rendered":"<div data-elementor-type=\"wp-page\" data-elementor-id=\"103292\" class=\"elementor elementor-103292\" data-elementor-post-type=\"page\">\n\t\t\t\t\t\t<section class=\"elementor-section elementor-top-section elementor-element elementor-element-3b4c8745 elementor-section-boxed elementor-section-height-default elementor-section-height-default\" data-id=\"3b4c8745\" data-element_type=\"section\" data-e-type=\"section\">\n\t\t\t\t\t\t<div class=\"elementor-container elementor-column-gap-default\">\n\t\t\t\t\t<div class=\"elementor-column elementor-col-100 elementor-top-column elementor-element elementor-element-760e5fd7\" data-id=\"760e5fd7\" data-element_type=\"column\" data-e-type=\"column\">\n\t\t\t<div class=\"elementor-widget-wrap elementor-element-populated\">\n\t\t\t\t\t\t<div class=\"elementor-element elementor-element-21dacf62 elementor-widget elementor-widget-heading\" data-id=\"21dacf62\" data-element_type=\"widget\" data-e-type=\"widget\" data-widget_type=\"heading.default\">\n\t\t\t\t<div class=\"elementor-widget-container\">\n\t\t\t\t\t<h6 class=\"elementor-heading-title elementor-size-default\">Westend<\/h6>\t\t\t\t<\/div>\n\t\t\t\t<\/div>\n\t\t\t\t<div class=\"elementor-element elementor-element-515a7d97 elementor-widget elementor-widget-heading\" data-id=\"515a7d97\" data-element_type=\"widget\" data-e-type=\"widget\" data-widget_type=\"heading.default\">\n\t\t\t\t<div class=\"elementor-widget-container\">\n\t\t\t\t\t<h2 class=\"elementor-heading-title elementor-size-default\">Bruksanvisningar och videor<\/h2>\t\t\t\t<\/div>\n\t\t\t\t<\/div>\n\t\t\t\t<div class=\"elementor-element elementor-element-60bfd284 elementor-widget elementor-widget-text-editor\" data-id=\"60bfd284\" data-element_type=\"widget\" data-e-type=\"widget\" data-widget_type=\"text-editor.default\">\n\t\t\t\t<div class=\"elementor-widget-container\">\n\t\t\t\t\t\t\t\t\t<p>Selke\u00e4t ohjeet ja videot tuotteidesi k\u00e4ytt\u00f6\u00f6n<\/p>\t\t\t\t\t\t\t\t<\/div>\n\t\t\t\t<\/div>\n\t\t\t\t<div class=\"elementor-element elementor-element-13bfb49 pa-icon-pos-before premium-lq__none elementor-widget elementor-widget-premium-addon-button\" data-id=\"13bfb49\" data-element_type=\"widget\" data-e-type=\"widget\" data-widget_type=\"premium-addon-button.default\">\n\t\t\t\t<div class=\"elementor-widget-container\">\n\t\t\t\t\t\n\n\t\t<a class=\"premium-button premium-button-none premium-btn-lg premium-button-none\" href=\"https:\/\/westendxfi.com\/wp-content\/uploads\/2025\/02\/Kayttoohje.pdf\">\n\t\t\t<div class=\"premium-button-text-icon-wrapper\">\n\t\t\t\t\n\t\t\t\t\t\t\t\t\t\t\t\t\t\t\t\t\t\t<svg class=\"svg-inline--far-fa-file-pdf premium-drawable-icon premium-svg-nodraw\" aria-hidden='true' xmlns='http:\/\/www.w3.org\/2000\/svg' viewbox='0 0 384 512'><path d=\"M369.9 97.9L286 14C277 5 264.8-.1 252.1-.1H48C21.5 0 0 21.5 0 48v416c0 26.5 21.5 48 48 48h288c26.5 0 48-21.5 48-48V131.9c0-12.7-5.1-25-14.1-34zM332.1 128H256V51.9l76.1 76.1zM48 464V48h160v104c0 13.3 10.7 24 24 24h104v288H48zm250.2-143.7c-12.2-12-47-8.7-64.4-6.5-17.2-10.5-28.7-25-36.8-46.3 3.9-16.1 10.1-40.6 5.4-56-4.2-26.2-37.8-23.6-42.6-5.9-4.4 16.1-.4 38.5 7 67.1-10 23.9-24.9 56-35.4 74.4-20 10.3-47 26.2-51 46.2-3.3 15.8 26 55.2 76.1-31.2 22.4-7.4 46.8-16.5 68.4-20.1 18.9 10.2 41 17 55.8 17 25.5 0 28-28.2 17.5-38.7zm-198.1 77.8c5.1-13.7 24.5-29.5 30.4-35-19 30.3-30.4 35.7-30.4 35zm81.6-190.6c7.4 0 6.7 32.1 1.8 40.8-4.4-13.9-4.3-40.8-1.8-40.8zm-24.4 136.6c9.7-16.9 18-37 24.7-54.7 8.3 15.1 18.9 27.2 30.1 35.5-20.8 4.3-38.9 13.1-54.8 19.2zm131.6-5s-5 6-37.3-7.8c35.1-2.6 40.9 5.4 37.3 7.8z\"><\/path><\/svg>\t\t\t\t\t\t\t\t\t\t\t\t\t\t\t\n\t\t\t\t\t\t\t\t\t<span >\n\t\t\t\t\t\tLittle Marvel kuulokkeiden k\u00e4ytt\u00f6ohjeet PDF\ufeff\t\t\t\t\t<\/span>\n\t\t\t\t\t\t\t<\/div>\n\n\t\t\t\n\t\t\t\n\t\t\t\n\t\t<\/a>\n\n\n\t\t\t\t\t\t<\/div>\n\t\t\t\t<\/div>\n\t\t\t\t\t<\/div>\n\t\t<\/div>\n\t\t\t\t<div class=\"elementor-column elementor-col-100 elementor-top-column elementor-element elementor-element-19526c65\" data-id=\"19526c65\" data-element_type=\"column\" data-e-type=\"column\">\n\t\t\t<div class=\"elementor-widget-wrap elementor-element-populated\">\n\t\t\t\t\t\t<div class=\"elementor-element elementor-element-8ce51b4 elementor-widget elementor-widget-image\" data-id=\"8ce51b4\" data-element_type=\"widget\" data-e-type=\"widget\" data-widget_type=\"image.default\">\n\t\t\t\t<div class=\"elementor-widget-container\">\n\t\t\t\t\t\t\t\t\t\t\t\t\t\t\t<img fetchpriority=\"high\" decoding=\"async\" width=\"800\" height=\"771\" src=\"https:\/\/westendxfi.com\/wp-content\/uploads\/2026\/03\/LM2-1024x987.png\" class=\"attachment-large size-large wp-image-108315\" alt=\"\" srcset=\"https:\/\/westendxfi.com\/wp-content\/uploads\/2026\/03\/LM2-1024x987.png 1024w, https:\/\/westendxfi.com\/wp-content\/uploads\/2026\/03\/LM2-scaled-800x772.png 800w, https:\/\/westendxfi.com\/wp-content\/uploads\/2026\/03\/LM2-300x289.png 300w, https:\/\/westendxfi.com\/wp-content\/uploads\/2026\/03\/LM2-768x741.png 768w, https:\/\/westendxfi.com\/wp-content\/uploads\/2026\/03\/LM2-1536x1481.png 1536w, https:\/\/westendxfi.com\/wp-content\/uploads\/2026\/03\/LM2-2048x1975.png 2048w, https:\/\/westendxfi.com\/wp-content\/uploads\/2026\/03\/LM2-60x58.png 60w, https:\/\/westendxfi.com\/wp-content\/uploads\/2026\/03\/LM2-320x309.png 320w\" sizes=\"(max-width: 800px) 100vw, 800px\" \/>\t\t\t\t\t\t\t\t\t\t\t\t\t\t\t<\/div>\n\t\t\t\t<\/div>\n\t\t\t\t\t<\/div>\n\t\t<\/div>\n\t\t\t\t\t<\/div>\n\t\t<\/section>\n\t\t\t\t<section class=\"elementor-section elementor-top-section elementor-element elementor-element-54d5e41c elementor-section-boxed elementor-section-height-default elementor-section-height-default\" data-id=\"54d5e41c\" data-element_type=\"section\" data-e-type=\"section\">\n\t\t\t\t\t\t<div class=\"elementor-container elementor-column-gap-default\">\n\t\t\t\t\t<div class=\"elementor-column elementor-col-100 elementor-top-column elementor-element elementor-element-25058f73\" data-id=\"25058f73\" data-element_type=\"column\" data-e-type=\"column\">\n\t\t\t<div class=\"elementor-widget-wrap elementor-element-populated\">\n\t\t\t\t\t\t<div class=\"elementor-element elementor-element-5aa85189 elementor-widget elementor-widget-image\" data-id=\"5aa85189\" data-element_type=\"widget\" data-e-type=\"widget\" data-widget_type=\"image.default\">\n\t\t\t\t<div class=\"elementor-widget-container\">\n\t\t\t\t\t\t\t\t\t\t\t\t\t\t\t<img decoding=\"async\" width=\"800\" height=\"771\" src=\"https:\/\/westendxfi.com\/wp-content\/uploads\/2026\/03\/LiM1-1024x987.png\" class=\"attachment-large size-large wp-image-108314\" alt=\"\" srcset=\"https:\/\/westendxfi.com\/wp-content\/uploads\/2026\/03\/LiM1-1024x987.png 1024w, https:\/\/westendxfi.com\/wp-content\/uploads\/2026\/03\/LiM1-scaled-800x772.png 800w, https:\/\/westendxfi.com\/wp-content\/uploads\/2026\/03\/LiM1-300x289.png 300w, https:\/\/westendxfi.com\/wp-content\/uploads\/2026\/03\/LiM1-768x741.png 768w, https:\/\/westendxfi.com\/wp-content\/uploads\/2026\/03\/LiM1-1536x1481.png 1536w, https:\/\/westendxfi.com\/wp-content\/uploads\/2026\/03\/LiM1-2048x1975.png 2048w, https:\/\/westendxfi.com\/wp-content\/uploads\/2026\/03\/LiM1-60x58.png 60w, https:\/\/westendxfi.com\/wp-content\/uploads\/2026\/03\/LiM1-320x309.png 320w\" sizes=\"(max-width: 800px) 100vw, 800px\" \/>\t\t\t\t\t\t\t\t\t\t\t\t\t\t\t<\/div>\n\t\t\t\t<\/div>\n\t\t\t\t\t<\/div>\n\t\t<\/div>\n\t\t\t\t<div class=\"elementor-column elementor-col-100 elementor-top-column elementor-element elementor-element-5461f137\" data-id=\"5461f137\" data-element_type=\"column\" data-e-type=\"column\">\n\t\t\t<div class=\"elementor-widget-wrap elementor-element-populated\">\n\t\t\t\t\t\t<div class=\"elementor-element elementor-element-49fbec52 elementor-widget elementor-widget-heading\" data-id=\"49fbec52\" data-element_type=\"widget\" data-e-type=\"widget\" data-widget_type=\"heading.default\">\n\t\t\t\t<div class=\"elementor-widget-container\">\n\t\t\t\t\t<h2 class=\"elementor-heading-title elementor-size-default\">Little Marvel k\u00e4ytt\u00f6ohjevideot\u200b<\/h2>\t\t\t\t<\/div>\n\t\t\t\t<\/div>\n\t\t\t\t<div class=\"elementor-element elementor-element-582aae20 elementor-widget elementor-widget-text-editor\" data-id=\"582aae20\" data-element_type=\"widget\" data-e-type=\"widget\" data-widget_type=\"text-editor.default\">\n\t\t\t\t<div class=\"elementor-widget-container\">\n\t\t\t\t\t\t\t\t\t<p>Kaikki mit\u00e4 tarvitset k\u00e4ytt\u00f6\u00f6nottoon ja sujuvaan k\u00e4ytt\u00f6\u00f6n<\/p>\t\t\t\t\t\t\t\t<\/div>\n\t\t\t\t<\/div>\n\t\t\t\t\t<\/div>\n\t\t<\/div>\n\t\t\t\t\t<\/div>\n\t\t<\/section>\n\t\t\t\t<section class=\"elementor-section elementor-top-section elementor-element elementor-element-7d98ef83 elementor-section-boxed elementor-section-height-default elementor-section-height-default\" data-id=\"7d98ef83\" data-element_type=\"section\" data-e-type=\"section\">\n\t\t\t\t\t\t<div class=\"elementor-container elementor-column-gap-default\">\n\t\t\t\t\t<div class=\"elementor-column elementor-col-100 elementor-top-column elementor-element elementor-element-3830881\" data-id=\"3830881\" data-element_type=\"column\" data-e-type=\"column\">\n\t\t\t<div class=\"elementor-widget-wrap elementor-element-populated\">\n\t\t\t\t\t\t<div class=\"elementor-element elementor-element-ca1fa45 elementor-widget__width-initial elementor-widget elementor-widget-video\" data-id=\"ca1fa45\" data-element_type=\"widget\" data-e-type=\"widget\" data-settings=\"{&quot;video_type&quot;:&quot;hosted&quot;,&quot;controls&quot;:&quot;yes&quot;}\" data-widget_type=\"video.default\">\n\t\t\t\t<div class=\"elementor-widget-container\">\n\t\t\t\t\t\t\t<div class=\"e-hosted-video elementor-wrapper elementor-open-inline\">\n\t\t\t\t\t<video class=\"elementor-video\" src=\"https:\/\/westendxfi.com\/wp-content\/uploads\/2025\/08\/Video3.mp4\" controls=\"\" preload=\"metadata\" controlslist=\"nodownload\"><\/video>\n\t\t\t\t<\/div>\n\t\t\t\t\t\t<\/div>\n\t\t\t\t<\/div>\n\t\t\t\t\t<\/div>\n\t\t<\/div>\n\t\t\t\t\t<\/div>\n\t\t<\/section>\n\t\t\t\t<section class=\"elementor-section elementor-top-section elementor-element elementor-element-2d0720e elementor-section-boxed elementor-section-height-default elementor-section-height-default\" data-id=\"2d0720e\" data-element_type=\"section\" data-e-type=\"section\">\n\t\t\t\t\t\t<div class=\"elementor-container elementor-column-gap-default\">\n\t\t\t\t\t<div class=\"elementor-column elementor-col-100 elementor-top-column elementor-element elementor-element-7fb924e\" data-id=\"7fb924e\" data-element_type=\"column\" data-e-type=\"column\">\n\t\t\t<div class=\"elementor-widget-wrap elementor-element-populated\">\n\t\t\t\t\t\t<div class=\"elementor-element elementor-element-bce6338 elementor-widget elementor-widget-video\" data-id=\"bce6338\" data-element_type=\"widget\" data-e-type=\"widget\" data-settings=\"{&quot;youtube_url&quot;:&quot;www.youtube.com\\\/watch?v=PwqLHGqlkFM&quot;,&quot;yt_privacy&quot;:&quot;yes&quot;,&quot;video_type&quot;:&quot;youtube&quot;,&quot;controls&quot;:&quot;yes&quot;}\" data-widget_type=\"video.default\">\n\t\t\t\t<div class=\"elementor-widget-container\">\n\t\t\t\t\t\t\t<div class=\"elementor-wrapper elementor-open-inline\">\n\t\t\t<div class=\"elementor-video\"><\/div>\t\t<\/div>\n\t\t\t\t\t\t<\/div>\n\t\t\t\t<\/div>\n\t\t\t\t\t<\/div>\n\t\t<\/div>\n\t\t\t\t\t<\/div>\n\t\t<\/section>\n\t\t\t\t<section class=\"elementor-section elementor-top-section elementor-element elementor-element-6b95a91e elementor-section-boxed elementor-section-height-default elementor-section-height-default\" data-id=\"6b95a91e\" data-element_type=\"section\" data-e-type=\"section\">\n\t\t\t\t\t\t<div class=\"elementor-container elementor-column-gap-default\">\n\t\t\t\t\t<div class=\"elementor-column elementor-col-100 elementor-top-column elementor-element elementor-element-216db9e4\" data-id=\"216db9e4\" data-element_type=\"column\" data-e-type=\"column\">\n\t\t\t<div class=\"elementor-widget-wrap\">\n\t\t\t\t\t\t\t<\/div>\n\t\t<\/div>\n\t\t\t\t\t<\/div>\n\t\t<\/section>\n\t\t\t\t<section class=\"elementor-section elementor-top-section elementor-element elementor-element-a8dc868 elementor-section-boxed elementor-section-height-default elementor-section-height-default\" data-id=\"a8dc868\" data-element_type=\"section\" data-e-type=\"section\">\n\t\t\t\t\t\t<div class=\"elementor-container elementor-column-gap-default\">\n\t\t\t\t\t<div class=\"elementor-column elementor-col-100 elementor-top-column elementor-element elementor-element-49590353\" data-id=\"49590353\" data-element_type=\"column\" data-e-type=\"column\">\n\t\t\t<div class=\"elementor-widget-wrap elementor-element-populated\">\n\t\t\t\t\t\t<div class=\"elementor-element elementor-element-342904dd elementor-widget elementor-widget-heading\" data-id=\"342904dd\" data-element_type=\"widget\" data-e-type=\"widget\" data-widget_type=\"heading.default\">\n\t\t\t\t<div class=\"elementor-widget-container\">\n\t\t\t\t\t<h2 class=\"elementor-heading-title elementor-size-default\">Etsi tuotteesi ohjeet<\/h2>\t\t\t\t<\/div>\n\t\t\t\t<\/div>\n\t\t\t\t<div class=\"elementor-element elementor-element-785d50c elementor-widget elementor-widget-button\" data-id=\"785d50c\" data-element_type=\"widget\" data-e-type=\"widget\" data-widget_type=\"button.default\">\n\t\t\t\t<div class=\"elementor-widget-container\">\n\t\t\t\t\t\t\t\t\t<div class=\"elementor-button-wrapper\">\n\t\t\t\t\t<a class=\"elementor-button elementor-button-link elementor-size-sm\" href=\"https:\/\/westendxfi.com\/sv\/shop\/\">\n\t\t\t\t\t\t<span class=\"elementor-button-content-wrapper\">\n\t\t\t\t\t\t\t\t\t<span class=\"elementor-button-text\">Siirry tuotteisiin<\/span>\n\t\t\t\t\t<\/span>\n\t\t\t\t\t<\/a>\n\t\t\t\t<\/div>\n\t\t\t\t\t\t\t\t<\/div>\n\t\t\t\t<\/div>\n\t\t\t\t\t<\/div>\n\t\t<\/div>\n\t\t\t\t\t<\/div>\n\t\t<\/section>\n\t\t\t\t<\/div>","protected":false},"excerpt":{"rendered":"<p>Westend Selke\u00e4t ohjeet ja videot tuotteidesi k\u00e4ytt\u00f6\u00f6n Little Marvel kuulokkeiden k\u00e4ytt\u00f6ohjeet PDF\ufeff Little Marvel k\u00e4ytt\u00f6ohjevideot\u200b Kaikki mit\u00e4 tarvitset k\u00e4ytt\u00f6\u00f6nottoon ja sujuvaan k\u00e4ytt\u00f6\u00f6n https:\/\/westendxfi.com\/wp-content\/uploads\/2025\/08\/Video3.mp4http:\/\/www.youtube.com\/watch?v=PwqLHGqlkFM Etsi tuotteesi ohjeet Siirry tuotteisiin<\/p>","protected":false},"author":5351,"featured_media":0,"parent":0,"menu_order":0,"comment_status":"closed","ping_status":"closed","template":"","meta":{"_acf_changed":false,"inline_featured_image":false,"_kad_blocks_custom_css":"","_kad_blocks_head_custom_js":"","_kad_blocks_body_custom_js":"","_kad_blocks_footer_custom_js":"","pgc_sgb_lightbox_settings":"","footnotes":""},"class_list":["post-103292","page","type-page","status-publish","hentry"],"acf":[],"yoast_head":"<!-- This site is optimized with the Yoast SEO plugin v27.5 - https:\/\/yoast.com\/product\/yoast-seo-wordpress\/ -->\n<title>K\u00e4ytt\u00f6ohjeet ja videot - Westend<\/title>\n<meta name=\"robots\" content=\"index, follow, max-snippet:-1, max-image-preview:large, max-video-preview:-1\" \/>\n<link rel=\"canonical\" href=\"https:\/\/westendxfi.com\/sv\/tuotteiden-kayttoohjeet\/\" \/>\n<meta property=\"og:locale\" content=\"sv_SE\" \/>\n<meta property=\"og:type\" content=\"article\" \/>\n<meta property=\"og:title\" content=\"K\u00e4ytt\u00f6ohjeet ja videot - Westend\" \/>\n<meta property=\"og:description\" content=\"Westend Selke\u00e4t ohjeet ja videot tuotteidesi k\u00e4ytt\u00f6\u00f6n Little Marvel kuulokkeiden k\u00e4ytt\u00f6ohjeet PDF\ufeff Little Marvel k\u00e4ytt\u00f6ohjevideot\u200b Kaikki mit\u00e4 tarvitset k\u00e4ytt\u00f6\u00f6nottoon ja sujuvaan k\u00e4ytt\u00f6\u00f6n https:\/\/westendxfi.com\/wp-content\/uploads\/2025\/08\/Video3.mp4http:\/\/www.youtube.com\/watch?v=PwqLHGqlkFM Etsi tuotteesi ohjeet Siirry tuotteisiin\" \/>\n<meta property=\"og:url\" content=\"https:\/\/westendxfi.com\/sv\/tuotteiden-kayttoohjeet\/\" \/>\n<meta property=\"og:site_name\" content=\"Westend\" \/>\n<meta property=\"article:modified_time\" content=\"2026-04-05T17:31:05+00:00\" \/>\n<meta property=\"og:image\" content=\"https:\/\/westendxfi.com\/wp-content\/uploads\/2026\/03\/LM2-1024x987.png\" \/>\n<meta name=\"twitter:card\" content=\"summary_large_image\" \/>\n<meta name=\"twitter:label1\" content=\"Ber\u00e4knad l\u00e4stid\" \/>\n\t<meta name=\"twitter:data1\" content=\"1 minut\" \/>\n<script type=\"application\/ld+json\" class=\"yoast-schema-graph\">{\"@context\":\"https:\\\/\\\/schema.org\",\"@graph\":[{\"@type\":\"WebPage\",\"@id\":\"https:\\\/\\\/westendxfi.com\\\/tuotteiden-kayttoohjeet\\\/\",\"url\":\"https:\\\/\\\/westendxfi.com\\\/tuotteiden-kayttoohjeet\\\/\",\"name\":\"K\u00e4ytt\u00f6ohjeet ja videot - Westend\",\"isPartOf\":{\"@id\":\"https:\\\/\\\/westendxfi.com\\\/#website\"},\"primaryImageOfPage\":{\"@id\":\"https:\\\/\\\/westendxfi.com\\\/tuotteiden-kayttoohjeet\\\/#primaryimage\"},\"image\":{\"@id\":\"https:\\\/\\\/westendxfi.com\\\/tuotteiden-kayttoohjeet\\\/#primaryimage\"},\"thumbnailUrl\":\"https:\\\/\\\/westendxfi.com\\\/wp-content\\\/uploads\\\/2026\\\/03\\\/LM2-1024x987.png\",\"datePublished\":\"2025-02-02T21:30:25+00:00\",\"dateModified\":\"2026-04-05T17:31:05+00:00\",\"breadcrumb\":{\"@id\":\"https:\\\/\\\/westendxfi.com\\\/tuotteiden-kayttoohjeet\\\/#breadcrumb\"},\"inLanguage\":\"sv-SE\",\"potentialAction\":[{\"@type\":\"ReadAction\",\"target\":[\"https:\\\/\\\/westendxfi.com\\\/tuotteiden-kayttoohjeet\\\/\"]}]},{\"@type\":\"ImageObject\",\"inLanguage\":\"sv-SE\",\"@id\":\"https:\\\/\\\/westendxfi.com\\\/tuotteiden-kayttoohjeet\\\/#primaryimage\",\"url\":\"https:\\\/\\\/westendxfi.com\\\/wp-content\\\/uploads\\\/2026\\\/03\\\/LM2-1024x987.png\",\"contentUrl\":\"https:\\\/\\\/westendxfi.com\\\/wp-content\\\/uploads\\\/2026\\\/03\\\/LM2-1024x987.png\"},{\"@type\":\"BreadcrumbList\",\"@id\":\"https:\\\/\\\/westendxfi.com\\\/tuotteiden-kayttoohjeet\\\/#breadcrumb\",\"itemListElement\":[{\"@type\":\"ListItem\",\"position\":1,\"name\":\"Home\",\"item\":\"https:\\\/\\\/westendxfi.com\\\/\"},{\"@type\":\"ListItem\",\"position\":2,\"name\":\"K\u00e4ytt\u00f6ohjeet ja videot\"}]},{\"@type\":\"WebSite\",\"@id\":\"https:\\\/\\\/westendxfi.com\\\/#website\",\"url\":\"https:\\\/\\\/westendxfi.com\\\/\",\"name\":\"WestendXFi \u2013 langattomat kuulokkeet ja kaiuttimet suomalaista \u00e4\u00e4niosaamista\",\"description\":\"Langattomat kuulokkeet\",\"publisher\":{\"@id\":\"https:\\\/\\\/westendxfi.com\\\/#organization\"},\"potentialAction\":[{\"@type\":\"SearchAction\",\"target\":{\"@type\":\"EntryPoint\",\"urlTemplate\":\"https:\\\/\\\/westendxfi.com\\\/?s={search_term_string}\"},\"query-input\":{\"@type\":\"PropertyValueSpecification\",\"valueRequired\":true,\"valueName\":\"search_term_string\"}}],\"inLanguage\":\"sv-SE\"},{\"@type\":\"Organization\",\"@id\":\"https:\\\/\\\/westendxfi.com\\\/#organization\",\"name\":\"WestendXFi \u2013 langattomat kuulokkeet ja kaiuttimet suomalaista \u00e4\u00e4niosaamista\",\"url\":\"https:\\\/\\\/westendxfi.com\\\/\",\"logo\":{\"@type\":\"ImageObject\",\"inLanguage\":\"sv-SE\",\"@id\":\"https:\\\/\\\/westendxfi.com\\\/#\\\/schema\\\/logo\\\/image\\\/\",\"url\":\"https:\\\/\\\/westendxfi.com\\\/wp-content\\\/uploads\\\/2024\\\/08\\\/westendxfi-logo.png?wsr\",\"contentUrl\":\"https:\\\/\\\/westendxfi.com\\\/wp-content\\\/uploads\\\/2024\\\/08\\\/westendxfi-logo.png?wsr\",\"width\":1201,\"height\":140,\"caption\":\"WestendXFi \u2013 langattomat kuulokkeet ja kaiuttimet suomalaista \u00e4\u00e4niosaamista\"},\"image\":{\"@id\":\"https:\\\/\\\/westendxfi.com\\\/#\\\/schema\\\/logo\\\/image\\\/\"}}]}<\/script>\n<!-- \/ Yoast SEO plugin. -->","yoast_head_json":{"title":"K\u00e4ytt\u00f6ohjeet ja videot - Westend","robots":{"index":"index","follow":"follow","max-snippet":"max-snippet:-1","max-image-preview":"max-image-preview:large","max-video-preview":"max-video-preview:-1"},"canonical":"https:\/\/westendxfi.com\/sv\/tuotteiden-kayttoohjeet\/","og_locale":"sv_SE","og_type":"article","og_title":"K\u00e4ytt\u00f6ohjeet ja videot - Westend","og_description":"Westend Selke\u00e4t ohjeet ja videot tuotteidesi k\u00e4ytt\u00f6\u00f6n Little Marvel kuulokkeiden k\u00e4ytt\u00f6ohjeet PDF\ufeff Little Marvel k\u00e4ytt\u00f6ohjevideot\u200b Kaikki mit\u00e4 tarvitset k\u00e4ytt\u00f6\u00f6nottoon ja sujuvaan k\u00e4ytt\u00f6\u00f6n https:\/\/westendxfi.com\/wp-content\/uploads\/2025\/08\/Video3.mp4http:\/\/www.youtube.com\/watch?v=PwqLHGqlkFM Etsi tuotteesi ohjeet Siirry tuotteisiin","og_url":"https:\/\/westendxfi.com\/sv\/tuotteiden-kayttoohjeet\/","og_site_name":"Westend","article_modified_time":"2026-04-05T17:31:05+00:00","og_image":[{"url":"https:\/\/westendxfi.com\/wp-content\/uploads\/2026\/03\/LM2-1024x987.png","type":"","width":"","height":""}],"twitter_card":"summary_large_image","twitter_misc":{"Ber\u00e4knad l\u00e4stid":"1 minut"},"schema":{"@context":"https:\/\/schema.org","@graph":[{"@type":"WebPage","@id":"https:\/\/westendxfi.com\/tuotteiden-kayttoohjeet\/","url":"https:\/\/westendxfi.com\/tuotteiden-kayttoohjeet\/","name":"K\u00e4ytt\u00f6ohjeet ja videot - Westend","isPartOf":{"@id":"https:\/\/westendxfi.com\/#website"},"primaryImageOfPage":{"@id":"https:\/\/westendxfi.com\/tuotteiden-kayttoohjeet\/#primaryimage"},"image":{"@id":"https:\/\/westendxfi.com\/tuotteiden-kayttoohjeet\/#primaryimage"},"thumbnailUrl":"https:\/\/westendxfi.com\/wp-content\/uploads\/2026\/03\/LM2-1024x987.png","datePublished":"2025-02-02T21:30:25+00:00","dateModified":"2026-04-05T17:31:05+00:00","breadcrumb":{"@id":"https:\/\/westendxfi.com\/tuotteiden-kayttoohjeet\/#breadcrumb"},"inLanguage":"sv-SE","potentialAction":[{"@type":"ReadAction","target":["https:\/\/westendxfi.com\/tuotteiden-kayttoohjeet\/"]}]},{"@type":"ImageObject","inLanguage":"sv-SE","@id":"https:\/\/westendxfi.com\/tuotteiden-kayttoohjeet\/#primaryimage","url":"https:\/\/westendxfi.com\/wp-content\/uploads\/2026\/03\/LM2-1024x987.png","contentUrl":"https:\/\/westendxfi.com\/wp-content\/uploads\/2026\/03\/LM2-1024x987.png"},{"@type":"BreadcrumbList","@id":"https:\/\/westendxfi.com\/tuotteiden-kayttoohjeet\/#breadcrumb","itemListElement":[{"@type":"ListItem","position":1,"name":"Home","item":"https:\/\/westendxfi.com\/"},{"@type":"ListItem","position":2,"name":"K\u00e4ytt\u00f6ohjeet ja videot"}]},{"@type":"WebSite","@id":"https:\/\/westendxfi.com\/#website","url":"https:\/\/westendxfi.com\/","name":"WestendXFi \u2013 langattomat kuulokkeet ja kaiuttimet suomalaista \u00e4\u00e4niosaamista","description":"Langattomat kuulokkeet","publisher":{"@id":"https:\/\/westendxfi.com\/#organization"},"potentialAction":[{"@type":"SearchAction","target":{"@type":"EntryPoint","urlTemplate":"https:\/\/westendxfi.com\/?s={search_term_string}"},"query-input":{"@type":"PropertyValueSpecification","valueRequired":true,"valueName":"search_term_string"}}],"inLanguage":"sv-SE"},{"@type":"Organization","@id":"https:\/\/westendxfi.com\/#organization","name":"WestendXFi \u2013 langattomat kuulokkeet ja kaiuttimet suomalaista \u00e4\u00e4niosaamista","url":"https:\/\/westendxfi.com\/","logo":{"@type":"ImageObject","inLanguage":"sv-SE","@id":"https:\/\/westendxfi.com\/#\/schema\/logo\/image\/","url":"https:\/\/westendxfi.com\/wp-content\/uploads\/2024\/08\/westendxfi-logo.png?wsr","contentUrl":"https:\/\/westendxfi.com\/wp-content\/uploads\/2024\/08\/westendxfi-logo.png?wsr","width":1201,"height":140,"caption":"WestendXFi \u2013 langattomat kuulokkeet ja kaiuttimet suomalaista \u00e4\u00e4niosaamista"},"image":{"@id":"https:\/\/westendxfi.com\/#\/schema\/logo\/image\/"}}]}},"taxonomy_info":[],"featured_image_src_large":false,"author_info":{"display_name":"irene","author_link":"https:\/\/westendxfi.com\/sv\/author\/irene\/"},"comment_info":0,"_links":{"self":[{"href":"https:\/\/westendxfi.com\/sv\/wp-json\/wp\/v2\/pages\/103292","targetHints":{"allow":["GET"]}}],"collection":[{"href":"https:\/\/westendxfi.com\/sv\/wp-json\/wp\/v2\/pages"}],"about":[{"href":"https:\/\/westendxfi.com\/sv\/wp-json\/wp\/v2\/types\/page"}],"author":[{"embeddable":true,"href":"https:\/\/westendxfi.com\/sv\/wp-json\/wp\/v2\/users\/5351"}],"replies":[{"embeddable":true,"href":"https:\/\/westendxfi.com\/sv\/wp-json\/wp\/v2\/comments?post=103292"}],"version-history":[{"count":54,"href":"https:\/\/westendxfi.com\/sv\/wp-json\/wp\/v2\/pages\/103292\/revisions"}],"predecessor-version":[{"id":109401,"href":"https:\/\/westendxfi.com\/sv\/wp-json\/wp\/v2\/pages\/103292\/revisions\/109401"}],"wp:attachment":[{"href":"https:\/\/westendxfi.com\/sv\/wp-json\/wp\/v2\/media?parent=103292"}],"curies":[{"name":"wp","href":"https:\/\/api.w.org\/{rel}","templated":true}]}}