{"id":102712,"date":"2024-12-30T07:26:37","date_gmt":"2024-12-30T05:26:37","guid":{"rendered":"https:\/\/westendxfi.com\/?post_type=product&#038;p=102712"},"modified":"2026-04-15T21:04:55","modified_gmt":"2026-04-15T18:04:55","slug":"westendxfi-unbelievable","status":"publish","type":"product","link":"https:\/\/westendxfi.com\/sv\/produkt\/westendxfi-unbelievable\/","title":{"rendered":"Langaton stereoj\u00e4rjestelm\u00e4 \u2013 tehokas \u00e4\u00e4ni kotiin ja juhliin | Westend Unbelievable"},"content":{"rendered":"<p><strong>OMINAISUUDET:<\/strong><\/p>\n<ul>\n<li>Alkuper\u00e4inen &amp; uniikki WestendXFi-teknologia<\/li>\n<li>Suunniteltu ja tehty Suomessa<\/li>\n<li>Alumiinirakenne<\/li>\n<li>T\u00e4ysin korjattavissa<\/li>\n<li>Uskomaton \u00e4\u00e4nenlaatu<\/li>\n<li>Ilmainen toimitus (katso ehdot)<\/li>\n<li>V\u00e4rit: Alumiinin harmaa<\/li>\n<\/ul>\n<div class=\"elementor-element elementor-element-558c093b elementor-widget elementor-widget-heading\" data-id=\"558c093b\" data-element_type=\"widget\" data-widget_type=\"heading.default\">\n<div class=\"elementor-widget-container\">\n<h3 class=\"elementor-heading-title elementor-size-default\">Suunniteltu musiikin kuunteluun<\/h3>\n<\/div>\n<\/div>\n<div class=\"elementor-element elementor-element-42f1a08 elementor-widget elementor-widget-text-editor\" data-id=\"42f1a08\" data-element_type=\"widget\" data-widget_type=\"text-editor.default\">\n<div class=\"elementor-widget-container\">\n<p>Ensimm\u00e4inen tuotteemme WestendXFi Unbelievable, on saatu aikaan k\u00e4ytt\u00e4en samoja periaatteita kuin mit\u00e4 on jo vuosisatojen ajan on k\u00e4ytetty soitinten tuotekehittelyss\u00e4: Korvakuuntelulla yritysten ja erehdysten kautta,<br \/>\njohdonmukaisella p\u00e4\u00e4ttelyll\u00e4 ja periksiantamattomuudella. Tarkoituksenamme oli tehd\u00e4 tuote, joka toistaisi oikeilla soittimilla soitetun ja lauletun musiinkin niin kauniisti kuin mahdollista. Kuten soitintenkin suunnittelussa, lopullinen \u00e4\u00e4nikokemus syntyy \u00e4\u00e4nil\u00e4hteen ja kuuntelutilan yhteisvaikutuksesta. Westend 3D Sound Imaging, on teknologia, joka tuo realistisen tilantunteen, \u00e4\u00e4nen tarkkuuden ja l\u00e4sn\u00e4olon tasolle, jota on vaikea uskoa todeksi. Kuuntelukokemuksena mielest\u00e4mme parempi kuin pelkk\u00e4 stereo. Nimesimme sen XFi:ksi (Extreme Fidelity).<\/p>\n<\/div>\n<\/div>","protected":false},"excerpt":{"rendered":"<p>Seitsem\u00e4n vuoden kehitysty\u00f6n j\u00e4lkeen onnistuimme tekem\u00e4\u00e4n tuotteen, joka asettaa uudet rajat pienikokoiselle \u00e4\u00e4nentoistolle. WestendXFi Unbelievable ei ole vain pienikokoinen bluetooth-soitin, vaan kannettava stereoj\u00e4rjestelm\u00e4, jonka \u00e4\u00e4nt\u00e4 ei voi uskoa todeksi. \u201cSiis t\u00e4ytyy sanoa, ett\u00e4 m\u00e4 olen todella h\u00e4mm\u00e4stynyt..Miten toi voi soida noin hyvin?\u201d<\/p>","protected":false},"featured_media":103149,"comment_status":"open","ping_status":"closed","template":"","meta":{"_acf_changed":false,"inline_featured_image":false,"_kad_blocks_custom_css":"","_kad_blocks_head_custom_js":"","_kad_blocks_body_custom_js":"","_kad_blocks_footer_custom_js":"","pgc_sgb_lightbox_settings":""},"product_brand":[225],"product_cat":[166],"product_tag":[183],"class_list":{"0":"post-102712","1":"product","2":"type-product","3":"status-publish","4":"has-post-thumbnail","6":"product_brand-westendxfi","7":"product_cat-langattomat-kaiuttimet","8":"product_tag-the-unbelievable-stereo-system-xfi","9":"product_shipping_class-paketti","11":"first","12":"instock","13":"taxable","14":"shipping-taxable","15":"purchasable","16":"product-type-simple"},"acf":[],"yoast_head":"<!-- This site is optimized with the Yoast SEO plugin v27.5 - https:\/\/yoast.com\/product\/yoast-seo-wordpress\/ -->\n<title>Langaton stereoj\u00e4rjestelm\u00e4 \u2013 tehokas \u00e4\u00e4ni kotiin ja juhliin | Westend Unbelievable - Westend<\/title>\n<meta name=\"description\" content=\"Seitsem\u00e4n vuoden kehitysty\u00f6n j\u00e4lkeen onnistuimme tekem\u00e4\u00e4n tuotteen, joka asettaa uudet rajat pienikokoiselle \u00e4\u00e4nentoistolle. WestendXFi Unbelievable ei ole vain pienikokoinen bluetooth-soitin, vaan kannettava stereoj\u00e4rjestelm\u00e4, jonka \u00e4\u00e4nt\u00e4 ei voi uskoa todeksi.\" \/>\n<meta name=\"robots\" content=\"index, follow, max-snippet:-1, max-image-preview:large, max-video-preview:-1\" \/>\n<link rel=\"canonical\" href=\"https:\/\/westendxfi.com\/sv\/produkt\/westendxfi-unbelievable\/\" \/>\n<meta property=\"og:locale\" content=\"sv_SE\" \/>\n<meta property=\"og:type\" content=\"article\" \/>\n<meta property=\"og:title\" content=\"Langaton stereoj\u00e4rjestelm\u00e4 \u2013 tehokas \u00e4\u00e4ni kotiin ja juhliin | Westend Unbelievable - Westend\" \/>\n<meta property=\"og:description\" content=\"Seitsem\u00e4n vuoden kehitysty\u00f6n j\u00e4lkeen onnistuimme tekem\u00e4\u00e4n tuotteen, joka asettaa uudet rajat pienikokoiselle \u00e4\u00e4nentoistolle. WestendXFi Unbelievable ei ole vain pienikokoinen bluetooth-soitin, vaan kannettava stereoj\u00e4rjestelm\u00e4, jonka \u00e4\u00e4nt\u00e4 ei voi uskoa todeksi.\" \/>\n<meta property=\"og:url\" content=\"https:\/\/westendxfi.com\/sv\/produkt\/westendxfi-unbelievable\/\" \/>\n<meta property=\"og:site_name\" content=\"Westend\" \/>\n<meta property=\"article:modified_time\" content=\"2026-04-15T18:04:55+00:00\" \/>\n<meta property=\"og:image\" content=\"https:\/\/westendxfi.com\/wp-content\/uploads\/2024\/12\/harmaa-valkotaustalla.png?wsr\" \/>\n\t<meta property=\"og:image:width\" content=\"1290\" \/>\n\t<meta property=\"og:image:height\" content=\"862\" \/>\n\t<meta property=\"og:image:type\" content=\"image\/png\" \/>\n<meta name=\"twitter:card\" content=\"summary_large_image\" \/>\n<meta name=\"twitter:label1\" content=\"Ber\u00e4knad l\u00e4stid\" \/>\n\t<meta name=\"twitter:data1\" content=\"1 minut\" \/>\n<script type=\"application\/ld+json\" class=\"yoast-schema-graph\">{\"@context\":\"https:\\\/\\\/schema.org\",\"@graph\":[{\"@type\":\"WebPage\",\"@id\":\"https:\\\/\\\/westendxfi.com\\\/tuote\\\/westendxfi-unbelievable\\\/\",\"url\":\"https:\\\/\\\/westendxfi.com\\\/tuote\\\/westendxfi-unbelievable\\\/\",\"name\":\"Langaton stereoj\u00e4rjestelm\u00e4 \u2013 tehokas \u00e4\u00e4ni kotiin ja juhliin | Westend Unbelievable - Westend\",\"isPartOf\":{\"@id\":\"https:\\\/\\\/westendxfi.com\\\/#website\"},\"primaryImageOfPage\":{\"@id\":\"https:\\\/\\\/westendxfi.com\\\/tuote\\\/westendxfi-unbelievable\\\/#primaryimage\"},\"image\":{\"@id\":\"https:\\\/\\\/westendxfi.com\\\/tuote\\\/westendxfi-unbelievable\\\/#primaryimage\"},\"thumbnailUrl\":\"https:\\\/\\\/westendxfi.com\\\/wp-content\\\/uploads\\\/2024\\\/12\\\/harmaa-valkotaustalla.png?wsr\",\"datePublished\":\"2024-12-30T05:26:37+00:00\",\"dateModified\":\"2026-04-15T18:04:55+00:00\",\"description\":\"Seitsem\u00e4n vuoden kehitysty\u00f6n j\u00e4lkeen onnistuimme tekem\u00e4\u00e4n tuotteen, joka asettaa uudet rajat pienikokoiselle \u00e4\u00e4nentoistolle. WestendXFi Unbelievable ei ole vain pienikokoinen bluetooth-soitin, vaan kannettava stereoj\u00e4rjestelm\u00e4, jonka \u00e4\u00e4nt\u00e4 ei voi uskoa todeksi.\",\"breadcrumb\":{\"@id\":\"https:\\\/\\\/westendxfi.com\\\/tuote\\\/westendxfi-unbelievable\\\/#breadcrumb\"},\"inLanguage\":\"sv-SE\",\"potentialAction\":[{\"@type\":\"ReadAction\",\"target\":[\"https:\\\/\\\/westendxfi.com\\\/tuote\\\/westendxfi-unbelievable\\\/\"]}]},{\"@type\":\"ImageObject\",\"inLanguage\":\"sv-SE\",\"@id\":\"https:\\\/\\\/westendxfi.com\\\/tuote\\\/westendxfi-unbelievable\\\/#primaryimage\",\"url\":\"https:\\\/\\\/westendxfi.com\\\/wp-content\\\/uploads\\\/2024\\\/12\\\/harmaa-valkotaustalla.png?wsr\",\"contentUrl\":\"https:\\\/\\\/westendxfi.com\\\/wp-content\\\/uploads\\\/2024\\\/12\\\/harmaa-valkotaustalla.png?wsr\",\"width\":1290,\"height\":862},{\"@type\":\"BreadcrumbList\",\"@id\":\"https:\\\/\\\/westendxfi.com\\\/tuote\\\/westendxfi-unbelievable\\\/#breadcrumb\",\"itemListElement\":[{\"@type\":\"ListItem\",\"position\":1,\"name\":\"Home\",\"item\":\"https:\\\/\\\/westendxfi.com\\\/\"},{\"@type\":\"ListItem\",\"position\":2,\"name\":\"Tuotteet\",\"item\":\"https:\\\/\\\/westendxfi.com\\\/kauppa\\\/\"},{\"@type\":\"ListItem\",\"position\":3,\"name\":\"Langaton stereoj\u00e4rjestelm\u00e4 \u2013 tehokas \u00e4\u00e4ni kotiin ja juhliin | Westend Unbelievable\"}]},{\"@type\":\"WebSite\",\"@id\":\"https:\\\/\\\/westendxfi.com\\\/#website\",\"url\":\"https:\\\/\\\/westendxfi.com\\\/\",\"name\":\"WestendXFi \u2013 langattomat kuulokkeet ja kaiuttimet suomalaista \u00e4\u00e4niosaamista\",\"description\":\"Langattomat kuulokkeet\",\"publisher\":{\"@id\":\"https:\\\/\\\/westendxfi.com\\\/#organization\"},\"potentialAction\":[{\"@type\":\"SearchAction\",\"target\":{\"@type\":\"EntryPoint\",\"urlTemplate\":\"https:\\\/\\\/westendxfi.com\\\/?s={search_term_string}\"},\"query-input\":{\"@type\":\"PropertyValueSpecification\",\"valueRequired\":true,\"valueName\":\"search_term_string\"}}],\"inLanguage\":\"sv-SE\"},{\"@type\":\"Organization\",\"@id\":\"https:\\\/\\\/westendxfi.com\\\/#organization\",\"name\":\"WestendXFi \u2013 langattomat kuulokkeet ja kaiuttimet suomalaista \u00e4\u00e4niosaamista\",\"url\":\"https:\\\/\\\/westendxfi.com\\\/\",\"logo\":{\"@type\":\"ImageObject\",\"inLanguage\":\"sv-SE\",\"@id\":\"https:\\\/\\\/westendxfi.com\\\/#\\\/schema\\\/logo\\\/image\\\/\",\"url\":\"https:\\\/\\\/westendxfi.com\\\/wp-content\\\/uploads\\\/2024\\\/08\\\/westendxfi-logo.png?wsr\",\"contentUrl\":\"https:\\\/\\\/westendxfi.com\\\/wp-content\\\/uploads\\\/2024\\\/08\\\/westendxfi-logo.png?wsr\",\"width\":1201,\"height\":140,\"caption\":\"WestendXFi \u2013 langattomat kuulokkeet ja kaiuttimet suomalaista \u00e4\u00e4niosaamista\"},\"image\":{\"@id\":\"https:\\\/\\\/westendxfi.com\\\/#\\\/schema\\\/logo\\\/image\\\/\"}}]}<\/script>\n<!-- \/ Yoast SEO plugin. -->","yoast_head_json":{"title":"Langaton stereoj\u00e4rjestelm\u00e4 \u2013 tehokas \u00e4\u00e4ni kotiin ja juhliin | Westend Unbelievable - Westend","description":"Seitsem\u00e4n vuoden kehitysty\u00f6n j\u00e4lkeen onnistuimme tekem\u00e4\u00e4n tuotteen, joka asettaa uudet rajat pienikokoiselle \u00e4\u00e4nentoistolle. WestendXFi Unbelievable ei ole vain pienikokoinen bluetooth-soitin, vaan kannettava stereoj\u00e4rjestelm\u00e4, jonka \u00e4\u00e4nt\u00e4 ei voi uskoa todeksi.","robots":{"index":"index","follow":"follow","max-snippet":"max-snippet:-1","max-image-preview":"max-image-preview:large","max-video-preview":"max-video-preview:-1"},"canonical":"https:\/\/westendxfi.com\/sv\/produkt\/westendxfi-unbelievable\/","og_locale":"sv_SE","og_type":"article","og_title":"Langaton stereoj\u00e4rjestelm\u00e4 \u2013 tehokas \u00e4\u00e4ni kotiin ja juhliin | Westend Unbelievable - Westend","og_description":"Seitsem\u00e4n vuoden kehitysty\u00f6n j\u00e4lkeen onnistuimme tekem\u00e4\u00e4n tuotteen, joka asettaa uudet rajat pienikokoiselle \u00e4\u00e4nentoistolle. WestendXFi Unbelievable ei ole vain pienikokoinen bluetooth-soitin, vaan kannettava stereoj\u00e4rjestelm\u00e4, jonka \u00e4\u00e4nt\u00e4 ei voi uskoa todeksi.","og_url":"https:\/\/westendxfi.com\/sv\/produkt\/westendxfi-unbelievable\/","og_site_name":"Westend","article_modified_time":"2026-04-15T18:04:55+00:00","og_image":[{"width":1290,"height":862,"url":"https:\/\/westendxfi.com\/wp-content\/uploads\/2024\/12\/harmaa-valkotaustalla.png?wsr","type":"image\/png"}],"twitter_card":"summary_large_image","twitter_misc":{"Ber\u00e4knad l\u00e4stid":"1 minut"},"schema":{"@context":"https:\/\/schema.org","@graph":[{"@type":"WebPage","@id":"https:\/\/westendxfi.com\/tuote\/westendxfi-unbelievable\/","url":"https:\/\/westendxfi.com\/tuote\/westendxfi-unbelievable\/","name":"Langaton stereoj\u00e4rjestelm\u00e4 \u2013 tehokas \u00e4\u00e4ni kotiin ja juhliin | Westend Unbelievable - Westend","isPartOf":{"@id":"https:\/\/westendxfi.com\/#website"},"primaryImageOfPage":{"@id":"https:\/\/westendxfi.com\/tuote\/westendxfi-unbelievable\/#primaryimage"},"image":{"@id":"https:\/\/westendxfi.com\/tuote\/westendxfi-unbelievable\/#primaryimage"},"thumbnailUrl":"https:\/\/westendxfi.com\/wp-content\/uploads\/2024\/12\/harmaa-valkotaustalla.png?wsr","datePublished":"2024-12-30T05:26:37+00:00","dateModified":"2026-04-15T18:04:55+00:00","description":"Seitsem\u00e4n vuoden kehitysty\u00f6n j\u00e4lkeen onnistuimme tekem\u00e4\u00e4n tuotteen, joka asettaa uudet rajat pienikokoiselle \u00e4\u00e4nentoistolle. WestendXFi Unbelievable ei ole vain pienikokoinen bluetooth-soitin, vaan kannettava stereoj\u00e4rjestelm\u00e4, jonka \u00e4\u00e4nt\u00e4 ei voi uskoa todeksi.","breadcrumb":{"@id":"https:\/\/westendxfi.com\/tuote\/westendxfi-unbelievable\/#breadcrumb"},"inLanguage":"sv-SE","potentialAction":[{"@type":"ReadAction","target":["https:\/\/westendxfi.com\/tuote\/westendxfi-unbelievable\/"]}]},{"@type":"ImageObject","inLanguage":"sv-SE","@id":"https:\/\/westendxfi.com\/tuote\/westendxfi-unbelievable\/#primaryimage","url":"https:\/\/westendxfi.com\/wp-content\/uploads\/2024\/12\/harmaa-valkotaustalla.png?wsr","contentUrl":"https:\/\/westendxfi.com\/wp-content\/uploads\/2024\/12\/harmaa-valkotaustalla.png?wsr","width":1290,"height":862},{"@type":"BreadcrumbList","@id":"https:\/\/westendxfi.com\/tuote\/westendxfi-unbelievable\/#breadcrumb","itemListElement":[{"@type":"ListItem","position":1,"name":"Home","item":"https:\/\/westendxfi.com\/"},{"@type":"ListItem","position":2,"name":"Tuotteet","item":"https:\/\/westendxfi.com\/kauppa\/"},{"@type":"ListItem","position":3,"name":"Langaton stereoj\u00e4rjestelm\u00e4 \u2013 tehokas \u00e4\u00e4ni kotiin ja juhliin | Westend Unbelievable"}]},{"@type":"WebSite","@id":"https:\/\/westendxfi.com\/#website","url":"https:\/\/westendxfi.com\/","name":"WestendXFi \u2013 langattomat kuulokkeet ja kaiuttimet suomalaista \u00e4\u00e4niosaamista","description":"Langattomat kuulokkeet","publisher":{"@id":"https:\/\/westendxfi.com\/#organization"},"potentialAction":[{"@type":"SearchAction","target":{"@type":"EntryPoint","urlTemplate":"https:\/\/westendxfi.com\/?s={search_term_string}"},"query-input":{"@type":"PropertyValueSpecification","valueRequired":true,"valueName":"search_term_string"}}],"inLanguage":"sv-SE"},{"@type":"Organization","@id":"https:\/\/westendxfi.com\/#organization","name":"WestendXFi \u2013 langattomat kuulokkeet ja kaiuttimet suomalaista \u00e4\u00e4niosaamista","url":"https:\/\/westendxfi.com\/","logo":{"@type":"ImageObject","inLanguage":"sv-SE","@id":"https:\/\/westendxfi.com\/#\/schema\/logo\/image\/","url":"https:\/\/westendxfi.com\/wp-content\/uploads\/2024\/08\/westendxfi-logo.png?wsr","contentUrl":"https:\/\/westendxfi.com\/wp-content\/uploads\/2024\/08\/westendxfi-logo.png?wsr","width":1201,"height":140,"caption":"WestendXFi \u2013 langattomat kuulokkeet ja kaiuttimet suomalaista \u00e4\u00e4niosaamista"},"image":{"@id":"https:\/\/westendxfi.com\/#\/schema\/logo\/image\/"}}]}},"taxonomy_info":{"product_brand":[{"value":225,"label":"WestendXFi"}],"product_cat":[{"value":166,"label":"Langattomat kaiuttimet"}],"product_tag":[{"value":183,"label":"The Unbelievable Stereo System (XFi)"}]},"featured_image_src_large":["https:\/\/westendxfi.com\/wp-content\/uploads\/2024\/12\/harmaa-valkotaustalla-1024x684.png?wsr",800,534,true],"author_info":[],"comment_info":0,"_links":{"self":[{"href":"https:\/\/westendxfi.com\/sv\/wp-json\/wp\/v2\/product\/102712","targetHints":{"allow":["GET"]}}],"collection":[{"href":"https:\/\/westendxfi.com\/sv\/wp-json\/wp\/v2\/product"}],"about":[{"href":"https:\/\/westendxfi.com\/sv\/wp-json\/wp\/v2\/types\/product"}],"replies":[{"embeddable":true,"href":"https:\/\/westendxfi.com\/sv\/wp-json\/wp\/v2\/comments?post=102712"}],"version-history":[{"count":3,"href":"https:\/\/westendxfi.com\/sv\/wp-json\/wp\/v2\/product\/102712\/revisions"}],"predecessor-version":[{"id":108200,"href":"https:\/\/westendxfi.com\/sv\/wp-json\/wp\/v2\/product\/102712\/revisions\/108200"}],"wp:featuredmedia":[{"embeddable":true,"href":"https:\/\/westendxfi.com\/sv\/wp-json\/wp\/v2\/media\/103149"}],"wp:attachment":[{"href":"https:\/\/westendxfi.com\/sv\/wp-json\/wp\/v2\/media?parent=102712"}],"wp:term":[{"taxonomy":"product_brand","embeddable":true,"href":"https:\/\/westendxfi.com\/sv\/wp-json\/wp\/v2\/product_brand?post=102712"},{"taxonomy":"product_cat","embeddable":true,"href":"https:\/\/westendxfi.com\/sv\/wp-json\/wp\/v2\/product_cat?post=102712"},{"taxonomy":"product_tag","embeddable":true,"href":"https:\/\/westendxfi.com\/sv\/wp-json\/wp\/v2\/product_tag?post=102712"}],"curies":[{"name":"wp","href":"https:\/\/api.w.org\/{rel}","templated":true}]}}