{"id":102713,"date":"2024-12-30T07:32:56","date_gmt":"2024-12-30T05:32:56","guid":{"rendered":"https:\/\/westendxfi.com\/?post_type=product&#038;p=102713"},"modified":"2026-04-15T21:04:35","modified_gmt":"2026-04-15T18:04:35","slug":"westendxfi-concertmaster-nappikuulokkeet","status":"publish","type":"product","link":"https:\/\/westendxfi.com\/sv\/produkt\/westendxfi-concertmaster-nappikuulokkeet\/","title":{"rendered":"Concertmaster nappikuulokkeet (XFi)"},"content":{"rendered":"<p>Kuulokkeiden mukana toimitetaan erikokoisia silikonip\u00e4it\u00e4 niin, ett\u00e4 jokainen l\u00f6yt\u00e4\u00e4 korvaansa sopivan koon. Silikonip\u00e4\u00e4t vaikuttavat voimakkaasti \u00e4\u00e4nikokemukseen, joten on t\u00e4rke\u00e4\u00e4, ett\u00e4 ne ovat juuri oikean kokoiset.<\/p>\n<p>Latausrasia on kierr\u00e4tetty\u00e4 alumiinia ja sen akku riitt\u00e4\u00e4 lataamaan kuulokkeet noin 5 kertaa. Itse kuulokkeilla voi kuunnella musiikkia noin 6-7 tuntia \u00e4\u00e4nenvoimakkuudesta riippuen.<\/p>\n<p>Niin, ja tietenkin kuulokkeissa on mikrofonit puheluja varten. Kumpaakin kuuloketta voi k\u00e4ytt\u00e4\u00e4 my\u00f6s yksin\u00e4\u00e4n puheluihin ja musiikin kuunteluun. Kuuloke kytkeytyy silloin monotilaan.<\/p>\n<p>Olemme rajoittaneet kuulokkeiden hipaisutoimintoja koska musiikin kuuntelussa on t\u00e4rke\u00e4\u00e4 pit\u00e4\u00e4 kuulokkeet juuri oikeassa asennossa korvassa. Mielest\u00e4mme on raivostuttavaa, jos joka kosketuksella kappaleet vaihtuvat, musiikin voimakkuus muuttuu jne.<\/p>\n<p><strong>Ominaisuudet<\/strong><\/p>\n<p>Bluetooth-versio: V5.2<br \/>\nTuetut koodekit: HFP. HSP. AVRCP. A2DP. AptX. AAC<br \/>\n\u00c4\u00e4niviestin kieli: englanti<br \/>\nYhteensopivuus: iOS ja Android, PC jne<br \/>\nAkun kapasiteetti (kuulokkeet): 40mAHx 2<br \/>\nAkun kapasiteetti (latauskotelo): 360mAH<br \/>\nToistoaika: 6 ~ 7 tuntia<br \/>\nLatauskertojen m\u00e4\u00e4r\u00e4: 5<br \/>\nKaiutinelementit: 6,1 mm kalvo<br \/>\nBluetooth-yhteyden kantama: 25m<br \/>\nImpedanssi: 16Q \u00b1 15%<br \/>\nHerkkyys: 95dB \u00b1 3dB<br \/>\nTaajuusvaste: 20Hz \u2013 20KHz<br \/>\nVedenpit\u00e4vyys: IPX6<\/p>","protected":false},"excerpt":{"rendered":"<p>WestendXFi Concertmaster kuulokkeiden suunnitteluun kului yhteens\u00e4 kolme vuotta. Tarkoituksenamme oli kehitt\u00e4\u00e4 kuulokkeet, jotka t\u00e4ytt\u00e4isiv\u00e4t WestendXFi (Extreme Fidelity) laatuvaatimukset niin \u00e4\u00e4nen laadultaan kuin v\u00e4rilt\u00e4\u00e4n. Runko on saatu aikaan 3D tulostuksen ja epoksin yhdistelm\u00e4n\u00e4. Rakenne on kova ja tuo sit\u00e4 kautta kuulokkeille hyv\u00e4n akustisen pohjan. Elektroniikka perustuu korkealaatuisiin osiin ja bluetooth 5.2 tekniikkaan. \u00c4\u00e4niasetukset ovat WestendXFi DSP. Sointi on tarkka ja erotteleva.<\/p>","protected":false},"featured_media":103157,"comment_status":"open","ping_status":"closed","template":"","meta":{"_acf_changed":false,"inline_featured_image":false,"_kad_blocks_custom_css":"","_kad_blocks_head_custom_js":"","_kad_blocks_body_custom_js":"","_kad_blocks_footer_custom_js":"","pgc_sgb_lightbox_settings":""},"product_brand":[225],"product_cat":[167],"product_tag":[184],"class_list":{"0":"post-102713","1":"product","2":"type-product","3":"status-publish","4":"has-post-thumbnail","6":"product_brand-westendxfi","7":"product_cat-nappikuulokkeet","8":"product_tag-concertmaster-nappikuulokkeet-xfi","9":"product_shipping_class-kirje","11":"first","12":"outofstock","13":"taxable","14":"shipping-taxable","15":"purchasable","16":"product-type-simple"},"acf":[],"yoast_head":"<!-- This site is optimized with the Yoast SEO plugin v27.5 - https:\/\/yoast.com\/product\/yoast-seo-wordpress\/ -->\n<title>Concertmaster nappikuulokkeet (XFi) - Westend<\/title>\n<meta name=\"description\" content=\"WestendXFi Concertmaster kuulokkeiden suunnitteluun kului yhteens\u00e4 kolme vuotta. Tarkoituksenamme oli kehitt\u00e4\u00e4 kuulokkeet, jotka t\u00e4ytt\u00e4isiv\u00e4t WestendXFi (Extreme Fidelity) laatuvaatimukset niin \u00e4\u00e4nen laadultaan kuin v\u00e4rilt\u00e4\u00e4n.\" \/>\n<meta name=\"robots\" content=\"index, follow, max-snippet:-1, max-image-preview:large, max-video-preview:-1\" \/>\n<link rel=\"canonical\" href=\"https:\/\/westendxfi.com\/sv\/produkt\/westendxfi-concertmaster-nappikuulokkeet\/\" \/>\n<meta property=\"og:locale\" content=\"sv_SE\" \/>\n<meta property=\"og:type\" content=\"article\" \/>\n<meta property=\"og:title\" content=\"Concertmaster nappikuulokkeet (XFi) - Westend\" \/>\n<meta property=\"og:description\" content=\"WestendXFi Concertmaster kuulokkeiden suunnitteluun kului yhteens\u00e4 kolme vuotta. Tarkoituksenamme oli kehitt\u00e4\u00e4 kuulokkeet, jotka t\u00e4ytt\u00e4isiv\u00e4t WestendXFi (Extreme Fidelity) laatuvaatimukset niin \u00e4\u00e4nen laadultaan kuin v\u00e4rilt\u00e4\u00e4n.\" \/>\n<meta property=\"og:url\" content=\"https:\/\/westendxfi.com\/sv\/produkt\/westendxfi-concertmaster-nappikuulokkeet\/\" \/>\n<meta property=\"og:site_name\" content=\"Westend\" \/>\n<meta property=\"article:modified_time\" content=\"2026-04-15T18:04:35+00:00\" \/>\n<meta property=\"og:image\" content=\"https:\/\/westendxfi.com\/wp-content\/uploads\/2024\/12\/Westend_concertmaster_hero_mobiili.png?wsr\" \/>\n\t<meta property=\"og:image:width\" content=\"804\" \/>\n\t<meta property=\"og:image:height\" content=\"1049\" \/>\n\t<meta property=\"og:image:type\" content=\"image\/png\" \/>\n<meta name=\"twitter:card\" content=\"summary_large_image\" \/>\n<meta name=\"twitter:label1\" content=\"Ber\u00e4knad l\u00e4stid\" \/>\n\t<meta name=\"twitter:data1\" content=\"2 minuter\" \/>\n<script type=\"application\/ld+json\" class=\"yoast-schema-graph\">{\"@context\":\"https:\\\/\\\/schema.org\",\"@graph\":[{\"@type\":\"WebPage\",\"@id\":\"https:\\\/\\\/westendxfi.com\\\/tuote\\\/westendxfi-concertmaster-nappikuulokkeet\\\/\",\"url\":\"https:\\\/\\\/westendxfi.com\\\/tuote\\\/westendxfi-concertmaster-nappikuulokkeet\\\/\",\"name\":\"Concertmaster nappikuulokkeet (XFi) - Westend\",\"isPartOf\":{\"@id\":\"https:\\\/\\\/westendxfi.com\\\/#website\"},\"primaryImageOfPage\":{\"@id\":\"https:\\\/\\\/westendxfi.com\\\/tuote\\\/westendxfi-concertmaster-nappikuulokkeet\\\/#primaryimage\"},\"image\":{\"@id\":\"https:\\\/\\\/westendxfi.com\\\/tuote\\\/westendxfi-concertmaster-nappikuulokkeet\\\/#primaryimage\"},\"thumbnailUrl\":\"https:\\\/\\\/westendxfi.com\\\/wp-content\\\/uploads\\\/2024\\\/12\\\/Westend_concertmaster_hero_mobiili.png?wsr\",\"datePublished\":\"2024-12-30T05:32:56+00:00\",\"dateModified\":\"2026-04-15T18:04:35+00:00\",\"description\":\"WestendXFi Concertmaster kuulokkeiden suunnitteluun kului yhteens\u00e4 kolme vuotta. Tarkoituksenamme oli kehitt\u00e4\u00e4 kuulokkeet, jotka t\u00e4ytt\u00e4isiv\u00e4t WestendXFi (Extreme Fidelity) laatuvaatimukset niin \u00e4\u00e4nen laadultaan kuin v\u00e4rilt\u00e4\u00e4n.\",\"breadcrumb\":{\"@id\":\"https:\\\/\\\/westendxfi.com\\\/tuote\\\/westendxfi-concertmaster-nappikuulokkeet\\\/#breadcrumb\"},\"inLanguage\":\"sv-SE\",\"potentialAction\":[{\"@type\":\"ReadAction\",\"target\":[\"https:\\\/\\\/westendxfi.com\\\/tuote\\\/westendxfi-concertmaster-nappikuulokkeet\\\/\"]}]},{\"@type\":\"ImageObject\",\"inLanguage\":\"sv-SE\",\"@id\":\"https:\\\/\\\/westendxfi.com\\\/tuote\\\/westendxfi-concertmaster-nappikuulokkeet\\\/#primaryimage\",\"url\":\"https:\\\/\\\/westendxfi.com\\\/wp-content\\\/uploads\\\/2024\\\/12\\\/Westend_concertmaster_hero_mobiili.png?wsr\",\"contentUrl\":\"https:\\\/\\\/westendxfi.com\\\/wp-content\\\/uploads\\\/2024\\\/12\\\/Westend_concertmaster_hero_mobiili.png?wsr\",\"width\":804,\"height\":1049},{\"@type\":\"BreadcrumbList\",\"@id\":\"https:\\\/\\\/westendxfi.com\\\/tuote\\\/westendxfi-concertmaster-nappikuulokkeet\\\/#breadcrumb\",\"itemListElement\":[{\"@type\":\"ListItem\",\"position\":1,\"name\":\"Home\",\"item\":\"https:\\\/\\\/westendxfi.com\\\/\"},{\"@type\":\"ListItem\",\"position\":2,\"name\":\"Tuotteet\",\"item\":\"https:\\\/\\\/westendxfi.com\\\/kauppa\\\/\"},{\"@type\":\"ListItem\",\"position\":3,\"name\":\"Concertmaster nappikuulokkeet (XFi)\"}]},{\"@type\":\"WebSite\",\"@id\":\"https:\\\/\\\/westendxfi.com\\\/#website\",\"url\":\"https:\\\/\\\/westendxfi.com\\\/\",\"name\":\"WestendXFi \u2013 langattomat kuulokkeet ja kaiuttimet suomalaista \u00e4\u00e4niosaamista\",\"description\":\"Langattomat kuulokkeet\",\"publisher\":{\"@id\":\"https:\\\/\\\/westendxfi.com\\\/#organization\"},\"potentialAction\":[{\"@type\":\"SearchAction\",\"target\":{\"@type\":\"EntryPoint\",\"urlTemplate\":\"https:\\\/\\\/westendxfi.com\\\/?s={search_term_string}\"},\"query-input\":{\"@type\":\"PropertyValueSpecification\",\"valueRequired\":true,\"valueName\":\"search_term_string\"}}],\"inLanguage\":\"sv-SE\"},{\"@type\":\"Organization\",\"@id\":\"https:\\\/\\\/westendxfi.com\\\/#organization\",\"name\":\"WestendXFi \u2013 langattomat kuulokkeet ja kaiuttimet suomalaista \u00e4\u00e4niosaamista\",\"url\":\"https:\\\/\\\/westendxfi.com\\\/\",\"logo\":{\"@type\":\"ImageObject\",\"inLanguage\":\"sv-SE\",\"@id\":\"https:\\\/\\\/westendxfi.com\\\/#\\\/schema\\\/logo\\\/image\\\/\",\"url\":\"https:\\\/\\\/westendxfi.com\\\/wp-content\\\/uploads\\\/2024\\\/08\\\/westendxfi-logo.png?wsr\",\"contentUrl\":\"https:\\\/\\\/westendxfi.com\\\/wp-content\\\/uploads\\\/2024\\\/08\\\/westendxfi-logo.png?wsr\",\"width\":1201,\"height\":140,\"caption\":\"WestendXFi \u2013 langattomat kuulokkeet ja kaiuttimet suomalaista \u00e4\u00e4niosaamista\"},\"image\":{\"@id\":\"https:\\\/\\\/westendxfi.com\\\/#\\\/schema\\\/logo\\\/image\\\/\"}}]}<\/script>\n<!-- \/ Yoast SEO plugin. -->","yoast_head_json":{"title":"Concertmaster nappikuulokkeet (XFi) - Westend","description":"WestendXFi Concertmaster kuulokkeiden suunnitteluun kului yhteens\u00e4 kolme vuotta. Tarkoituksenamme oli kehitt\u00e4\u00e4 kuulokkeet, jotka t\u00e4ytt\u00e4isiv\u00e4t WestendXFi (Extreme Fidelity) laatuvaatimukset niin \u00e4\u00e4nen laadultaan kuin v\u00e4rilt\u00e4\u00e4n.","robots":{"index":"index","follow":"follow","max-snippet":"max-snippet:-1","max-image-preview":"max-image-preview:large","max-video-preview":"max-video-preview:-1"},"canonical":"https:\/\/westendxfi.com\/sv\/produkt\/westendxfi-concertmaster-nappikuulokkeet\/","og_locale":"sv_SE","og_type":"article","og_title":"Concertmaster nappikuulokkeet (XFi) - Westend","og_description":"WestendXFi Concertmaster kuulokkeiden suunnitteluun kului yhteens\u00e4 kolme vuotta. Tarkoituksenamme oli kehitt\u00e4\u00e4 kuulokkeet, jotka t\u00e4ytt\u00e4isiv\u00e4t WestendXFi (Extreme Fidelity) laatuvaatimukset niin \u00e4\u00e4nen laadultaan kuin v\u00e4rilt\u00e4\u00e4n.","og_url":"https:\/\/westendxfi.com\/sv\/produkt\/westendxfi-concertmaster-nappikuulokkeet\/","og_site_name":"Westend","article_modified_time":"2026-04-15T18:04:35+00:00","og_image":[{"width":804,"height":1049,"url":"https:\/\/westendxfi.com\/wp-content\/uploads\/2024\/12\/Westend_concertmaster_hero_mobiili.png?wsr","type":"image\/png"}],"twitter_card":"summary_large_image","twitter_misc":{"Ber\u00e4knad l\u00e4stid":"2 minuter"},"schema":{"@context":"https:\/\/schema.org","@graph":[{"@type":"WebPage","@id":"https:\/\/westendxfi.com\/tuote\/westendxfi-concertmaster-nappikuulokkeet\/","url":"https:\/\/westendxfi.com\/tuote\/westendxfi-concertmaster-nappikuulokkeet\/","name":"Concertmaster nappikuulokkeet (XFi) - Westend","isPartOf":{"@id":"https:\/\/westendxfi.com\/#website"},"primaryImageOfPage":{"@id":"https:\/\/westendxfi.com\/tuote\/westendxfi-concertmaster-nappikuulokkeet\/#primaryimage"},"image":{"@id":"https:\/\/westendxfi.com\/tuote\/westendxfi-concertmaster-nappikuulokkeet\/#primaryimage"},"thumbnailUrl":"https:\/\/westendxfi.com\/wp-content\/uploads\/2024\/12\/Westend_concertmaster_hero_mobiili.png?wsr","datePublished":"2024-12-30T05:32:56+00:00","dateModified":"2026-04-15T18:04:35+00:00","description":"WestendXFi Concertmaster kuulokkeiden suunnitteluun kului yhteens\u00e4 kolme vuotta. Tarkoituksenamme oli kehitt\u00e4\u00e4 kuulokkeet, jotka t\u00e4ytt\u00e4isiv\u00e4t WestendXFi (Extreme Fidelity) laatuvaatimukset niin \u00e4\u00e4nen laadultaan kuin v\u00e4rilt\u00e4\u00e4n.","breadcrumb":{"@id":"https:\/\/westendxfi.com\/tuote\/westendxfi-concertmaster-nappikuulokkeet\/#breadcrumb"},"inLanguage":"sv-SE","potentialAction":[{"@type":"ReadAction","target":["https:\/\/westendxfi.com\/tuote\/westendxfi-concertmaster-nappikuulokkeet\/"]}]},{"@type":"ImageObject","inLanguage":"sv-SE","@id":"https:\/\/westendxfi.com\/tuote\/westendxfi-concertmaster-nappikuulokkeet\/#primaryimage","url":"https:\/\/westendxfi.com\/wp-content\/uploads\/2024\/12\/Westend_concertmaster_hero_mobiili.png?wsr","contentUrl":"https:\/\/westendxfi.com\/wp-content\/uploads\/2024\/12\/Westend_concertmaster_hero_mobiili.png?wsr","width":804,"height":1049},{"@type":"BreadcrumbList","@id":"https:\/\/westendxfi.com\/tuote\/westendxfi-concertmaster-nappikuulokkeet\/#breadcrumb","itemListElement":[{"@type":"ListItem","position":1,"name":"Home","item":"https:\/\/westendxfi.com\/"},{"@type":"ListItem","position":2,"name":"Tuotteet","item":"https:\/\/westendxfi.com\/kauppa\/"},{"@type":"ListItem","position":3,"name":"Concertmaster nappikuulokkeet (XFi)"}]},{"@type":"WebSite","@id":"https:\/\/westendxfi.com\/#website","url":"https:\/\/westendxfi.com\/","name":"WestendXFi \u2013 langattomat kuulokkeet ja kaiuttimet suomalaista \u00e4\u00e4niosaamista","description":"Langattomat kuulokkeet","publisher":{"@id":"https:\/\/westendxfi.com\/#organization"},"potentialAction":[{"@type":"SearchAction","target":{"@type":"EntryPoint","urlTemplate":"https:\/\/westendxfi.com\/?s={search_term_string}"},"query-input":{"@type":"PropertyValueSpecification","valueRequired":true,"valueName":"search_term_string"}}],"inLanguage":"sv-SE"},{"@type":"Organization","@id":"https:\/\/westendxfi.com\/#organization","name":"WestendXFi \u2013 langattomat kuulokkeet ja kaiuttimet suomalaista \u00e4\u00e4niosaamista","url":"https:\/\/westendxfi.com\/","logo":{"@type":"ImageObject","inLanguage":"sv-SE","@id":"https:\/\/westendxfi.com\/#\/schema\/logo\/image\/","url":"https:\/\/westendxfi.com\/wp-content\/uploads\/2024\/08\/westendxfi-logo.png?wsr","contentUrl":"https:\/\/westendxfi.com\/wp-content\/uploads\/2024\/08\/westendxfi-logo.png?wsr","width":1201,"height":140,"caption":"WestendXFi \u2013 langattomat kuulokkeet ja kaiuttimet suomalaista \u00e4\u00e4niosaamista"},"image":{"@id":"https:\/\/westendxfi.com\/#\/schema\/logo\/image\/"}}]}},"taxonomy_info":{"product_brand":[{"value":225,"label":"WestendXFi"}],"product_cat":[{"value":167,"label":"Nappikuulokkeet"}],"product_tag":[{"value":184,"label":"Concertmaster nappikuulokkeet (XFi)"}]},"featured_image_src_large":["https:\/\/westendxfi.com\/wp-content\/uploads\/2024\/12\/Westend_concertmaster_hero_mobiili-785x1024.png?wsr",785,1024,true],"author_info":[],"comment_info":0,"_links":{"self":[{"href":"https:\/\/westendxfi.com\/sv\/wp-json\/wp\/v2\/product\/102713","targetHints":{"allow":["GET"]}}],"collection":[{"href":"https:\/\/westendxfi.com\/sv\/wp-json\/wp\/v2\/product"}],"about":[{"href":"https:\/\/westendxfi.com\/sv\/wp-json\/wp\/v2\/types\/product"}],"replies":[{"embeddable":true,"href":"https:\/\/westendxfi.com\/sv\/wp-json\/wp\/v2\/comments?post=102713"}],"version-history":[{"count":2,"href":"https:\/\/westendxfi.com\/sv\/wp-json\/wp\/v2\/product\/102713\/revisions"}],"predecessor-version":[{"id":104834,"href":"https:\/\/westendxfi.com\/sv\/wp-json\/wp\/v2\/product\/102713\/revisions\/104834"}],"wp:featuredmedia":[{"embeddable":true,"href":"https:\/\/westendxfi.com\/sv\/wp-json\/wp\/v2\/media\/103157"}],"wp:attachment":[{"href":"https:\/\/westendxfi.com\/sv\/wp-json\/wp\/v2\/media?parent=102713"}],"wp:term":[{"taxonomy":"product_brand","embeddable":true,"href":"https:\/\/westendxfi.com\/sv\/wp-json\/wp\/v2\/product_brand?post=102713"},{"taxonomy":"product_cat","embeddable":true,"href":"https:\/\/westendxfi.com\/sv\/wp-json\/wp\/v2\/product_cat?post=102713"},{"taxonomy":"product_tag","embeddable":true,"href":"https:\/\/westendxfi.com\/sv\/wp-json\/wp\/v2\/product_tag?post=102713"}],"curies":[{"name":"wp","href":"https:\/\/api.w.org\/{rel}","templated":true}]}}