{"id":103658,"date":"2025-02-26T16:41:58","date_gmt":"2025-02-26T14:41:58","guid":{"rendered":"https:\/\/westendxfi.com\/?post_type=product&#038;p=103658"},"modified":"2026-04-15T21:04:27","modified_gmt":"2026-04-15T18:04:27","slug":"westend-basic-g100-eps","status":"publish","type":"product","link":"https:\/\/westendxfi.com\/sv\/produkt\/westend-basic-g100-eps\/","title":{"rendered":"Westend Basic G100 EPS"},"content":{"rendered":"<p>Westend G100 on uusimmalla Bluetooth 5.2 -tekniikalla toimiva true wireless (TWS) \u2013 kuuloke. Kuulokkeissa on passiivinen CVC-kohinanvaimennus, mink\u00e4 ansiosta puhelu\u00e4\u00e4ni on erinomainen. 13mm kalvoelementti tarjoaa suorituskyvyn joka tilanteeseen. Huippuluokan mikrofonit. T\u00e4ydelliset hipaisutoiminnot kuulokkeiden sangoissa. Bluetooth BT5.2-tekniikka takaa pitk\u00e4n kantaman. Kuuntele musiikkia tai puhu yht\u00e4jaksoisesti 5-6 tuntia. Kuljetusrasian pikalatauksella kuulokkeet voi ladata t\u00e4yteen 4-5 kertaa. Kuulokkeet muodostavat yhteyden automaattisesti ja tekniikka tukee my\u00f6s kummankin kuulokkeen k\u00e4ytt\u00f6\u00e4 yksin\u00e4\u00e4n. T\u00e4ll\u00f6in yhteys muuttuu stereosta monoksi ja \u00e4\u00e4ni my\u00f6s paranee. \u00c4\u00e4nimaailma on suunniteltu mahdollisimman neutraaliksi, mutta edistyksellisen tekniikan ansioista kuulokkeet tottelevat hyvin puhelimien \u00e4\u00e4nens\u00e4\u00e4t\u00f6j\u00e4. Erinomainen kuuloke puheluihin ja muuhun mediak\u00e4ytt\u00f6\u00f6n.<\/p>\n<p><strong>NOUTO EPS SHOPISTA<\/strong><\/p>","protected":false},"excerpt":{"rendered":"<p>Westend G100 on uusimmalla Bluetooth 5.2 -tekniikalla toimiva true wireless (TWS) \u2013 kuuloke. Kuulokkeissa on passiivinen CVC-kohinanvaimennus, mink\u00e4 ansiosta puhelu\u00e4\u00e4ni on erinomainen. 13mm kalvoelementti tarjoaa suorituskyvyn joka tilanteeseen. Huippuluokan mikrofonit. T\u00e4ydelliset hipaisutoiminnot kuulokkeiden sangoissa. Bluetooth BT5.2-tekniikka takaa pitk\u00e4n kantaman. Kuuntele musiikkia tai puhu yht\u00e4jaksoisesti 5-6 tuntia. Kuljetusrasian pikalatauksella kuulokkeet voi ladata t\u00e4yteen 4-5 kertaa. Kuulokkeet muodostavat yhteyden automaattisesti ja tekniikka tukee my\u00f6s kummankin kuulokkeen k\u00e4ytt\u00f6\u00e4 yksin\u00e4\u00e4n. T\u00e4ll\u00f6in yhteys muuttuu stereosta monoksi ja \u00e4\u00e4ni my\u00f6s paranee. \u00c4\u00e4nimaailma on suunniteltu mahdollisimman neutraaliksi, mutta edistyksellisen tekniikan ansioista kuulokkeet tottelevat hyvin puhelimien \u00e4\u00e4nens\u00e4\u00e4t\u00f6j\u00e4. Erinomainen kuuloke puheluihin ja muuhun mediak\u00e4ytt\u00f6\u00f6n.<\/p>\n<p><strong>NOUTO EPS SHOPISTA<\/strong><\/p>","protected":false},"featured_media":103662,"comment_status":"open","ping_status":"closed","template":"","meta":{"_acf_changed":false,"inline_featured_image":false,"_kad_blocks_custom_css":"","_kad_blocks_head_custom_js":"","_kad_blocks_body_custom_js":"","_kad_blocks_footer_custom_js":"","pgc_sgb_lightbox_settings":""},"product_brand":[225],"product_cat":[15],"product_tag":[186],"class_list":{"0":"post-103658","1":"product","2":"type-product","3":"status-publish","4":"has-post-thumbnail","6":"product_brand-westendxfi","7":"product_cat-yleinen","8":"product_tag-westend-basic-g100-eps","9":"product_shipping_class-kirje","11":"first","12":"instock","13":"taxable","14":"shipping-taxable","15":"purchasable","16":"product-type-simple"},"acf":[],"yoast_head":"<!-- This site is optimized with the Yoast SEO plugin v27.5 - https:\/\/yoast.com\/product\/yoast-seo-wordpress\/ -->\n<title>Westend Basic G100 EPS - Westend<\/title>\n<meta name=\"robots\" content=\"index, follow, max-snippet:-1, max-image-preview:large, max-video-preview:-1\" \/>\n<link rel=\"canonical\" href=\"https:\/\/westendxfi.com\/sv\/produkt\/westend-basic-g100-eps\/\" \/>\n<meta property=\"og:locale\" content=\"sv_SE\" \/>\n<meta property=\"og:type\" content=\"article\" \/>\n<meta property=\"og:title\" content=\"Westend Basic G100 EPS - Westend\" \/>\n<meta property=\"og:description\" content=\"Westend G100 on uusimmalla Bluetooth 5.2 -tekniikalla toimiva true wireless (TWS) \u2013 kuuloke. Kuulokkeissa on passiivinen CVC-kohinanvaimennus, mink\u00e4 ansiosta puhelu\u00e4\u00e4ni on erinomainen. 13mm kalvoelementti tarjoaa suorituskyvyn joka tilanteeseen. Huippuluokan mikrofonit. T\u00e4ydelliset hipaisutoiminnot kuulokkeiden sangoissa. Bluetooth BT5.2-tekniikka takaa pitk\u00e4n kantaman. Kuuntele musiikkia tai puhu yht\u00e4jaksoisesti 5-6 tuntia. Kuljetusrasian pikalatauksella kuulokkeet voi ladata t\u00e4yteen 4-5 kertaa. Kuulokkeet muodostavat yhteyden automaattisesti ja tekniikka tukee my\u00f6s kummankin kuulokkeen k\u00e4ytt\u00f6\u00e4 yksin\u00e4\u00e4n. T\u00e4ll\u00f6in yhteys muuttuu stereosta monoksi ja \u00e4\u00e4ni my\u00f6s paranee. \u00c4\u00e4nimaailma on suunniteltu mahdollisimman neutraaliksi, mutta edistyksellisen tekniikan ansioista kuulokkeet tottelevat hyvin puhelimien \u00e4\u00e4nens\u00e4\u00e4t\u00f6j\u00e4. Erinomainen kuuloke puheluihin ja muuhun mediak\u00e4ytt\u00f6\u00f6n.  NOUTO EPS SHOPISTA\" \/>\n<meta property=\"og:url\" content=\"https:\/\/westendxfi.com\/sv\/produkt\/westend-basic-g100-eps\/\" \/>\n<meta property=\"og:site_name\" content=\"Westend\" \/>\n<meta property=\"article:modified_time\" content=\"2026-04-15T18:04:27+00:00\" \/>\n<meta property=\"og:image\" content=\"https:\/\/westendxfi.com\/wp-content\/uploads\/2025\/02\/Eps-kuulokkeet-rotated-1.jpeg?wsr\" \/>\n\t<meta property=\"og:image:width\" content=\"288\" \/>\n\t<meta property=\"og:image:height\" content=\"640\" \/>\n\t<meta property=\"og:image:type\" content=\"image\/jpeg\" \/>\n<meta name=\"twitter:card\" content=\"summary_large_image\" \/>\n<meta name=\"twitter:label1\" content=\"Ber\u00e4knad l\u00e4stid\" \/>\n\t<meta name=\"twitter:data1\" content=\"1 minut\" \/>\n<script type=\"application\/ld+json\" class=\"yoast-schema-graph\">{\"@context\":\"https:\\\/\\\/schema.org\",\"@graph\":[{\"@type\":\"WebPage\",\"@id\":\"https:\\\/\\\/westendxfi.com\\\/tuote\\\/westend-basic-g100-eps\\\/\",\"url\":\"https:\\\/\\\/westendxfi.com\\\/tuote\\\/westend-basic-g100-eps\\\/\",\"name\":\"Westend Basic G100 EPS - Westend\",\"isPartOf\":{\"@id\":\"https:\\\/\\\/westendxfi.com\\\/#website\"},\"primaryImageOfPage\":{\"@id\":\"https:\\\/\\\/westendxfi.com\\\/tuote\\\/westend-basic-g100-eps\\\/#primaryimage\"},\"image\":{\"@id\":\"https:\\\/\\\/westendxfi.com\\\/tuote\\\/westend-basic-g100-eps\\\/#primaryimage\"},\"thumbnailUrl\":\"https:\\\/\\\/westendxfi.com\\\/wp-content\\\/uploads\\\/2025\\\/02\\\/Eps-kuulokkeet-rotated-1.jpeg?wsr\",\"datePublished\":\"2025-02-26T14:41:58+00:00\",\"dateModified\":\"2026-04-15T18:04:27+00:00\",\"breadcrumb\":{\"@id\":\"https:\\\/\\\/westendxfi.com\\\/tuote\\\/westend-basic-g100-eps\\\/#breadcrumb\"},\"inLanguage\":\"sv-SE\",\"potentialAction\":[{\"@type\":\"ReadAction\",\"target\":[\"https:\\\/\\\/westendxfi.com\\\/tuote\\\/westend-basic-g100-eps\\\/\"]}]},{\"@type\":\"ImageObject\",\"inLanguage\":\"sv-SE\",\"@id\":\"https:\\\/\\\/westendxfi.com\\\/tuote\\\/westend-basic-g100-eps\\\/#primaryimage\",\"url\":\"https:\\\/\\\/westendxfi.com\\\/wp-content\\\/uploads\\\/2025\\\/02\\\/Eps-kuulokkeet-rotated-1.jpeg?wsr\",\"contentUrl\":\"https:\\\/\\\/westendxfi.com\\\/wp-content\\\/uploads\\\/2025\\\/02\\\/Eps-kuulokkeet-rotated-1.jpeg?wsr\",\"width\":288,\"height\":640},{\"@type\":\"BreadcrumbList\",\"@id\":\"https:\\\/\\\/westendxfi.com\\\/tuote\\\/westend-basic-g100-eps\\\/#breadcrumb\",\"itemListElement\":[{\"@type\":\"ListItem\",\"position\":1,\"name\":\"Home\",\"item\":\"https:\\\/\\\/westendxfi.com\\\/\"},{\"@type\":\"ListItem\",\"position\":2,\"name\":\"Tuotteet\",\"item\":\"https:\\\/\\\/westendxfi.com\\\/kauppa\\\/\"},{\"@type\":\"ListItem\",\"position\":3,\"name\":\"Westend Basic G100 EPS\"}]},{\"@type\":\"WebSite\",\"@id\":\"https:\\\/\\\/westendxfi.com\\\/#website\",\"url\":\"https:\\\/\\\/westendxfi.com\\\/\",\"name\":\"WestendXFi \u2013 langattomat kuulokkeet ja kaiuttimet suomalaista \u00e4\u00e4niosaamista\",\"description\":\"Langattomat kuulokkeet\",\"publisher\":{\"@id\":\"https:\\\/\\\/westendxfi.com\\\/#organization\"},\"potentialAction\":[{\"@type\":\"SearchAction\",\"target\":{\"@type\":\"EntryPoint\",\"urlTemplate\":\"https:\\\/\\\/westendxfi.com\\\/?s={search_term_string}\"},\"query-input\":{\"@type\":\"PropertyValueSpecification\",\"valueRequired\":true,\"valueName\":\"search_term_string\"}}],\"inLanguage\":\"sv-SE\"},{\"@type\":\"Organization\",\"@id\":\"https:\\\/\\\/westendxfi.com\\\/#organization\",\"name\":\"WestendXFi \u2013 langattomat kuulokkeet ja kaiuttimet suomalaista \u00e4\u00e4niosaamista\",\"url\":\"https:\\\/\\\/westendxfi.com\\\/\",\"logo\":{\"@type\":\"ImageObject\",\"inLanguage\":\"sv-SE\",\"@id\":\"https:\\\/\\\/westendxfi.com\\\/#\\\/schema\\\/logo\\\/image\\\/\",\"url\":\"https:\\\/\\\/westendxfi.com\\\/wp-content\\\/uploads\\\/2024\\\/08\\\/westendxfi-logo.png?wsr\",\"contentUrl\":\"https:\\\/\\\/westendxfi.com\\\/wp-content\\\/uploads\\\/2024\\\/08\\\/westendxfi-logo.png?wsr\",\"width\":1201,\"height\":140,\"caption\":\"WestendXFi \u2013 langattomat kuulokkeet ja kaiuttimet suomalaista \u00e4\u00e4niosaamista\"},\"image\":{\"@id\":\"https:\\\/\\\/westendxfi.com\\\/#\\\/schema\\\/logo\\\/image\\\/\"}}]}<\/script>\n<!-- \/ Yoast SEO plugin. -->","yoast_head_json":{"title":"Westend Basic G100 EPS - Westend","robots":{"index":"index","follow":"follow","max-snippet":"max-snippet:-1","max-image-preview":"max-image-preview:large","max-video-preview":"max-video-preview:-1"},"canonical":"https:\/\/westendxfi.com\/sv\/produkt\/westend-basic-g100-eps\/","og_locale":"sv_SE","og_type":"article","og_title":"Westend Basic G100 EPS - Westend","og_description":"Westend G100 on uusimmalla Bluetooth 5.2 -tekniikalla toimiva true wireless (TWS) \u2013 kuuloke. Kuulokkeissa on passiivinen CVC-kohinanvaimennus, mink\u00e4 ansiosta puhelu\u00e4\u00e4ni on erinomainen. 13mm kalvoelementti tarjoaa suorituskyvyn joka tilanteeseen. Huippuluokan mikrofonit. T\u00e4ydelliset hipaisutoiminnot kuulokkeiden sangoissa. Bluetooth BT5.2-tekniikka takaa pitk\u00e4n kantaman. Kuuntele musiikkia tai puhu yht\u00e4jaksoisesti 5-6 tuntia. Kuljetusrasian pikalatauksella kuulokkeet voi ladata t\u00e4yteen 4-5 kertaa. Kuulokkeet muodostavat yhteyden automaattisesti ja tekniikka tukee my\u00f6s kummankin kuulokkeen k\u00e4ytt\u00f6\u00e4 yksin\u00e4\u00e4n. T\u00e4ll\u00f6in yhteys muuttuu stereosta monoksi ja \u00e4\u00e4ni my\u00f6s paranee. \u00c4\u00e4nimaailma on suunniteltu mahdollisimman neutraaliksi, mutta edistyksellisen tekniikan ansioista kuulokkeet tottelevat hyvin puhelimien \u00e4\u00e4nens\u00e4\u00e4t\u00f6j\u00e4. Erinomainen kuuloke puheluihin ja muuhun mediak\u00e4ytt\u00f6\u00f6n.  NOUTO EPS SHOPISTA","og_url":"https:\/\/westendxfi.com\/sv\/produkt\/westend-basic-g100-eps\/","og_site_name":"Westend","article_modified_time":"2026-04-15T18:04:27+00:00","og_image":[{"width":288,"height":640,"url":"https:\/\/westendxfi.com\/wp-content\/uploads\/2025\/02\/Eps-kuulokkeet-rotated-1.jpeg?wsr","type":"image\/jpeg"}],"twitter_card":"summary_large_image","twitter_misc":{"Ber\u00e4knad l\u00e4stid":"1 minut"},"schema":{"@context":"https:\/\/schema.org","@graph":[{"@type":"WebPage","@id":"https:\/\/westendxfi.com\/tuote\/westend-basic-g100-eps\/","url":"https:\/\/westendxfi.com\/tuote\/westend-basic-g100-eps\/","name":"Westend Basic G100 EPS - Westend","isPartOf":{"@id":"https:\/\/westendxfi.com\/#website"},"primaryImageOfPage":{"@id":"https:\/\/westendxfi.com\/tuote\/westend-basic-g100-eps\/#primaryimage"},"image":{"@id":"https:\/\/westendxfi.com\/tuote\/westend-basic-g100-eps\/#primaryimage"},"thumbnailUrl":"https:\/\/westendxfi.com\/wp-content\/uploads\/2025\/02\/Eps-kuulokkeet-rotated-1.jpeg?wsr","datePublished":"2025-02-26T14:41:58+00:00","dateModified":"2026-04-15T18:04:27+00:00","breadcrumb":{"@id":"https:\/\/westendxfi.com\/tuote\/westend-basic-g100-eps\/#breadcrumb"},"inLanguage":"sv-SE","potentialAction":[{"@type":"ReadAction","target":["https:\/\/westendxfi.com\/tuote\/westend-basic-g100-eps\/"]}]},{"@type":"ImageObject","inLanguage":"sv-SE","@id":"https:\/\/westendxfi.com\/tuote\/westend-basic-g100-eps\/#primaryimage","url":"https:\/\/westendxfi.com\/wp-content\/uploads\/2025\/02\/Eps-kuulokkeet-rotated-1.jpeg?wsr","contentUrl":"https:\/\/westendxfi.com\/wp-content\/uploads\/2025\/02\/Eps-kuulokkeet-rotated-1.jpeg?wsr","width":288,"height":640},{"@type":"BreadcrumbList","@id":"https:\/\/westendxfi.com\/tuote\/westend-basic-g100-eps\/#breadcrumb","itemListElement":[{"@type":"ListItem","position":1,"name":"Home","item":"https:\/\/westendxfi.com\/"},{"@type":"ListItem","position":2,"name":"Tuotteet","item":"https:\/\/westendxfi.com\/kauppa\/"},{"@type":"ListItem","position":3,"name":"Westend Basic G100 EPS"}]},{"@type":"WebSite","@id":"https:\/\/westendxfi.com\/#website","url":"https:\/\/westendxfi.com\/","name":"WestendXFi \u2013 langattomat kuulokkeet ja kaiuttimet suomalaista \u00e4\u00e4niosaamista","description":"Langattomat kuulokkeet","publisher":{"@id":"https:\/\/westendxfi.com\/#organization"},"potentialAction":[{"@type":"SearchAction","target":{"@type":"EntryPoint","urlTemplate":"https:\/\/westendxfi.com\/?s={search_term_string}"},"query-input":{"@type":"PropertyValueSpecification","valueRequired":true,"valueName":"search_term_string"}}],"inLanguage":"sv-SE"},{"@type":"Organization","@id":"https:\/\/westendxfi.com\/#organization","name":"WestendXFi \u2013 langattomat kuulokkeet ja kaiuttimet suomalaista \u00e4\u00e4niosaamista","url":"https:\/\/westendxfi.com\/","logo":{"@type":"ImageObject","inLanguage":"sv-SE","@id":"https:\/\/westendxfi.com\/#\/schema\/logo\/image\/","url":"https:\/\/westendxfi.com\/wp-content\/uploads\/2024\/08\/westendxfi-logo.png?wsr","contentUrl":"https:\/\/westendxfi.com\/wp-content\/uploads\/2024\/08\/westendxfi-logo.png?wsr","width":1201,"height":140,"caption":"WestendXFi \u2013 langattomat kuulokkeet ja kaiuttimet suomalaista \u00e4\u00e4niosaamista"},"image":{"@id":"https:\/\/westendxfi.com\/#\/schema\/logo\/image\/"}}]}},"taxonomy_info":{"product_brand":[{"value":225,"label":"WestendXFi"}],"product_cat":[{"value":15,"label":"Yleinen"}],"product_tag":[{"value":186,"label":"Westend Basic G100 EPS"}]},"featured_image_src_large":["https:\/\/westendxfi.com\/wp-content\/uploads\/2025\/02\/Eps-kuulokkeet-rotated-1.jpeg?wsr",288,640,false],"author_info":[],"comment_info":0,"_links":{"self":[{"href":"https:\/\/westendxfi.com\/sv\/wp-json\/wp\/v2\/product\/103658","targetHints":{"allow":["GET"]}}],"collection":[{"href":"https:\/\/westendxfi.com\/sv\/wp-json\/wp\/v2\/product"}],"about":[{"href":"https:\/\/westendxfi.com\/sv\/wp-json\/wp\/v2\/types\/product"}],"replies":[{"embeddable":true,"href":"https:\/\/westendxfi.com\/sv\/wp-json\/wp\/v2\/comments?post=103658"}],"version-history":[{"count":2,"href":"https:\/\/westendxfi.com\/sv\/wp-json\/wp\/v2\/product\/103658\/revisions"}],"predecessor-version":[{"id":104850,"href":"https:\/\/westendxfi.com\/sv\/wp-json\/wp\/v2\/product\/103658\/revisions\/104850"}],"wp:featuredmedia":[{"embeddable":true,"href":"https:\/\/westendxfi.com\/sv\/wp-json\/wp\/v2\/media\/103662"}],"wp:attachment":[{"href":"https:\/\/westendxfi.com\/sv\/wp-json\/wp\/v2\/media?parent=103658"}],"wp:term":[{"taxonomy":"product_brand","embeddable":true,"href":"https:\/\/westendxfi.com\/sv\/wp-json\/wp\/v2\/product_brand?post=103658"},{"taxonomy":"product_cat","embeddable":true,"href":"https:\/\/westendxfi.com\/sv\/wp-json\/wp\/v2\/product_cat?post=103658"},{"taxonomy":"product_tag","embeddable":true,"href":"https:\/\/westendxfi.com\/sv\/wp-json\/wp\/v2\/product_tag?post=103658"}],"curies":[{"name":"wp","href":"https:\/\/api.w.org\/{rel}","templated":true}]}}