{"id":105511,"date":"2025-09-30T15:12:06","date_gmt":"2025-09-30T12:12:06","guid":{"rendered":"https:\/\/westendxfi.com\/?post_type=product&#038;p=105511"},"modified":"2026-04-20T18:41:24","modified_gmt":"2026-04-20T15:41:24","slug":"little-marvel-refurbished","status":"publish","type":"product","link":"https:\/\/westendxfi.com\/sv\/produkt\/little-marvel-refurbished\/","title":{"rendered":"Westend Little Marvel urheilukuulokkeet -Refurbished"},"content":{"rendered":"<p>Saamme silloin t\u00e4ll\u00f6in markkinoilta palautuneita kuulokkeita, jotka ovat tavalla tai toisella viallisia tai rikkoutuneita. Joskus kuulokkeissa ei ole edes vikaa vaan alkuper\u00e4inen vian syy on ollut k\u00e4ytt\u00e4j\u00e4n puhelimessa. Kunnostamme, desinfioimme ja testaamme kaikki palautuneet kuulokkeet ja myymme ne uudelleen huomattavan edulliseen hintaan.<\/p>\n<p>Ymp\u00e4rist\u00f6yst\u00e4v\u00e4llisyys on aina ollut osa Westendin tuotefilosofiaa ja tuotteiden korjattavuus on kaikkein tehokkain tapa v\u00e4ltt\u00e4\u00e4 elektroniikkaj\u00e4tett\u00e4. Korjattu ja kunnostettu tuote on aina ymp\u00e4rist\u00f6lle parempi vaihtoehto. Kaikilla kunnostetuilla on uuden tuotteen takuu ja usein niiden p\u00e4\u00e4lt\u00e4 ei voi edes p\u00e4\u00e4tell\u00e4, ett\u00e4 ne ovat kunnostettuja. Pakkaamme ne uudelleen ja laitamme mukaan kaikki alkuper\u00e4iset varaosat. T\u00e4m\u00e4 on meilt\u00e4 aikaaviev\u00e4 prosessi eik\u00e4 kunnostettuja tuotteita ole aina saatavissa. Kunnostettujen tuotteiden ominaisuudet ovat samat kuin uusien tuotteiden.<\/p>","protected":false},"excerpt":{"rendered":"<p>Saamme silloin t\u00e4ll\u00f6in markkinoilta palautuneita kuulokkeita, jotka ovat tavalla tai toisella viallisia tai rikkoutuneita. Joskus kuulokkeissa ei ole edes vikaa vaan alkuper\u00e4inen vian syy on ollut k\u00e4ytt\u00e4j\u00e4n puhelimessa. Kunnostamme, desinfioimme ja testaamme kaikki palautuneet kuulokkeet ja myymme ne uudelleen huomattavan edulliseen hintaan. Ymp\u00e4rist\u00f6yst\u00e4v\u00e4llisyys on aina ollut osa Westendin tuotefilosofiaa ja tuotteiden korjattavuus on kaikkein tehokkain [&hellip;]<\/p>\n","protected":false},"featured_media":109506,"comment_status":"open","ping_status":"closed","template":"","meta":{"_acf_changed":false,"inline_featured_image":false,"_kad_blocks_custom_css":"","_kad_blocks_head_custom_js":"","_kad_blocks_body_custom_js":"","_kad_blocks_footer_custom_js":"","pgc_sgb_lightbox_settings":""},"product_brand":[],"product_cat":[15],"product_tag":[216,349,341,343,338,346,350,339,265,344,267,345,342,264,348,217,260,336,347,189,340,337,215,275,351],"class_list":{"0":"post-105511","1":"product","2":"type-product","3":"status-publish","4":"has-post-thumbnail","6":"product_cat-yleinen","7":"product_tag-bluetooth-kuulokkeet","8":"product_tag-bluetooth-yhteys-kuulokkeet","9":"product_tag-edulliset-kuulokkeet","10":"product_tag-halvat-bluetooth-kuulokkeet","11":"product_tag-juoksukuulokkeet","12":"product_tag-kevyt-kuulokkeet","13":"product_tag-kosketusohjaus-kuulokkeet","14":"product_tag-kunnostetut-kuulokkeet","15":"product_tag-kuulokkeet-arkeen","16":"product_tag-kuulokkeet-juoksuun","17":"product_tag-kuulokkeet-puheluihin","18":"product_tag-kuulokkeet-salille","19":"product_tag-kuulokkeet-tarjous","20":"product_tag-kuulokkeet-treeniin","21":"product_tag-langaton-musiikki","22":"product_tag-langattomat-kuulokkeet","23":"product_tag-langattomat-nappikuulokkeet","24":"product_tag-little-marvel-kuulokkeet","25":"product_tag-pysyvat-kuulokkeet","26":"product_tag-refurbished","27":"product_tag-refurbished-kuulokkeet","28":"product_tag-treenikuulokkeet","29":"product_tag-urheilukuulokkeet","30":"product_tag-westend-kuulokkeet","31":"product_tag-westend-little-marvel","32":"product_shipping_class-kirje","34":"first","35":"instock","36":"sale","37":"featured","38":"taxable","39":"shipping-taxable","40":"purchasable","41":"product-type-simple"},"acf":[],"yoast_head":"<!-- This site is optimized with the Yoast SEO plugin v27.5 - https:\/\/yoast.com\/product\/yoast-seo-wordpress\/ -->\n<title>Westend Little Marvel urheilukuulokkeet -Refurbished - Westend<\/title>\n<meta name=\"robots\" content=\"index, follow, max-snippet:-1, max-image-preview:large, max-video-preview:-1\" \/>\n<link rel=\"canonical\" href=\"https:\/\/westendxfi.com\/sv\/produkt\/little-marvel-refurbished\/\" \/>\n<meta property=\"og:locale\" content=\"sv_SE\" \/>\n<meta property=\"og:type\" content=\"article\" \/>\n<meta property=\"og:title\" content=\"Westend Little Marvel urheilukuulokkeet -Refurbished - Westend\" \/>\n<meta property=\"og:description\" content=\"Saamme silloin t\u00e4ll\u00f6in markkinoilta palautuneita kuulokkeita, jotka ovat tavalla tai toisella viallisia tai rikkoutuneita. Joskus kuulokkeissa ei ole edes vikaa vaan alkuper\u00e4inen vian syy on ollut k\u00e4ytt\u00e4j\u00e4n puhelimessa. Kunnostamme, desinfioimme ja testaamme kaikki palautuneet kuulokkeet ja myymme ne uudelleen huomattavan edulliseen hintaan. Ymp\u00e4rist\u00f6yst\u00e4v\u00e4llisyys on aina ollut osa Westendin tuotefilosofiaa ja tuotteiden korjattavuus on kaikkein tehokkain [&hellip;]\" \/>\n<meta property=\"og:url\" content=\"https:\/\/westendxfi.com\/sv\/produkt\/little-marvel-refurbished\/\" \/>\n<meta property=\"og:site_name\" content=\"Westend\" \/>\n<meta property=\"article:modified_time\" content=\"2026-04-20T15:41:24+00:00\" \/>\n<meta property=\"og:image\" content=\"https:\/\/westendxfi.com\/wp-content\/uploads\/2025\/09\/20250929_135439-scaled.jpg?wsr\" \/>\n\t<meta property=\"og:image:width\" content=\"2560\" \/>\n\t<meta property=\"og:image:height\" content=\"1152\" \/>\n\t<meta property=\"og:image:type\" content=\"image\/jpeg\" \/>\n<meta name=\"twitter:card\" content=\"summary_large_image\" \/>\n<meta name=\"twitter:label1\" content=\"Ber\u00e4knad l\u00e4stid\" \/>\n\t<meta name=\"twitter:data1\" content=\"1 minut\" \/>\n<script type=\"application\/ld+json\" class=\"yoast-schema-graph\">{\"@context\":\"https:\\\/\\\/schema.org\",\"@graph\":[{\"@type\":\"WebPage\",\"@id\":\"https:\\\/\\\/westendxfi.com\\\/tuote\\\/little-marvel-refurbished\\\/\",\"url\":\"https:\\\/\\\/westendxfi.com\\\/tuote\\\/little-marvel-refurbished\\\/\",\"name\":\"Westend Little Marvel urheilukuulokkeet -Refurbished - Westend\",\"isPartOf\":{\"@id\":\"https:\\\/\\\/westendxfi.com\\\/#website\"},\"primaryImageOfPage\":{\"@id\":\"https:\\\/\\\/westendxfi.com\\\/tuote\\\/little-marvel-refurbished\\\/#primaryimage\"},\"image\":{\"@id\":\"https:\\\/\\\/westendxfi.com\\\/tuote\\\/little-marvel-refurbished\\\/#primaryimage\"},\"thumbnailUrl\":\"https:\\\/\\\/westendxfi.com\\\/wp-content\\\/uploads\\\/2025\\\/09\\\/20250929_135439-scaled.jpg?wsr\",\"datePublished\":\"2025-09-30T12:12:06+00:00\",\"dateModified\":\"2026-04-20T15:41:24+00:00\",\"breadcrumb\":{\"@id\":\"https:\\\/\\\/westendxfi.com\\\/tuote\\\/little-marvel-refurbished\\\/#breadcrumb\"},\"inLanguage\":\"sv-SE\",\"potentialAction\":[{\"@type\":\"ReadAction\",\"target\":[\"https:\\\/\\\/westendxfi.com\\\/tuote\\\/little-marvel-refurbished\\\/\"]}]},{\"@type\":\"ImageObject\",\"inLanguage\":\"sv-SE\",\"@id\":\"https:\\\/\\\/westendxfi.com\\\/tuote\\\/little-marvel-refurbished\\\/#primaryimage\",\"url\":\"https:\\\/\\\/westendxfi.com\\\/wp-content\\\/uploads\\\/2025\\\/09\\\/20250929_135439-scaled.jpg?wsr\",\"contentUrl\":\"https:\\\/\\\/westendxfi.com\\\/wp-content\\\/uploads\\\/2025\\\/09\\\/20250929_135439-scaled.jpg?wsr\",\"width\":2560,\"height\":1152},{\"@type\":\"BreadcrumbList\",\"@id\":\"https:\\\/\\\/westendxfi.com\\\/tuote\\\/little-marvel-refurbished\\\/#breadcrumb\",\"itemListElement\":[{\"@type\":\"ListItem\",\"position\":1,\"name\":\"Home\",\"item\":\"https:\\\/\\\/westendxfi.com\\\/\"},{\"@type\":\"ListItem\",\"position\":2,\"name\":\"Tuotteet\",\"item\":\"https:\\\/\\\/westendxfi.com\\\/kauppa\\\/\"},{\"@type\":\"ListItem\",\"position\":3,\"name\":\"Westend Little Marvel urheilukuulokkeet -Refurbished\"}]},{\"@type\":\"WebSite\",\"@id\":\"https:\\\/\\\/westendxfi.com\\\/#website\",\"url\":\"https:\\\/\\\/westendxfi.com\\\/\",\"name\":\"WestendXFi \u2013 langattomat kuulokkeet ja kaiuttimet suomalaista \u00e4\u00e4niosaamista\",\"description\":\"Langattomat kuulokkeet\",\"publisher\":{\"@id\":\"https:\\\/\\\/westendxfi.com\\\/#organization\"},\"potentialAction\":[{\"@type\":\"SearchAction\",\"target\":{\"@type\":\"EntryPoint\",\"urlTemplate\":\"https:\\\/\\\/westendxfi.com\\\/?s={search_term_string}\"},\"query-input\":{\"@type\":\"PropertyValueSpecification\",\"valueRequired\":true,\"valueName\":\"search_term_string\"}}],\"inLanguage\":\"sv-SE\"},{\"@type\":\"Organization\",\"@id\":\"https:\\\/\\\/westendxfi.com\\\/#organization\",\"name\":\"WestendXFi \u2013 langattomat kuulokkeet ja kaiuttimet suomalaista \u00e4\u00e4niosaamista\",\"url\":\"https:\\\/\\\/westendxfi.com\\\/\",\"logo\":{\"@type\":\"ImageObject\",\"inLanguage\":\"sv-SE\",\"@id\":\"https:\\\/\\\/westendxfi.com\\\/#\\\/schema\\\/logo\\\/image\\\/\",\"url\":\"https:\\\/\\\/westendxfi.com\\\/wp-content\\\/uploads\\\/2024\\\/08\\\/westendxfi-logo.png?wsr\",\"contentUrl\":\"https:\\\/\\\/westendxfi.com\\\/wp-content\\\/uploads\\\/2024\\\/08\\\/westendxfi-logo.png?wsr\",\"width\":1201,\"height\":140,\"caption\":\"WestendXFi \u2013 langattomat kuulokkeet ja kaiuttimet suomalaista \u00e4\u00e4niosaamista\"},\"image\":{\"@id\":\"https:\\\/\\\/westendxfi.com\\\/#\\\/schema\\\/logo\\\/image\\\/\"}}]}<\/script>\n<!-- \/ Yoast SEO plugin. -->","yoast_head_json":{"title":"Westend Little Marvel urheilukuulokkeet -Refurbished - Westend","robots":{"index":"index","follow":"follow","max-snippet":"max-snippet:-1","max-image-preview":"max-image-preview:large","max-video-preview":"max-video-preview:-1"},"canonical":"https:\/\/westendxfi.com\/sv\/produkt\/little-marvel-refurbished\/","og_locale":"sv_SE","og_type":"article","og_title":"Westend Little Marvel urheilukuulokkeet -Refurbished - Westend","og_description":"Saamme silloin t\u00e4ll\u00f6in markkinoilta palautuneita kuulokkeita, jotka ovat tavalla tai toisella viallisia tai rikkoutuneita. Joskus kuulokkeissa ei ole edes vikaa vaan alkuper\u00e4inen vian syy on ollut k\u00e4ytt\u00e4j\u00e4n puhelimessa. Kunnostamme, desinfioimme ja testaamme kaikki palautuneet kuulokkeet ja myymme ne uudelleen huomattavan edulliseen hintaan. Ymp\u00e4rist\u00f6yst\u00e4v\u00e4llisyys on aina ollut osa Westendin tuotefilosofiaa ja tuotteiden korjattavuus on kaikkein tehokkain [&hellip;]","og_url":"https:\/\/westendxfi.com\/sv\/produkt\/little-marvel-refurbished\/","og_site_name":"Westend","article_modified_time":"2026-04-20T15:41:24+00:00","og_image":[{"width":2560,"height":1152,"url":"https:\/\/westendxfi.com\/wp-content\/uploads\/2025\/09\/20250929_135439-scaled.jpg?wsr","type":"image\/jpeg"}],"twitter_card":"summary_large_image","twitter_misc":{"Ber\u00e4knad l\u00e4stid":"1 minut"},"schema":{"@context":"https:\/\/schema.org","@graph":[{"@type":"WebPage","@id":"https:\/\/westendxfi.com\/tuote\/little-marvel-refurbished\/","url":"https:\/\/westendxfi.com\/tuote\/little-marvel-refurbished\/","name":"Westend Little Marvel urheilukuulokkeet -Refurbished - Westend","isPartOf":{"@id":"https:\/\/westendxfi.com\/#website"},"primaryImageOfPage":{"@id":"https:\/\/westendxfi.com\/tuote\/little-marvel-refurbished\/#primaryimage"},"image":{"@id":"https:\/\/westendxfi.com\/tuote\/little-marvel-refurbished\/#primaryimage"},"thumbnailUrl":"https:\/\/westendxfi.com\/wp-content\/uploads\/2025\/09\/20250929_135439-scaled.jpg?wsr","datePublished":"2025-09-30T12:12:06+00:00","dateModified":"2026-04-20T15:41:24+00:00","breadcrumb":{"@id":"https:\/\/westendxfi.com\/tuote\/little-marvel-refurbished\/#breadcrumb"},"inLanguage":"sv-SE","potentialAction":[{"@type":"ReadAction","target":["https:\/\/westendxfi.com\/tuote\/little-marvel-refurbished\/"]}]},{"@type":"ImageObject","inLanguage":"sv-SE","@id":"https:\/\/westendxfi.com\/tuote\/little-marvel-refurbished\/#primaryimage","url":"https:\/\/westendxfi.com\/wp-content\/uploads\/2025\/09\/20250929_135439-scaled.jpg?wsr","contentUrl":"https:\/\/westendxfi.com\/wp-content\/uploads\/2025\/09\/20250929_135439-scaled.jpg?wsr","width":2560,"height":1152},{"@type":"BreadcrumbList","@id":"https:\/\/westendxfi.com\/tuote\/little-marvel-refurbished\/#breadcrumb","itemListElement":[{"@type":"ListItem","position":1,"name":"Home","item":"https:\/\/westendxfi.com\/"},{"@type":"ListItem","position":2,"name":"Tuotteet","item":"https:\/\/westendxfi.com\/kauppa\/"},{"@type":"ListItem","position":3,"name":"Westend Little Marvel urheilukuulokkeet -Refurbished"}]},{"@type":"WebSite","@id":"https:\/\/westendxfi.com\/#website","url":"https:\/\/westendxfi.com\/","name":"WestendXFi \u2013 langattomat kuulokkeet ja kaiuttimet suomalaista \u00e4\u00e4niosaamista","description":"Langattomat kuulokkeet","publisher":{"@id":"https:\/\/westendxfi.com\/#organization"},"potentialAction":[{"@type":"SearchAction","target":{"@type":"EntryPoint","urlTemplate":"https:\/\/westendxfi.com\/?s={search_term_string}"},"query-input":{"@type":"PropertyValueSpecification","valueRequired":true,"valueName":"search_term_string"}}],"inLanguage":"sv-SE"},{"@type":"Organization","@id":"https:\/\/westendxfi.com\/#organization","name":"WestendXFi \u2013 langattomat kuulokkeet ja kaiuttimet suomalaista \u00e4\u00e4niosaamista","url":"https:\/\/westendxfi.com\/","logo":{"@type":"ImageObject","inLanguage":"sv-SE","@id":"https:\/\/westendxfi.com\/#\/schema\/logo\/image\/","url":"https:\/\/westendxfi.com\/wp-content\/uploads\/2024\/08\/westendxfi-logo.png?wsr","contentUrl":"https:\/\/westendxfi.com\/wp-content\/uploads\/2024\/08\/westendxfi-logo.png?wsr","width":1201,"height":140,"caption":"WestendXFi \u2013 langattomat kuulokkeet ja kaiuttimet suomalaista \u00e4\u00e4niosaamista"},"image":{"@id":"https:\/\/westendxfi.com\/#\/schema\/logo\/image\/"}}]}},"taxonomy_info":{"product_cat":[{"value":15,"label":"Yleinen"}],"product_tag":[{"value":216,"label":"bluetooth kuulokkeet"},{"value":349,"label":"bluetooth yhteys kuulokkeet"},{"value":341,"label":"edulliset kuulokkeet"},{"value":343,"label":"halvat bluetooth kuulokkeet"},{"value":338,"label":"juoksukuulokkeet"},{"value":346,"label":"kevyt kuulokkeet"},{"value":350,"label":"kosketusohjaus kuulokkeet"},{"value":339,"label":"kunnostetut kuulokkeet"},{"value":265,"label":"kuulokkeet arkeen"},{"value":344,"label":"kuulokkeet juoksuun"},{"value":267,"label":"kuulokkeet puheluihin"},{"value":345,"label":"kuulokkeet salille"},{"value":342,"label":"kuulokkeet tarjous"},{"value":264,"label":"kuulokkeet treeniin"},{"value":348,"label":"langaton musiikki"},{"value":217,"label":"langattomat kuulokkeet"},{"value":260,"label":"langattomat nappikuulokkeet"},{"value":336,"label":"little marvel kuulokkeet"},{"value":347,"label":"pysyv\u00e4t kuulokkeet"},{"value":189,"label":"Refurbished"},{"value":340,"label":"refurbished kuulokkeet"},{"value":337,"label":"treenikuulokkeet"},{"value":215,"label":"urheilukuulokkeet"},{"value":275,"label":"Westend kuulokkeet"},{"value":351,"label":"westend little marvel"}]},"featured_image_src_large":["https:\/\/westendxfi.com\/wp-content\/uploads\/2025\/09\/20250929_135439-1024x461.jpg?wsr",800,360,true],"author_info":[],"comment_info":0,"_links":{"self":[{"href":"https:\/\/westendxfi.com\/sv\/wp-json\/wp\/v2\/product\/105511","targetHints":{"allow":["GET"]}}],"collection":[{"href":"https:\/\/westendxfi.com\/sv\/wp-json\/wp\/v2\/product"}],"about":[{"href":"https:\/\/westendxfi.com\/sv\/wp-json\/wp\/v2\/types\/product"}],"replies":[{"embeddable":true,"href":"https:\/\/westendxfi.com\/sv\/wp-json\/wp\/v2\/comments?post=105511"}],"version-history":[{"count":10,"href":"https:\/\/westendxfi.com\/sv\/wp-json\/wp\/v2\/product\/105511\/revisions"}],"predecessor-version":[{"id":110056,"href":"https:\/\/westendxfi.com\/sv\/wp-json\/wp\/v2\/product\/105511\/revisions\/110056"}],"wp:featuredmedia":[{"embeddable":true,"href":"https:\/\/westendxfi.com\/sv\/wp-json\/wp\/v2\/media\/109506"}],"wp:attachment":[{"href":"https:\/\/westendxfi.com\/sv\/wp-json\/wp\/v2\/media?parent=105511"}],"wp:term":[{"taxonomy":"product_brand","embeddable":true,"href":"https:\/\/westendxfi.com\/sv\/wp-json\/wp\/v2\/product_brand?post=105511"},{"taxonomy":"product_cat","embeddable":true,"href":"https:\/\/westendxfi.com\/sv\/wp-json\/wp\/v2\/product_cat?post=105511"},{"taxonomy":"product_tag","embeddable":true,"href":"https:\/\/westendxfi.com\/sv\/wp-json\/wp\/v2\/product_tag?post=105511"}],"curies":[{"name":"wp","href":"https:\/\/api.w.org\/{rel}","templated":true}]}}