{"id":105542,"date":"2025-10-02T07:18:02","date_gmt":"2025-10-02T04:18:02","guid":{"rendered":"https:\/\/westendxfi.com\/?post_type=product&#038;p=105542"},"modified":"2026-04-23T11:44:25","modified_gmt":"2026-04-23T08:44:25","slug":"westend-armband","status":"publish","type":"product","link":"https:\/\/westendxfi.com\/sv\/produkt\/westend-armband\/","title":{"rendered":"Westend Armband \u2013 aktiivisuusranneke"},"content":{"rendered":"<p>\u2022 Markkinoiden pienin ja kevyin (vain 8,6 grammaa) hyvinvointisensori, jonka mittatarkkuus ylitt\u00e4\u00e4 kaikki ranteisiin ja sormiin kiinnitett\u00e4v\u00e4 laitteet.<\/p>\n<p>\u2022 Tarkoitettu k\u00e4ytett\u00e4v\u00e4ksi vaatteiden alla. Se on vain 6,2mm paksu.<\/p>\n<p>\u2022 Todella suuri akunkesto: 70 tuntia yht\u00e4jaksoista mittaamista.<\/p>\n<p>\u2022 Mittaa sykkeen (HR), sykev\u00e4lin (HRV), askeleet, kalorit, happisaturaation (SPO2) ja l\u00e4mp\u00f6tilan<\/p>\n<p>\u2022 Mittatarkkuus kovankin urheilusuorituksen aikana on huippuluokkaa<\/p>\n<p>\u2022 Toimii my\u00f6s uidessa!<\/p>\n<p>\u2022 Westend Armband toimii Westend Health-sovelluksella, joka hy\u00f6dynt\u00e4\u00e4 teko\u00e4ly\u00e4. (Projektin vet\u00e4j\u00e4 Westendill\u00e4 on tekniikan tohtori Jukka Kortela, joka opettaa Aalto Yliopistossa teko\u00e4lyn soveltamista mittaus-ja s\u00e4\u00e4t\u00f6tekniikassa. Jukka toi teko\u00e4lyn Suomeen jo 20 vuotta sitten ja h\u00e4n on mielest\u00e4mme ylivoimaisesti alan osaavin tekij\u00e4 Suomessa.)<\/p>\n<p>\u2022 Sovelluksen kalenteritoiminnon avulla voit m\u00e4\u00e4ritell\u00e4 mit\u00e4 ja milloin mittaat.<\/p>\n<p><strong>Mit\u00e4 hy\u00f6tyj\u00e4 Westend Armband tuo Sinulle?<\/strong><\/p>\n<p>\u2022 <strong>Vanhusten hoito:<\/strong> Westend Armband mittaa terveyteen liittyv\u00e4n datan t\u00e4ysin automaattisesti. Vain nauha k\u00e4teen ja sen j\u00e4lkeen tiedot tallentuvat puhelimen sovellukseen. Ne on luettavissa koska vain. Voit halutessasi jakaa terveystietosi omaisten tai l\u00e4\u00e4k\u00e4rin kanssa. Turvallisuutta jokap\u00e4iv\u00e4iseen el\u00e4m\u00e4\u00e4si. Huom. Armbandia ei tarvitse k\u00e4ytt\u00e4 joka p\u00e4iv\u00e4. V\u00e4hempikin riitt\u00e4\u00e4.<\/p>\n<p>\u2022 <strong>Kuntourheilija:<\/strong> Seuraa harjoituksiasi ja palautumistasi.<\/p>\n<p>\u2022 <strong>Huippu-urheilija:<\/strong> Optimoi oma harjoittelusi todella tarkalla mittauksella. Voit k\u00e4ytt\u00e4\u00e4 Armbandia my\u00f6s kilpaurheilun suorituksen aikana. Kaikki data tallentuu muistiin. Mittaa aamusin palautumisesi. T\u00e4ydellinen harjoittelun optimointi ilman arvauksia.<\/p>\n<p>\u2022<strong> Terveyden ja stressin hallinta:<\/strong> Terveystietojen pohjalta voit helposti huomata kuinka p\u00e4ivitt\u00e4iset valintasi vaikuttavat stressiin ja yleiseen terveystilaasi. Opi nukkumaan, sy\u00f6m\u00e4\u00e4n, k\u00e4ytt\u00e4m\u00e4\u00e4n alkoholia, liikkumaan ja lep\u00e4\u00e4m\u00e4\u00e4n niin, ett\u00e4 el\u00e4m\u00e4nlaatusi paranee ja ty\u00f6kin tuntuu v\u00e4hemm\u00e4n kuormittavalta.<\/p>","protected":false},"excerpt":{"rendered":"<p>\u2022 Markkinoiden pienin ja kevyin (vain 8,6 grammaa) hyvinvointisensori, jonka mittatarkkuus ylitt\u00e4\u00e4 kaikki ranteisiin ja sormiin kiinnitett\u00e4v\u00e4 laitteet. \u2022 Tarkoitettu k\u00e4ytett\u00e4v\u00e4ksi vaatteiden alla. Se on vain 6,2mm paksu. \u2022 Todella suuri akunkesto: 70 tuntia yht\u00e4jaksoista mittaamista. \u2022 Mittaa sykkeen (HR), sykev\u00e4lin (HRV), askeleet, kalorit, happisaturaation (SPO2) ja l\u00e4mp\u00f6tilan \u2022 Mittatarkkuus kovankin urheilusuorituksen aikana on huippuluokkaa [&hellip;]<\/p>\n","protected":false},"featured_media":105541,"comment_status":"open","ping_status":"closed","template":"","meta":{"_acf_changed":false,"inline_featured_image":false,"_kad_blocks_custom_css":"","_kad_blocks_head_custom_js":"","_kad_blocks_body_custom_js":"","_kad_blocks_footer_custom_js":"","pgc_sgb_lightbox_settings":""},"product_brand":[225],"product_cat":[228],"product_tag":[302,297,313,307,298,306,190,320,309,300,316,296,305,314,312,308,317,303,311,318,310,304,315,299,319,301,321,322,323,324],"class_list":{"0":"post-105542","1":"product","2":"type-product","3":"status-publish","4":"has-post-thumbnail","6":"product_brand-westendxfi","7":"product_cat-wearables","8":"product_tag-aktiivisuuden-seuranta","9":"product_tag-aktiivisuusranneke","10":"product_tag-aktiivisuusranneke-70h-akku","11":"product_tag-aktiivisuusranneke-urheiluun","12":"product_tag-alyranneke","13":"product_tag-alyranneke-pitka-akku","14":"product_tag-armband","15":"product_tag-data-hyvinvoinnista-sovellus","16":"product_tag-hrv-mittaus-laite","17":"product_tag-hyvinvoinnin-seuranta","18":"product_tag-hyvinvoinnin-seuranta-arjessa","19":"product_tag-hyvinvointisensori","20":"product_tag-hyvinvointisensori-ilman-kuukausimaksua","21":"product_tag-kevyt-wearable-laite","22":"product_tag-lampotilan-mittaus-laite","23":"product_tag-palautumisen-seuranta-laite","24":"product_tag-palautumisen-seuranta-urheilussa","25":"product_tag-paras-aktiivisuusranneke","26":"product_tag-spo2-mittaus-laite","27":"product_tag-stressin-hallinta-laite","28":"product_tag-sykemittari-ranneke","29":"product_tag-tarkka-aktiivisuusranneke","30":"product_tag-tarkka-sykemittaus-laite","31":"product_tag-terveyden-seuranta","32":"product_tag-terveyden-seuranta-kotona","33":"product_tag-wearable-laite","34":"product_tag-westend-armband","35":"product_tag-westend-hyvinvointisensori","36":"product_tag-westend-wearable","37":"product_tag-westendxfi-armband","38":"product_shipping_class-kirje","40":"first","41":"instock","42":"taxable","43":"shipping-taxable","44":"purchasable","45":"product-type-simple"},"acf":[],"yoast_head":"<!-- This site is optimized with the Yoast SEO plugin v27.5 - https:\/\/yoast.com\/product\/yoast-seo-wordpress\/ -->\n<title>Westend Armband \u2013 aktiivisuusranneke - Westend<\/title>\n<meta name=\"robots\" content=\"index, follow, max-snippet:-1, max-image-preview:large, max-video-preview:-1\" \/>\n<link rel=\"canonical\" href=\"https:\/\/westendxfi.com\/sv\/produkt\/westend-armband\/\" \/>\n<meta property=\"og:locale\" content=\"sv_SE\" \/>\n<meta property=\"og:type\" content=\"article\" \/>\n<meta property=\"og:title\" content=\"Westend Armband \u2013 aktiivisuusranneke - Westend\" \/>\n<meta property=\"og:description\" content=\"\u2022 Markkinoiden pienin ja kevyin (vain 8,6 grammaa) hyvinvointisensori, jonka mittatarkkuus ylitt\u00e4\u00e4 kaikki ranteisiin ja sormiin kiinnitett\u00e4v\u00e4 laitteet. \u2022 Tarkoitettu k\u00e4ytett\u00e4v\u00e4ksi vaatteiden alla. Se on vain 6,2mm paksu. \u2022 Todella suuri akunkesto: 70 tuntia yht\u00e4jaksoista mittaamista. \u2022 Mittaa sykkeen (HR), sykev\u00e4lin (HRV), askeleet, kalorit, happisaturaation (SPO2) ja l\u00e4mp\u00f6tilan \u2022 Mittatarkkuus kovankin urheilusuorituksen aikana on huippuluokkaa [&hellip;]\" \/>\n<meta property=\"og:url\" content=\"https:\/\/westendxfi.com\/sv\/produkt\/westend-armband\/\" \/>\n<meta property=\"og:site_name\" content=\"Westend\" \/>\n<meta property=\"article:modified_time\" content=\"2026-04-23T08:44:25+00:00\" \/>\n<meta property=\"og:image\" content=\"https:\/\/westendxfi.com\/wp-content\/uploads\/2025\/10\/Armband-1-scaled.jpg?wsr\" \/>\n\t<meta property=\"og:image:width\" content=\"2560\" \/>\n\t<meta property=\"og:image:height\" content=\"2560\" \/>\n\t<meta property=\"og:image:type\" content=\"image\/jpeg\" \/>\n<meta name=\"twitter:card\" content=\"summary_large_image\" \/>\n<meta name=\"twitter:label1\" content=\"Ber\u00e4knad l\u00e4stid\" \/>\n\t<meta name=\"twitter:data1\" content=\"2 minuter\" \/>\n<script type=\"application\/ld+json\" class=\"yoast-schema-graph\">{\"@context\":\"https:\\\/\\\/schema.org\",\"@graph\":[{\"@type\":\"WebPage\",\"@id\":\"https:\\\/\\\/westendxfi.com\\\/tuote\\\/westend-armband\\\/\",\"url\":\"https:\\\/\\\/westendxfi.com\\\/tuote\\\/westend-armband\\\/\",\"name\":\"Westend Armband \u2013 aktiivisuusranneke - Westend\",\"isPartOf\":{\"@id\":\"https:\\\/\\\/westendxfi.com\\\/#website\"},\"primaryImageOfPage\":{\"@id\":\"https:\\\/\\\/westendxfi.com\\\/tuote\\\/westend-armband\\\/#primaryimage\"},\"image\":{\"@id\":\"https:\\\/\\\/westendxfi.com\\\/tuote\\\/westend-armband\\\/#primaryimage\"},\"thumbnailUrl\":\"https:\\\/\\\/westendxfi.com\\\/wp-content\\\/uploads\\\/2025\\\/10\\\/Armband-1-scaled.jpg?wsr\",\"datePublished\":\"2025-10-02T04:18:02+00:00\",\"dateModified\":\"2026-04-23T08:44:25+00:00\",\"breadcrumb\":{\"@id\":\"https:\\\/\\\/westendxfi.com\\\/tuote\\\/westend-armband\\\/#breadcrumb\"},\"inLanguage\":\"sv-SE\",\"potentialAction\":[{\"@type\":\"ReadAction\",\"target\":[\"https:\\\/\\\/westendxfi.com\\\/tuote\\\/westend-armband\\\/\"]}]},{\"@type\":\"ImageObject\",\"inLanguage\":\"sv-SE\",\"@id\":\"https:\\\/\\\/westendxfi.com\\\/tuote\\\/westend-armband\\\/#primaryimage\",\"url\":\"https:\\\/\\\/westendxfi.com\\\/wp-content\\\/uploads\\\/2025\\\/10\\\/Armband-1-scaled.jpg?wsr\",\"contentUrl\":\"https:\\\/\\\/westendxfi.com\\\/wp-content\\\/uploads\\\/2025\\\/10\\\/Armband-1-scaled.jpg?wsr\",\"width\":2560,\"height\":2560,\"caption\":\"Westend armband\"},{\"@type\":\"BreadcrumbList\",\"@id\":\"https:\\\/\\\/westendxfi.com\\\/tuote\\\/westend-armband\\\/#breadcrumb\",\"itemListElement\":[{\"@type\":\"ListItem\",\"position\":1,\"name\":\"Home\",\"item\":\"https:\\\/\\\/westendxfi.com\\\/\"},{\"@type\":\"ListItem\",\"position\":2,\"name\":\"Tuotteet\",\"item\":\"https:\\\/\\\/westendxfi.com\\\/kauppa\\\/\"},{\"@type\":\"ListItem\",\"position\":3,\"name\":\"Westend Armband \u2013 aktiivisuusranneke\"}]},{\"@type\":\"WebSite\",\"@id\":\"https:\\\/\\\/westendxfi.com\\\/#website\",\"url\":\"https:\\\/\\\/westendxfi.com\\\/\",\"name\":\"WestendXFi \u2013 langattomat kuulokkeet ja kaiuttimet suomalaista \u00e4\u00e4niosaamista\",\"description\":\"Langattomat kuulokkeet\",\"publisher\":{\"@id\":\"https:\\\/\\\/westendxfi.com\\\/#organization\"},\"potentialAction\":[{\"@type\":\"SearchAction\",\"target\":{\"@type\":\"EntryPoint\",\"urlTemplate\":\"https:\\\/\\\/westendxfi.com\\\/?s={search_term_string}\"},\"query-input\":{\"@type\":\"PropertyValueSpecification\",\"valueRequired\":true,\"valueName\":\"search_term_string\"}}],\"inLanguage\":\"sv-SE\"},{\"@type\":\"Organization\",\"@id\":\"https:\\\/\\\/westendxfi.com\\\/#organization\",\"name\":\"WestendXFi \u2013 langattomat kuulokkeet ja kaiuttimet suomalaista \u00e4\u00e4niosaamista\",\"url\":\"https:\\\/\\\/westendxfi.com\\\/\",\"logo\":{\"@type\":\"ImageObject\",\"inLanguage\":\"sv-SE\",\"@id\":\"https:\\\/\\\/westendxfi.com\\\/#\\\/schema\\\/logo\\\/image\\\/\",\"url\":\"https:\\\/\\\/westendxfi.com\\\/wp-content\\\/uploads\\\/2024\\\/08\\\/westendxfi-logo.png?wsr\",\"contentUrl\":\"https:\\\/\\\/westendxfi.com\\\/wp-content\\\/uploads\\\/2024\\\/08\\\/westendxfi-logo.png?wsr\",\"width\":1201,\"height\":140,\"caption\":\"WestendXFi \u2013 langattomat kuulokkeet ja kaiuttimet suomalaista \u00e4\u00e4niosaamista\"},\"image\":{\"@id\":\"https:\\\/\\\/westendxfi.com\\\/#\\\/schema\\\/logo\\\/image\\\/\"}}]}<\/script>\n<!-- \/ Yoast SEO plugin. -->","yoast_head_json":{"title":"Westend Armband \u2013 aktiivisuusranneke - Westend","robots":{"index":"index","follow":"follow","max-snippet":"max-snippet:-1","max-image-preview":"max-image-preview:large","max-video-preview":"max-video-preview:-1"},"canonical":"https:\/\/westendxfi.com\/sv\/produkt\/westend-armband\/","og_locale":"sv_SE","og_type":"article","og_title":"Westend Armband \u2013 aktiivisuusranneke - Westend","og_description":"\u2022 Markkinoiden pienin ja kevyin (vain 8,6 grammaa) hyvinvointisensori, jonka mittatarkkuus ylitt\u00e4\u00e4 kaikki ranteisiin ja sormiin kiinnitett\u00e4v\u00e4 laitteet. \u2022 Tarkoitettu k\u00e4ytett\u00e4v\u00e4ksi vaatteiden alla. Se on vain 6,2mm paksu. \u2022 Todella suuri akunkesto: 70 tuntia yht\u00e4jaksoista mittaamista. \u2022 Mittaa sykkeen (HR), sykev\u00e4lin (HRV), askeleet, kalorit, happisaturaation (SPO2) ja l\u00e4mp\u00f6tilan \u2022 Mittatarkkuus kovankin urheilusuorituksen aikana on huippuluokkaa [&hellip;]","og_url":"https:\/\/westendxfi.com\/sv\/produkt\/westend-armband\/","og_site_name":"Westend","article_modified_time":"2026-04-23T08:44:25+00:00","og_image":[{"width":2560,"height":2560,"url":"https:\/\/westendxfi.com\/wp-content\/uploads\/2025\/10\/Armband-1-scaled.jpg?wsr","type":"image\/jpeg"}],"twitter_card":"summary_large_image","twitter_misc":{"Ber\u00e4knad l\u00e4stid":"2 minuter"},"schema":{"@context":"https:\/\/schema.org","@graph":[{"@type":"WebPage","@id":"https:\/\/westendxfi.com\/tuote\/westend-armband\/","url":"https:\/\/westendxfi.com\/tuote\/westend-armband\/","name":"Westend Armband \u2013 aktiivisuusranneke - Westend","isPartOf":{"@id":"https:\/\/westendxfi.com\/#website"},"primaryImageOfPage":{"@id":"https:\/\/westendxfi.com\/tuote\/westend-armband\/#primaryimage"},"image":{"@id":"https:\/\/westendxfi.com\/tuote\/westend-armband\/#primaryimage"},"thumbnailUrl":"https:\/\/westendxfi.com\/wp-content\/uploads\/2025\/10\/Armband-1-scaled.jpg?wsr","datePublished":"2025-10-02T04:18:02+00:00","dateModified":"2026-04-23T08:44:25+00:00","breadcrumb":{"@id":"https:\/\/westendxfi.com\/tuote\/westend-armband\/#breadcrumb"},"inLanguage":"sv-SE","potentialAction":[{"@type":"ReadAction","target":["https:\/\/westendxfi.com\/tuote\/westend-armband\/"]}]},{"@type":"ImageObject","inLanguage":"sv-SE","@id":"https:\/\/westendxfi.com\/tuote\/westend-armband\/#primaryimage","url":"https:\/\/westendxfi.com\/wp-content\/uploads\/2025\/10\/Armband-1-scaled.jpg?wsr","contentUrl":"https:\/\/westendxfi.com\/wp-content\/uploads\/2025\/10\/Armband-1-scaled.jpg?wsr","width":2560,"height":2560,"caption":"Westend armband"},{"@type":"BreadcrumbList","@id":"https:\/\/westendxfi.com\/tuote\/westend-armband\/#breadcrumb","itemListElement":[{"@type":"ListItem","position":1,"name":"Home","item":"https:\/\/westendxfi.com\/"},{"@type":"ListItem","position":2,"name":"Tuotteet","item":"https:\/\/westendxfi.com\/kauppa\/"},{"@type":"ListItem","position":3,"name":"Westend Armband \u2013 aktiivisuusranneke"}]},{"@type":"WebSite","@id":"https:\/\/westendxfi.com\/#website","url":"https:\/\/westendxfi.com\/","name":"WestendXFi \u2013 langattomat kuulokkeet ja kaiuttimet suomalaista \u00e4\u00e4niosaamista","description":"Langattomat kuulokkeet","publisher":{"@id":"https:\/\/westendxfi.com\/#organization"},"potentialAction":[{"@type":"SearchAction","target":{"@type":"EntryPoint","urlTemplate":"https:\/\/westendxfi.com\/?s={search_term_string}"},"query-input":{"@type":"PropertyValueSpecification","valueRequired":true,"valueName":"search_term_string"}}],"inLanguage":"sv-SE"},{"@type":"Organization","@id":"https:\/\/westendxfi.com\/#organization","name":"WestendXFi \u2013 langattomat kuulokkeet ja kaiuttimet suomalaista \u00e4\u00e4niosaamista","url":"https:\/\/westendxfi.com\/","logo":{"@type":"ImageObject","inLanguage":"sv-SE","@id":"https:\/\/westendxfi.com\/#\/schema\/logo\/image\/","url":"https:\/\/westendxfi.com\/wp-content\/uploads\/2024\/08\/westendxfi-logo.png?wsr","contentUrl":"https:\/\/westendxfi.com\/wp-content\/uploads\/2024\/08\/westendxfi-logo.png?wsr","width":1201,"height":140,"caption":"WestendXFi \u2013 langattomat kuulokkeet ja kaiuttimet suomalaista \u00e4\u00e4niosaamista"},"image":{"@id":"https:\/\/westendxfi.com\/#\/schema\/logo\/image\/"}}]}},"taxonomy_info":{"product_brand":[{"value":225,"label":"WestendXFi"}],"product_cat":[{"value":228,"label":"Wearables"}],"product_tag":[{"value":302,"label":"aktiivisuuden seuranta"},{"value":297,"label":"aktiivisuusranneke"},{"value":313,"label":"aktiivisuusranneke 70h akku"},{"value":307,"label":"aktiivisuusranneke urheiluun"},{"value":298,"label":"\u00e4lyranneke"},{"value":306,"label":"\u00e4lyranneke pitk\u00e4 akku"},{"value":190,"label":"Armband"},{"value":320,"label":"data hyvinvoinnista sovellus"},{"value":309,"label":"HRV mittaus laite"},{"value":300,"label":"hyvinvoinnin seuranta"},{"value":316,"label":"hyvinvoinnin seuranta arjessa"},{"value":296,"label":"hyvinvointisensori"},{"value":305,"label":"hyvinvointisensori ilman kuukausimaksua"},{"value":314,"label":"kevyt wearable laite"},{"value":312,"label":"l\u00e4mp\u00f6tilan mittaus laite"},{"value":308,"label":"palautumisen seuranta laite"},{"value":317,"label":"palautumisen seuranta urheilussa"},{"value":303,"label":"paras aktiivisuusranneke"},{"value":311,"label":"SpO2 mittaus laite"},{"value":318,"label":"stressin hallinta laite"},{"value":310,"label":"sykemittari ranneke"},{"value":304,"label":"tarkka aktiivisuusranneke"},{"value":315,"label":"tarkka sykemittaus laite"},{"value":299,"label":"terveyden seuranta"},{"value":319,"label":"terveyden seuranta kotona"},{"value":301,"label":"wearable laite"},{"value":321,"label":"Westend Armband"},{"value":322,"label":"Westend hyvinvointisensori"},{"value":323,"label":"Westend wearable"},{"value":324,"label":"WestendXFi armband"}]},"featured_image_src_large":["https:\/\/westendxfi.com\/wp-content\/uploads\/2025\/10\/Armband-1-1024x1024.jpg?wsr",800,800,true],"author_info":[],"comment_info":0,"_links":{"self":[{"href":"https:\/\/westendxfi.com\/sv\/wp-json\/wp\/v2\/product\/105542","targetHints":{"allow":["GET"]}}],"collection":[{"href":"https:\/\/westendxfi.com\/sv\/wp-json\/wp\/v2\/product"}],"about":[{"href":"https:\/\/westendxfi.com\/sv\/wp-json\/wp\/v2\/types\/product"}],"replies":[{"embeddable":true,"href":"https:\/\/westendxfi.com\/sv\/wp-json\/wp\/v2\/comments?post=105542"}],"version-history":[{"count":33,"href":"https:\/\/westendxfi.com\/sv\/wp-json\/wp\/v2\/product\/105542\/revisions"}],"predecessor-version":[{"id":110074,"href":"https:\/\/westendxfi.com\/sv\/wp-json\/wp\/v2\/product\/105542\/revisions\/110074"}],"wp:featuredmedia":[{"embeddable":true,"href":"https:\/\/westendxfi.com\/sv\/wp-json\/wp\/v2\/media\/105541"}],"wp:attachment":[{"href":"https:\/\/westendxfi.com\/sv\/wp-json\/wp\/v2\/media?parent=105542"}],"wp:term":[{"taxonomy":"product_brand","embeddable":true,"href":"https:\/\/westendxfi.com\/sv\/wp-json\/wp\/v2\/product_brand?post=105542"},{"taxonomy":"product_cat","embeddable":true,"href":"https:\/\/westendxfi.com\/sv\/wp-json\/wp\/v2\/product_cat?post=105542"},{"taxonomy":"product_tag","embeddable":true,"href":"https:\/\/westendxfi.com\/sv\/wp-json\/wp\/v2\/product_tag?post=105542"}],"curies":[{"name":"wp","href":"https:\/\/api.w.org\/{rel}","templated":true}]}}