{"id":105762,"date":"2025-10-31T14:53:41","date_gmt":"2025-10-31T12:53:41","guid":{"rendered":"https:\/\/westendxfi.com\/?post_type=product&#038;p=105762"},"modified":"2026-04-18T01:24:19","modified_gmt":"2026-04-17T22:24:19","slug":"westendxfi-sanka","status":"publish","type":"product","link":"https:\/\/westendxfi.com\/sv\/produkt\/westendxfi-sanka\/","title":{"rendered":"Westend Sanka \u2013 sankakuulokkeet"},"content":{"rendered":"<p class=\"yellowBg\"><strong>Kaikilla tuotteillamme on t\u00e4ysi 60 p\u00e4iv\u00e4n palautusoikeus!<\/strong><\/p>\n<p>Westendin XFi- tuote (Extreme Fidelity), joka muuttaa k\u00e4sityksesi sankakuulokkeista. Toimii langattomasti bluetoothin (versio 6.0) kautta, mutta toimii my\u00f6s perinteisell\u00e4 tavalla johdon kautta. Jos olet sit\u00e4 mielt\u00e4, ett\u00e4 bluetoothin \u00e4\u00e4ni ei ole yht\u00e4 hyv\u00e4 kuin johdon kautta kuunneltuna niin nyt sinun ei tarvitse valita toista.<\/p>\n<p>\u2022 Kuulokkeen matalaprofiilinen suljettu rakenne t\u00e4ht\u00e4\u00e4 siihen, ett\u00e4 bassotoisto on mahdollisimman tarkka ja erotteleva. &#8211; 40mm erikoisrakenteiset kaiutinelementit toistavat kirkaat \u00e4\u00e4net luonnollisesti. &#8211; Aktiivinen melunpoisto -45dB Hybrid ANC toimii viidella mikrofonilla, jotka ovat parasta mit\u00e4 rahalla saa.<\/p>\n<p>\u2022 Puhelut kuulokkeiden avulla onnistuvat paremmin kuin koskaan<\/p>\n<p>\u2022 Musiikin kuuntelussa on apuna Japan Audio Society (JAS) Hi-Res Audio Wireless hyv\u00e4ksym\u00e4 LHDC-kodekki, joka nostaa bluetooth-\u00e4\u00e4\u00e4nentoiston uudelle tasolle. (Tulee yleistym\u00e4\u00e4n l\u00e4hiaikoina puhelimiin)<\/p>\n<p>\u2022 LHDC tukee 24-bit \/ 96 kHz audiota ja bitrate jopa 900 kbps bluetoothilla<\/p>\n<p>\u2022 Musiikin toisto riitt\u00e4\u00e4 75 tunniksi. Kuulokkeiden latausaika t\u00e4yteen on 150 min.<\/p>\n<p>\u2022 Sis\u00e4\u00e4nrakennettu 3D tila\u00e4\u00e4ni, jonka voit kytke\u00e4 p\u00e4\u00e4lle halutessasi &#8211; Pelaaminen onnistuu nyt my\u00f6s langattomasti, koska LHDC pienent\u00e4\u00e4 bluetoothin viivett\u00e4. Huipput\u00e4rke\u00e4 ominaisuus pelaajalle.<\/p>\n<p>\u2022 Kuulokkeissa on my\u00f6s langallinen yhteys, jonka ansiosta kuulokkeet muuttuvat studiotason monitoreiksi. (Siis jos pystyt kuulemaan eron bluetoothin ja langallisen toiston v\u00e4lill\u00e4.)<\/p>\n<p><strong>Ennakkomyynti on alkanut. Ensimm\u00e4iset toimitukset menev\u00e4t Joulukuun puoliv\u00e4liin. Suositushinta on 325\u20ac ja ennakkoon ostamalla saat sen hintaan 245\u20ac.<\/strong><\/p>","protected":false},"excerpt":{"rendered":"<p>Kaikilla tuotteillamme on t\u00e4ysi 60 p\u00e4iv\u00e4n palautusoikeus! Westendin XFi- tuote (Extreme Fidelity), joka muuttaa k\u00e4sityksesi sankakuulokkeista. Toimii langattomasti bluetoothin (versio 6.0) kautta, mutta toimii my\u00f6s perinteisell\u00e4 tavalla johdon kautta. Jos olet sit\u00e4 mielt\u00e4, ett\u00e4 bluetoothin \u00e4\u00e4ni ei ole yht\u00e4 hyv\u00e4 kuin johdon kautta kuunneltuna niin nyt sinun ei tarvitse valita toista. \u2022 Kuulokkeen matalaprofiilinen suljettu [&hellip;]<\/p>\n","protected":false},"featured_media":105754,"comment_status":"open","ping_status":"closed","template":"","meta":{"_acf_changed":false,"inline_featured_image":false,"_kad_blocks_custom_css":"","_kad_blocks_head_custom_js":"","_kad_blocks_body_custom_js":"","_kad_blocks_footer_custom_js":"","pgc_sgb_lightbox_settings":""},"product_brand":[225],"product_cat":[252],"product_tag":[291,281,292,216,284,288,286,295,289,287,293,278,280,279,282,290,285,194,277,294,283],"class_list":{"0":"post-105762","1":"product","2":"type-product","3":"status-publish","4":"has-post-thumbnail","6":"product_brand-westendxfi","7":"product_cat-langattomat-kuulokkeet","8":"product_tag-75h-akku-kuulokkeet","9":"product_tag-anc-kuulokkeet","10":"product_tag-bluetooth-6-kuulokkeet","11":"product_tag-bluetooth-kuulokkeet","12":"product_tag-hi-res-kuulokkeet","13":"product_tag-kuulokkeet-lentokoneeseen","14":"product_tag-kuulokkeet-matkustamiseen","15":"product_tag-kuulokkeet-musiikkiin","16":"product_tag-kuulokkeet-toimistoon","17":"product_tag-kuulokkeet-tyoskentelyyn","18":"product_tag-langalliset-kuulokkeet","19":"product_tag-langattomat-sankakuulokkeet","20":"product_tag-melunvaimennus-kuulokkeet","21":"product_tag-over-ear-kuulokkeet","22":"product_tag-parhaat-sankakuulokkeet","23":"product_tag-pitka-akunkesto-kuulokkeet","24":"product_tag-premium-kuulokkeet","25":"product_tag-sanka","26":"product_tag-sankakuulokkeet","27":"product_tag-studio-kuulokkeet","28":"product_tag-vastamelukuulokkeet","29":"product_shipping_class-paketti","31":"first","32":"instock","33":"sale","34":"featured","35":"taxable","36":"shipping-taxable","37":"purchasable","38":"product-type-variable"},"acf":[],"yoast_head":"<!-- This site is optimized with the Yoast SEO plugin v27.5 - https:\/\/yoast.com\/product\/yoast-seo-wordpress\/ -->\n<title>Westend Sanka \u2013 sankakuulokkeet - Westend<\/title>\n<meta name=\"robots\" content=\"index, follow, max-snippet:-1, max-image-preview:large, max-video-preview:-1\" \/>\n<link rel=\"canonical\" href=\"https:\/\/westendxfi.com\/sv\/produkt\/westendxfi-sanka\/\" \/>\n<meta property=\"og:locale\" content=\"sv_SE\" \/>\n<meta property=\"og:type\" content=\"article\" \/>\n<meta property=\"og:title\" content=\"Westend Sanka \u2013 sankakuulokkeet - Westend\" \/>\n<meta property=\"og:description\" content=\"Kaikilla tuotteillamme on t\u00e4ysi 60 p\u00e4iv\u00e4n palautusoikeus! Westendin XFi- tuote (Extreme Fidelity), joka muuttaa k\u00e4sityksesi sankakuulokkeista. Toimii langattomasti bluetoothin (versio 6.0) kautta, mutta toimii my\u00f6s perinteisell\u00e4 tavalla johdon kautta. Jos olet sit\u00e4 mielt\u00e4, ett\u00e4 bluetoothin \u00e4\u00e4ni ei ole yht\u00e4 hyv\u00e4 kuin johdon kautta kuunneltuna niin nyt sinun ei tarvitse valita toista. \u2022 Kuulokkeen matalaprofiilinen suljettu [&hellip;]\" \/>\n<meta property=\"og:url\" content=\"https:\/\/westendxfi.com\/sv\/produkt\/westendxfi-sanka\/\" \/>\n<meta property=\"og:site_name\" content=\"Westend\" \/>\n<meta property=\"article:modified_time\" content=\"2026-04-17T22:24:19+00:00\" \/>\n<meta property=\"og:image\" content=\"https:\/\/westendxfi.com\/wp-content\/uploads\/2025\/10\/Sanka-ivory-etuviisto-scaled.png?wsr\" \/>\n\t<meta property=\"og:image:width\" content=\"2560\" \/>\n\t<meta property=\"og:image:height\" content=\"2560\" \/>\n\t<meta property=\"og:image:type\" content=\"image\/png\" \/>\n<meta name=\"twitter:card\" content=\"summary_large_image\" \/>\n<meta name=\"twitter:label1\" content=\"Ber\u00e4knad l\u00e4stid\" \/>\n\t<meta name=\"twitter:data1\" content=\"2 minuter\" \/>\n<script type=\"application\/ld+json\" class=\"yoast-schema-graph\">{\"@context\":\"https:\\\/\\\/schema.org\",\"@graph\":[{\"@type\":\"WebPage\",\"@id\":\"https:\\\/\\\/westendxfi.com\\\/tuote\\\/westendxfi-sanka\\\/\",\"url\":\"https:\\\/\\\/westendxfi.com\\\/tuote\\\/westendxfi-sanka\\\/\",\"name\":\"Westend Sanka \u2013 sankakuulokkeet - Westend\",\"isPartOf\":{\"@id\":\"https:\\\/\\\/westendxfi.com\\\/#website\"},\"primaryImageOfPage\":{\"@id\":\"https:\\\/\\\/westendxfi.com\\\/tuote\\\/westendxfi-sanka\\\/#primaryimage\"},\"image\":{\"@id\":\"https:\\\/\\\/westendxfi.com\\\/tuote\\\/westendxfi-sanka\\\/#primaryimage\"},\"thumbnailUrl\":\"https:\\\/\\\/westendxfi.com\\\/wp-content\\\/uploads\\\/2025\\\/10\\\/Sanka-ivory-etuviisto-scaled.png?wsr\",\"datePublished\":\"2025-10-31T12:53:41+00:00\",\"dateModified\":\"2026-04-17T22:24:19+00:00\",\"breadcrumb\":{\"@id\":\"https:\\\/\\\/westendxfi.com\\\/tuote\\\/westendxfi-sanka\\\/#breadcrumb\"},\"inLanguage\":\"sv-SE\",\"potentialAction\":[{\"@type\":\"ReadAction\",\"target\":[\"https:\\\/\\\/westendxfi.com\\\/tuote\\\/westendxfi-sanka\\\/\"]}]},{\"@type\":\"ImageObject\",\"inLanguage\":\"sv-SE\",\"@id\":\"https:\\\/\\\/westendxfi.com\\\/tuote\\\/westendxfi-sanka\\\/#primaryimage\",\"url\":\"https:\\\/\\\/westendxfi.com\\\/wp-content\\\/uploads\\\/2025\\\/10\\\/Sanka-ivory-etuviisto-scaled.png?wsr\",\"contentUrl\":\"https:\\\/\\\/westendxfi.com\\\/wp-content\\\/uploads\\\/2025\\\/10\\\/Sanka-ivory-etuviisto-scaled.png?wsr\",\"width\":2560,\"height\":2560},{\"@type\":\"BreadcrumbList\",\"@id\":\"https:\\\/\\\/westendxfi.com\\\/tuote\\\/westendxfi-sanka\\\/#breadcrumb\",\"itemListElement\":[{\"@type\":\"ListItem\",\"position\":1,\"name\":\"Home\",\"item\":\"https:\\\/\\\/westendxfi.com\\\/\"},{\"@type\":\"ListItem\",\"position\":2,\"name\":\"Tuotteet\",\"item\":\"https:\\\/\\\/westendxfi.com\\\/kauppa\\\/\"},{\"@type\":\"ListItem\",\"position\":3,\"name\":\"Westend Sanka \u2013 sankakuulokkeet\"}]},{\"@type\":\"WebSite\",\"@id\":\"https:\\\/\\\/westendxfi.com\\\/#website\",\"url\":\"https:\\\/\\\/westendxfi.com\\\/\",\"name\":\"WestendXFi \u2013 langattomat kuulokkeet ja kaiuttimet suomalaista \u00e4\u00e4niosaamista\",\"description\":\"Langattomat kuulokkeet\",\"publisher\":{\"@id\":\"https:\\\/\\\/westendxfi.com\\\/#organization\"},\"potentialAction\":[{\"@type\":\"SearchAction\",\"target\":{\"@type\":\"EntryPoint\",\"urlTemplate\":\"https:\\\/\\\/westendxfi.com\\\/?s={search_term_string}\"},\"query-input\":{\"@type\":\"PropertyValueSpecification\",\"valueRequired\":true,\"valueName\":\"search_term_string\"}}],\"inLanguage\":\"sv-SE\"},{\"@type\":\"Organization\",\"@id\":\"https:\\\/\\\/westendxfi.com\\\/#organization\",\"name\":\"WestendXFi \u2013 langattomat kuulokkeet ja kaiuttimet suomalaista \u00e4\u00e4niosaamista\",\"url\":\"https:\\\/\\\/westendxfi.com\\\/\",\"logo\":{\"@type\":\"ImageObject\",\"inLanguage\":\"sv-SE\",\"@id\":\"https:\\\/\\\/westendxfi.com\\\/#\\\/schema\\\/logo\\\/image\\\/\",\"url\":\"https:\\\/\\\/westendxfi.com\\\/wp-content\\\/uploads\\\/2024\\\/08\\\/westendxfi-logo.png?wsr\",\"contentUrl\":\"https:\\\/\\\/westendxfi.com\\\/wp-content\\\/uploads\\\/2024\\\/08\\\/westendxfi-logo.png?wsr\",\"width\":1201,\"height\":140,\"caption\":\"WestendXFi \u2013 langattomat kuulokkeet ja kaiuttimet suomalaista \u00e4\u00e4niosaamista\"},\"image\":{\"@id\":\"https:\\\/\\\/westendxfi.com\\\/#\\\/schema\\\/logo\\\/image\\\/\"}}]}<\/script>\n<!-- \/ Yoast SEO plugin. -->","yoast_head_json":{"title":"Westend Sanka \u2013 sankakuulokkeet - Westend","robots":{"index":"index","follow":"follow","max-snippet":"max-snippet:-1","max-image-preview":"max-image-preview:large","max-video-preview":"max-video-preview:-1"},"canonical":"https:\/\/westendxfi.com\/sv\/produkt\/westendxfi-sanka\/","og_locale":"sv_SE","og_type":"article","og_title":"Westend Sanka \u2013 sankakuulokkeet - Westend","og_description":"Kaikilla tuotteillamme on t\u00e4ysi 60 p\u00e4iv\u00e4n palautusoikeus! Westendin XFi- tuote (Extreme Fidelity), joka muuttaa k\u00e4sityksesi sankakuulokkeista. Toimii langattomasti bluetoothin (versio 6.0) kautta, mutta toimii my\u00f6s perinteisell\u00e4 tavalla johdon kautta. Jos olet sit\u00e4 mielt\u00e4, ett\u00e4 bluetoothin \u00e4\u00e4ni ei ole yht\u00e4 hyv\u00e4 kuin johdon kautta kuunneltuna niin nyt sinun ei tarvitse valita toista. \u2022 Kuulokkeen matalaprofiilinen suljettu [&hellip;]","og_url":"https:\/\/westendxfi.com\/sv\/produkt\/westendxfi-sanka\/","og_site_name":"Westend","article_modified_time":"2026-04-17T22:24:19+00:00","og_image":[{"width":2560,"height":2560,"url":"https:\/\/westendxfi.com\/wp-content\/uploads\/2025\/10\/Sanka-ivory-etuviisto-scaled.png?wsr","type":"image\/png"}],"twitter_card":"summary_large_image","twitter_misc":{"Ber\u00e4knad l\u00e4stid":"2 minuter"},"schema":{"@context":"https:\/\/schema.org","@graph":[{"@type":"WebPage","@id":"https:\/\/westendxfi.com\/tuote\/westendxfi-sanka\/","url":"https:\/\/westendxfi.com\/tuote\/westendxfi-sanka\/","name":"Westend Sanka \u2013 sankakuulokkeet - Westend","isPartOf":{"@id":"https:\/\/westendxfi.com\/#website"},"primaryImageOfPage":{"@id":"https:\/\/westendxfi.com\/tuote\/westendxfi-sanka\/#primaryimage"},"image":{"@id":"https:\/\/westendxfi.com\/tuote\/westendxfi-sanka\/#primaryimage"},"thumbnailUrl":"https:\/\/westendxfi.com\/wp-content\/uploads\/2025\/10\/Sanka-ivory-etuviisto-scaled.png?wsr","datePublished":"2025-10-31T12:53:41+00:00","dateModified":"2026-04-17T22:24:19+00:00","breadcrumb":{"@id":"https:\/\/westendxfi.com\/tuote\/westendxfi-sanka\/#breadcrumb"},"inLanguage":"sv-SE","potentialAction":[{"@type":"ReadAction","target":["https:\/\/westendxfi.com\/tuote\/westendxfi-sanka\/"]}]},{"@type":"ImageObject","inLanguage":"sv-SE","@id":"https:\/\/westendxfi.com\/tuote\/westendxfi-sanka\/#primaryimage","url":"https:\/\/westendxfi.com\/wp-content\/uploads\/2025\/10\/Sanka-ivory-etuviisto-scaled.png?wsr","contentUrl":"https:\/\/westendxfi.com\/wp-content\/uploads\/2025\/10\/Sanka-ivory-etuviisto-scaled.png?wsr","width":2560,"height":2560},{"@type":"BreadcrumbList","@id":"https:\/\/westendxfi.com\/tuote\/westendxfi-sanka\/#breadcrumb","itemListElement":[{"@type":"ListItem","position":1,"name":"Home","item":"https:\/\/westendxfi.com\/"},{"@type":"ListItem","position":2,"name":"Tuotteet","item":"https:\/\/westendxfi.com\/kauppa\/"},{"@type":"ListItem","position":3,"name":"Westend Sanka \u2013 sankakuulokkeet"}]},{"@type":"WebSite","@id":"https:\/\/westendxfi.com\/#website","url":"https:\/\/westendxfi.com\/","name":"WestendXFi \u2013 langattomat kuulokkeet ja kaiuttimet suomalaista \u00e4\u00e4niosaamista","description":"Langattomat kuulokkeet","publisher":{"@id":"https:\/\/westendxfi.com\/#organization"},"potentialAction":[{"@type":"SearchAction","target":{"@type":"EntryPoint","urlTemplate":"https:\/\/westendxfi.com\/?s={search_term_string}"},"query-input":{"@type":"PropertyValueSpecification","valueRequired":true,"valueName":"search_term_string"}}],"inLanguage":"sv-SE"},{"@type":"Organization","@id":"https:\/\/westendxfi.com\/#organization","name":"WestendXFi \u2013 langattomat kuulokkeet ja kaiuttimet suomalaista \u00e4\u00e4niosaamista","url":"https:\/\/westendxfi.com\/","logo":{"@type":"ImageObject","inLanguage":"sv-SE","@id":"https:\/\/westendxfi.com\/#\/schema\/logo\/image\/","url":"https:\/\/westendxfi.com\/wp-content\/uploads\/2024\/08\/westendxfi-logo.png?wsr","contentUrl":"https:\/\/westendxfi.com\/wp-content\/uploads\/2024\/08\/westendxfi-logo.png?wsr","width":1201,"height":140,"caption":"WestendXFi \u2013 langattomat kuulokkeet ja kaiuttimet suomalaista \u00e4\u00e4niosaamista"},"image":{"@id":"https:\/\/westendxfi.com\/#\/schema\/logo\/image\/"}}]}},"taxonomy_info":{"product_brand":[{"value":225,"label":"WestendXFi"}],"product_cat":[{"value":252,"label":"Langattomat kuulokkeet"}],"product_tag":[{"value":291,"label":"75h akku kuulokkeet"},{"value":281,"label":"anc kuulokkeet"},{"value":292,"label":"bluetooth 6 kuulokkeet"},{"value":216,"label":"bluetooth kuulokkeet"},{"value":284,"label":"hi res kuulokkeet"},{"value":288,"label":"kuulokkeet lentokoneeseen"},{"value":286,"label":"kuulokkeet matkustamiseen"},{"value":295,"label":"kuulokkeet musiikkiin"},{"value":289,"label":"kuulokkeet toimistoon"},{"value":287,"label":"kuulokkeet ty\u00f6skentelyyn"},{"value":293,"label":"langalliset kuulokkeet"},{"value":278,"label":"langattomat sankakuulokkeet"},{"value":280,"label":"melunvaimennus kuulokkeet"},{"value":279,"label":"over ear kuulokkeet"},{"value":282,"label":"parhaat sankakuulokkeet"},{"value":290,"label":"pitk\u00e4 akunkesto kuulokkeet"},{"value":285,"label":"premium kuulokkeet"},{"value":194,"label":"Sanka"},{"value":277,"label":"sankakuulokkeet"},{"value":294,"label":"studio kuulokkeet"},{"value":283,"label":"vastamelukuulokkeet"}]},"featured_image_src_large":["https:\/\/westendxfi.com\/wp-content\/uploads\/2025\/10\/Sanka-ivory-etuviisto-1024x1024.png?wsr",800,800,true],"author_info":[],"comment_info":0,"_links":{"self":[{"href":"https:\/\/westendxfi.com\/sv\/wp-json\/wp\/v2\/product\/105762","targetHints":{"allow":["GET"]}}],"collection":[{"href":"https:\/\/westendxfi.com\/sv\/wp-json\/wp\/v2\/product"}],"about":[{"href":"https:\/\/westendxfi.com\/sv\/wp-json\/wp\/v2\/types\/product"}],"replies":[{"embeddable":true,"href":"https:\/\/westendxfi.com\/sv\/wp-json\/wp\/v2\/comments?post=105762"}],"version-history":[{"count":18,"href":"https:\/\/westendxfi.com\/sv\/wp-json\/wp\/v2\/product\/105762\/revisions"}],"predecessor-version":[{"id":109716,"href":"https:\/\/westendxfi.com\/sv\/wp-json\/wp\/v2\/product\/105762\/revisions\/109716"}],"wp:featuredmedia":[{"embeddable":true,"href":"https:\/\/westendxfi.com\/sv\/wp-json\/wp\/v2\/media\/105754"}],"wp:attachment":[{"href":"https:\/\/westendxfi.com\/sv\/wp-json\/wp\/v2\/media?parent=105762"}],"wp:term":[{"taxonomy":"product_brand","embeddable":true,"href":"https:\/\/westendxfi.com\/sv\/wp-json\/wp\/v2\/product_brand?post=105762"},{"taxonomy":"product_cat","embeddable":true,"href":"https:\/\/westendxfi.com\/sv\/wp-json\/wp\/v2\/product_cat?post=105762"},{"taxonomy":"product_tag","embeddable":true,"href":"https:\/\/westendxfi.com\/sv\/wp-json\/wp\/v2\/product_tag?post=105762"}],"curies":[{"name":"wp","href":"https:\/\/api.w.org\/{rel}","templated":true}]}}