{"id":106898,"date":"2026-02-16T09:56:48","date_gmt":"2026-02-16T07:56:48","guid":{"rendered":"https:\/\/westendxfi.com\/?post_type=product&#038;p=106898"},"modified":"2026-04-27T18:36:49","modified_gmt":"2026-04-27T15:36:49","slug":"little-marvel-urheilukuulokkeet","status":"publish","type":"product","link":"https:\/\/westendxfi.com\/sv\/produkt\/little-marvel-urheilukuulokkeet\/","title":{"rendered":"Westend Little Marvel \u2013 sporth\u00f6rlurar"},"content":{"rendered":"<div data-elementor-type=\"product-post\" data-elementor-id=\"106898\" class=\"elementor elementor-106898\" data-elementor-post-type=\"product\">\n\t\t\t\t\t\t<section class=\"elementor-section elementor-top-section elementor-element elementor-element-437632c5 elementor-section-boxed elementor-section-height-default elementor-section-height-default\" data-id=\"437632c5\" data-element_type=\"section\" data-e-type=\"section\">\n\t\t\t\t\t\t<div class=\"elementor-container elementor-column-gap-default\">\n\t\t\t\t\t<div class=\"elementor-column elementor-col-100 elementor-top-column elementor-element elementor-element-aa207c2\" data-id=\"aa207c2\" data-element_type=\"column\" data-e-type=\"column\">\n\t\t\t<div class=\"elementor-widget-wrap elementor-element-populated\">\n\t\t\t\t\t\t<div class=\"elementor-element elementor-element-36151bd4 elementor-widget elementor-widget-text-editor\" data-id=\"36151bd4\" data-element_type=\"widget\" data-e-type=\"widget\" data-widget_type=\"text-editor.default\">\n\t\t\t\t<div class=\"elementor-widget-container\">\n\t\t\t\t\t\t\t\t\t<p>Markkinoiden pienikokoisin langaton kuuloke, joka haastaa kalliit hifi-merkit h\u00e4mm\u00e4stytt\u00e4v\u00e4n kirkkaalla soundilla ja pett\u00e4m\u00e4tt\u00f6m\u00e4ll\u00e4 korvapysyvyydell\u00e4. Ainutlaatuisen litte\u00e4n muotoilunsa ansiosta Little Marvelit pysyv\u00e4t mukavasti korvassa kaikissa tilanteissa \u2013 jopa eritt\u00e4in vauhdikkaassa menossa. N\u00e4m\u00e4 kuulokkeet tarjoavat rajattomat mahdollisuudet urheiluun, vapaa-aikaan ja soveltuvat mukavasti ja turvallisesti my\u00f6s nukkumiseen. Teko\u00e4lyyn perustuva melunvaimennus takaa kristallinkirkkaat puhelut.<\/p><p><strong><a href=\"https:\/\/westendxfi.com\/sv\/tuotteiden-kayttoohjeet\/\"><span style=\"text-decoration: underline;\">Katso k\u00e4ytt\u00f6ohjevideo<\/span><\/a><\/strong><\/p>\t\t\t\t\t\t\t\t<\/div>\n\t\t\t\t<\/div>\n\t\t\t\t\t<\/div>\n\t\t<\/div>\n\t\t\t\t\t<\/div>\n\t\t<\/section>\n\t\t\t\t<\/div>","protected":false},"excerpt":{"rendered":"<p>Suomessa suunniteltu hifi-tason soundi. Litte\u00e4n muotoilunsa ansiosta kuulokkeet mahtuvat vaikka kyp\u00e4r\u00e4n sis\u00e4\u00e4n.<\/p>","protected":false},"featured_media":110228,"comment_status":"open","ping_status":"closed","template":"","meta":{"_acf_changed":false,"inline_featured_image":false,"_kad_blocks_custom_css":"","_kad_blocks_head_custom_js":"","_kad_blocks_body_custom_js":"","_kad_blocks_footer_custom_js":"","pgc_sgb_lightbox_settings":""},"product_brand":[225],"product_cat":[224],"product_tag":[209],"class_list":{"0":"post-106898","1":"product","2":"type-product","3":"status-publish","4":"has-post-thumbnail","6":"product_brand-westendxfi","7":"product_cat-urheilukuulokkeet","8":"product_tag-lm-n","9":"product_shipping_class-kirje","11":"first","12":"instock","13":"sale","14":"featured","15":"taxable","16":"shipping-taxable","17":"purchasable","18":"product-type-simple"},"acf":[],"yoast_head":"<!-- This site is optimized with the Yoast SEO plugin v27.5 - https:\/\/yoast.com\/product\/yoast-seo-wordpress\/ -->\n<title>Parhaat urheilukuulokkeet 2026 \u2013 Little Marvel ultrakevyet Bluetooth-kuulokkeet<\/title>\n<meta name=\"description\" content=\"Etsitk\u00f6 parhaat urheilukuulokkeet? Little Marvel ovat ultrakevyet Bluetooth-urheilukuulokkeet juoksuun ja treeniin. Vain 2,8 g per kuuloke, jopa 40 h akku\" \/>\n<meta name=\"robots\" content=\"index, follow, max-snippet:-1, max-image-preview:large, max-video-preview:-1\" \/>\n<link rel=\"canonical\" href=\"https:\/\/westendxfi.com\/sv\/produkt\/little-marvel-urheilukuulokkeet\/\" \/>\n<meta property=\"og:locale\" content=\"sv_SE\" \/>\n<meta property=\"og:type\" content=\"article\" \/>\n<meta property=\"og:title\" content=\"Parhaat urheilukuulokkeet 2026 \u2013 Little Marvel ultrakevyet Bluetooth-kuulokkeet\" \/>\n<meta property=\"og:description\" content=\"Etsitk\u00f6 parhaat urheilukuulokkeet? Little Marvel ovat ultrakevyet Bluetooth-urheilukuulokkeet juoksuun ja treeniin. Vain 2,8 g per kuuloke, jopa 40 h akku\" \/>\n<meta property=\"og:url\" content=\"https:\/\/westendxfi.com\/sv\/produkt\/little-marvel-urheilukuulokkeet\/\" \/>\n<meta property=\"og:site_name\" content=\"Westend\" \/>\n<meta property=\"article:modified_time\" content=\"2026-04-27T15:36:49+00:00\" \/>\n<meta property=\"og:image\" content=\"https:\/\/westendxfi.com\/wp-content\/uploads\/2026\/02\/ChatGPT-Image-Apr-24-2026-10_09_01-PM.png?wsr\" \/>\n\t<meta property=\"og:image:width\" content=\"1254\" \/>\n\t<meta property=\"og:image:height\" content=\"1254\" \/>\n\t<meta property=\"og:image:type\" content=\"image\/png\" \/>\n<meta name=\"twitter:card\" content=\"summary_large_image\" \/>\n<meta name=\"twitter:label1\" content=\"Ber\u00e4knad l\u00e4stid\" \/>\n\t<meta name=\"twitter:data1\" content=\"1 minut\" \/>\n<script type=\"application\/ld+json\" class=\"yoast-schema-graph\">{\"@context\":\"https:\\\/\\\/schema.org\",\"@graph\":[{\"@type\":\"WebPage\",\"@id\":\"https:\\\/\\\/westendxfi.com\\\/tuote\\\/little-marvel-urheilukuulokkeet\\\/\",\"url\":\"https:\\\/\\\/westendxfi.com\\\/tuote\\\/little-marvel-urheilukuulokkeet\\\/\",\"name\":\"Parhaat urheilukuulokkeet 2026 \u2013 Little Marvel ultrakevyet Bluetooth-kuulokkeet\",\"isPartOf\":{\"@id\":\"https:\\\/\\\/westendxfi.com\\\/#website\"},\"primaryImageOfPage\":{\"@id\":\"https:\\\/\\\/westendxfi.com\\\/tuote\\\/little-marvel-urheilukuulokkeet\\\/#primaryimage\"},\"image\":{\"@id\":\"https:\\\/\\\/westendxfi.com\\\/tuote\\\/little-marvel-urheilukuulokkeet\\\/#primaryimage\"},\"thumbnailUrl\":\"https:\\\/\\\/westendxfi.com\\\/wp-content\\\/uploads\\\/2026\\\/02\\\/ChatGPT-Image-Apr-24-2026-10_09_01-PM.png?wsr\",\"datePublished\":\"2026-02-16T07:56:48+00:00\",\"dateModified\":\"2026-04-27T15:36:49+00:00\",\"description\":\"Etsitk\u00f6 parhaat urheilukuulokkeet? Little Marvel ovat ultrakevyet Bluetooth-urheilukuulokkeet juoksuun ja treeniin. Vain 2,8 g per kuuloke, jopa 40 h akku\",\"breadcrumb\":{\"@id\":\"https:\\\/\\\/westendxfi.com\\\/tuote\\\/little-marvel-urheilukuulokkeet\\\/#breadcrumb\"},\"inLanguage\":\"sv-SE\",\"potentialAction\":[{\"@type\":\"ReadAction\",\"target\":[\"https:\\\/\\\/westendxfi.com\\\/tuote\\\/little-marvel-urheilukuulokkeet\\\/\"]}]},{\"@type\":\"ImageObject\",\"inLanguage\":\"sv-SE\",\"@id\":\"https:\\\/\\\/westendxfi.com\\\/tuote\\\/little-marvel-urheilukuulokkeet\\\/#primaryimage\",\"url\":\"https:\\\/\\\/westendxfi.com\\\/wp-content\\\/uploads\\\/2026\\\/02\\\/ChatGPT-Image-Apr-24-2026-10_09_01-PM.png?wsr\",\"contentUrl\":\"https:\\\/\\\/westendxfi.com\\\/wp-content\\\/uploads\\\/2026\\\/02\\\/ChatGPT-Image-Apr-24-2026-10_09_01-PM.png?wsr\",\"width\":1254,\"height\":1254},{\"@type\":\"BreadcrumbList\",\"@id\":\"https:\\\/\\\/westendxfi.com\\\/tuote\\\/little-marvel-urheilukuulokkeet\\\/#breadcrumb\",\"itemListElement\":[{\"@type\":\"ListItem\",\"position\":1,\"name\":\"Home\",\"item\":\"https:\\\/\\\/westendxfi.com\\\/\"},{\"@type\":\"ListItem\",\"position\":2,\"name\":\"Tuotteet\",\"item\":\"https:\\\/\\\/westendxfi.com\\\/kauppa\\\/\"},{\"@type\":\"ListItem\",\"position\":3,\"name\":\"Westend Little Marvel \u2013 urheilukuulokkeet\"}]},{\"@type\":\"WebSite\",\"@id\":\"https:\\\/\\\/westendxfi.com\\\/#website\",\"url\":\"https:\\\/\\\/westendxfi.com\\\/\",\"name\":\"WestendXFi \u2013 langattomat kuulokkeet ja kaiuttimet suomalaista \u00e4\u00e4niosaamista\",\"description\":\"Langattomat kuulokkeet\",\"publisher\":{\"@id\":\"https:\\\/\\\/westendxfi.com\\\/#organization\"},\"potentialAction\":[{\"@type\":\"SearchAction\",\"target\":{\"@type\":\"EntryPoint\",\"urlTemplate\":\"https:\\\/\\\/westendxfi.com\\\/?s={search_term_string}\"},\"query-input\":{\"@type\":\"PropertyValueSpecification\",\"valueRequired\":true,\"valueName\":\"search_term_string\"}}],\"inLanguage\":\"sv-SE\"},{\"@type\":\"Organization\",\"@id\":\"https:\\\/\\\/westendxfi.com\\\/#organization\",\"name\":\"WestendXFi \u2013 langattomat kuulokkeet ja kaiuttimet suomalaista \u00e4\u00e4niosaamista\",\"url\":\"https:\\\/\\\/westendxfi.com\\\/\",\"logo\":{\"@type\":\"ImageObject\",\"inLanguage\":\"sv-SE\",\"@id\":\"https:\\\/\\\/westendxfi.com\\\/#\\\/schema\\\/logo\\\/image\\\/\",\"url\":\"https:\\\/\\\/westendxfi.com\\\/wp-content\\\/uploads\\\/2024\\\/08\\\/westendxfi-logo.png?wsr\",\"contentUrl\":\"https:\\\/\\\/westendxfi.com\\\/wp-content\\\/uploads\\\/2024\\\/08\\\/westendxfi-logo.png?wsr\",\"width\":1201,\"height\":140,\"caption\":\"WestendXFi \u2013 langattomat kuulokkeet ja kaiuttimet suomalaista \u00e4\u00e4niosaamista\"},\"image\":{\"@id\":\"https:\\\/\\\/westendxfi.com\\\/#\\\/schema\\\/logo\\\/image\\\/\"}}]}<\/script>\n<!-- \/ Yoast SEO plugin. -->","yoast_head_json":{"title":"Parhaat urheilukuulokkeet 2026 \u2013 Little Marvel ultrakevyet Bluetooth-kuulokkeet","description":"Etsitk\u00f6 parhaat urheilukuulokkeet? Little Marvel ovat ultrakevyet Bluetooth-urheilukuulokkeet juoksuun ja treeniin. Vain 2,8 g per kuuloke, jopa 40 h akku","robots":{"index":"index","follow":"follow","max-snippet":"max-snippet:-1","max-image-preview":"max-image-preview:large","max-video-preview":"max-video-preview:-1"},"canonical":"https:\/\/westendxfi.com\/sv\/produkt\/little-marvel-urheilukuulokkeet\/","og_locale":"sv_SE","og_type":"article","og_title":"Parhaat urheilukuulokkeet 2026 \u2013 Little Marvel ultrakevyet Bluetooth-kuulokkeet","og_description":"Etsitk\u00f6 parhaat urheilukuulokkeet? Little Marvel ovat ultrakevyet Bluetooth-urheilukuulokkeet juoksuun ja treeniin. Vain 2,8 g per kuuloke, jopa 40 h akku","og_url":"https:\/\/westendxfi.com\/sv\/produkt\/little-marvel-urheilukuulokkeet\/","og_site_name":"Westend","article_modified_time":"2026-04-27T15:36:49+00:00","og_image":[{"width":1254,"height":1254,"url":"https:\/\/westendxfi.com\/wp-content\/uploads\/2026\/02\/ChatGPT-Image-Apr-24-2026-10_09_01-PM.png?wsr","type":"image\/png"}],"twitter_card":"summary_large_image","twitter_misc":{"Ber\u00e4knad l\u00e4stid":"1 minut"},"schema":{"@context":"https:\/\/schema.org","@graph":[{"@type":"WebPage","@id":"https:\/\/westendxfi.com\/tuote\/little-marvel-urheilukuulokkeet\/","url":"https:\/\/westendxfi.com\/tuote\/little-marvel-urheilukuulokkeet\/","name":"Parhaat urheilukuulokkeet 2026 \u2013 Little Marvel ultrakevyet Bluetooth-kuulokkeet","isPartOf":{"@id":"https:\/\/westendxfi.com\/#website"},"primaryImageOfPage":{"@id":"https:\/\/westendxfi.com\/tuote\/little-marvel-urheilukuulokkeet\/#primaryimage"},"image":{"@id":"https:\/\/westendxfi.com\/tuote\/little-marvel-urheilukuulokkeet\/#primaryimage"},"thumbnailUrl":"https:\/\/westendxfi.com\/wp-content\/uploads\/2026\/02\/ChatGPT-Image-Apr-24-2026-10_09_01-PM.png?wsr","datePublished":"2026-02-16T07:56:48+00:00","dateModified":"2026-04-27T15:36:49+00:00","description":"Etsitk\u00f6 parhaat urheilukuulokkeet? Little Marvel ovat ultrakevyet Bluetooth-urheilukuulokkeet juoksuun ja treeniin. Vain 2,8 g per kuuloke, jopa 40 h akku","breadcrumb":{"@id":"https:\/\/westendxfi.com\/tuote\/little-marvel-urheilukuulokkeet\/#breadcrumb"},"inLanguage":"sv-SE","potentialAction":[{"@type":"ReadAction","target":["https:\/\/westendxfi.com\/tuote\/little-marvel-urheilukuulokkeet\/"]}]},{"@type":"ImageObject","inLanguage":"sv-SE","@id":"https:\/\/westendxfi.com\/tuote\/little-marvel-urheilukuulokkeet\/#primaryimage","url":"https:\/\/westendxfi.com\/wp-content\/uploads\/2026\/02\/ChatGPT-Image-Apr-24-2026-10_09_01-PM.png?wsr","contentUrl":"https:\/\/westendxfi.com\/wp-content\/uploads\/2026\/02\/ChatGPT-Image-Apr-24-2026-10_09_01-PM.png?wsr","width":1254,"height":1254},{"@type":"BreadcrumbList","@id":"https:\/\/westendxfi.com\/tuote\/little-marvel-urheilukuulokkeet\/#breadcrumb","itemListElement":[{"@type":"ListItem","position":1,"name":"Home","item":"https:\/\/westendxfi.com\/"},{"@type":"ListItem","position":2,"name":"Tuotteet","item":"https:\/\/westendxfi.com\/kauppa\/"},{"@type":"ListItem","position":3,"name":"Westend Little Marvel \u2013 urheilukuulokkeet"}]},{"@type":"WebSite","@id":"https:\/\/westendxfi.com\/#website","url":"https:\/\/westendxfi.com\/","name":"WestendXFi \u2013 langattomat kuulokkeet ja kaiuttimet suomalaista \u00e4\u00e4niosaamista","description":"Langattomat kuulokkeet","publisher":{"@id":"https:\/\/westendxfi.com\/#organization"},"potentialAction":[{"@type":"SearchAction","target":{"@type":"EntryPoint","urlTemplate":"https:\/\/westendxfi.com\/?s={search_term_string}"},"query-input":{"@type":"PropertyValueSpecification","valueRequired":true,"valueName":"search_term_string"}}],"inLanguage":"sv-SE"},{"@type":"Organization","@id":"https:\/\/westendxfi.com\/#organization","name":"WestendXFi \u2013 langattomat kuulokkeet ja kaiuttimet suomalaista \u00e4\u00e4niosaamista","url":"https:\/\/westendxfi.com\/","logo":{"@type":"ImageObject","inLanguage":"sv-SE","@id":"https:\/\/westendxfi.com\/#\/schema\/logo\/image\/","url":"https:\/\/westendxfi.com\/wp-content\/uploads\/2024\/08\/westendxfi-logo.png?wsr","contentUrl":"https:\/\/westendxfi.com\/wp-content\/uploads\/2024\/08\/westendxfi-logo.png?wsr","width":1201,"height":140,"caption":"WestendXFi \u2013 langattomat kuulokkeet ja kaiuttimet suomalaista \u00e4\u00e4niosaamista"},"image":{"@id":"https:\/\/westendxfi.com\/#\/schema\/logo\/image\/"}}]}},"taxonomy_info":{"product_brand":[{"value":225,"label":"WestendXFi"}],"product_cat":[{"value":224,"label":"Urheilukuulokkeet"}],"product_tag":[{"value":209,"label":"LM-N"}]},"featured_image_src_large":["https:\/\/westendxfi.com\/wp-content\/uploads\/2026\/02\/ChatGPT-Image-Apr-24-2026-10_09_01-PM-1024x1024.png?wsr",800,800,true],"author_info":[],"comment_info":17,"_links":{"self":[{"href":"https:\/\/westendxfi.com\/sv\/wp-json\/wp\/v2\/product\/106898","targetHints":{"allow":["GET"]}}],"collection":[{"href":"https:\/\/westendxfi.com\/sv\/wp-json\/wp\/v2\/product"}],"about":[{"href":"https:\/\/westendxfi.com\/sv\/wp-json\/wp\/v2\/types\/product"}],"replies":[{"embeddable":true,"href":"https:\/\/westendxfi.com\/sv\/wp-json\/wp\/v2\/comments?post=106898"}],"version-history":[{"count":86,"href":"https:\/\/westendxfi.com\/sv\/wp-json\/wp\/v2\/product\/106898\/revisions"}],"predecessor-version":[{"id":110296,"href":"https:\/\/westendxfi.com\/sv\/wp-json\/wp\/v2\/product\/106898\/revisions\/110296"}],"wp:featuredmedia":[{"embeddable":true,"href":"https:\/\/westendxfi.com\/sv\/wp-json\/wp\/v2\/media\/110228"}],"wp:attachment":[{"href":"https:\/\/westendxfi.com\/sv\/wp-json\/wp\/v2\/media?parent=106898"}],"wp:term":[{"taxonomy":"product_brand","embeddable":true,"href":"https:\/\/westendxfi.com\/sv\/wp-json\/wp\/v2\/product_brand?post=106898"},{"taxonomy":"product_cat","embeddable":true,"href":"https:\/\/westendxfi.com\/sv\/wp-json\/wp\/v2\/product_cat?post=106898"},{"taxonomy":"product_tag","embeddable":true,"href":"https:\/\/westendxfi.com\/sv\/wp-json\/wp\/v2\/product_tag?post=106898"}],"curies":[{"name":"wp","href":"https:\/\/api.w.org\/{rel}","templated":true}]}}