{"id":108839,"date":"2026-03-30T19:51:28","date_gmt":"2026-03-30T16:51:28","guid":{"rendered":"https:\/\/westendxfi.com\/?post_type=product&#038;p=108839"},"modified":"2026-04-18T01:23:40","modified_gmt":"2026-04-17T22:23:40","slug":"aly-sormus-tarjous","status":"publish","type":"product","link":"https:\/\/westendxfi.com\/sv\/produkt\/aly-sormus-tarjous\/","title":{"rendered":"Westend Smart Ring \u2013 \u00e4lysormus + G100"},"content":{"rendered":"<p>Westend Smart Ring on huomaamaton ja tyylik\u00e4s tapa seurata hyvinvointiasi tarkasti ymp\u00e4ri vuorokauden. Se yhdist\u00e4\u00e4 edistyneen mittausteknologian ja minimalistisen muotoilun \u2013 ilman kuukausimaksuja.<\/p>\n<p>Seuraa unta, sykett\u00e4, palautumista ja aktiivisuutta automaattisesti. Saat selke\u00e4n n\u00e4kym\u00e4n kehosi tilaan ja ymm\u00e4rr\u00e4t paremmin, miten arjen valinnat vaikuttavat hyvinvointiisi.<\/p>\n<p>Sormus on kevyt, kest\u00e4v\u00e4 ja suunniteltu jatkuvaan k\u00e4ytt\u00f6\u00f6n \u2013 niin p\u00e4iv\u00e4\u00e4n, y\u00f6h\u00f6n kuin harjoitteluun.<\/p>\n<p>KESKEISET HY\u00d6DYT<\/p>\n<p>\u2022 24\/7 hyvinvoinnin seuranta<br \/>\n\u2022 Tarkka syke- ja unidata<br \/>\n\u2022 Aktiivisuuden ja palautumisen analyysi<br \/>\n\u2022 Pitk\u00e4 akunkesto<br \/>\n\u2022 Huomaamaton ja mukava k\u00e4ytt\u00e4\u00e4<br \/>\n\u2022 Ei kuukausimaksuja<\/p>\n<p>KENELLE SOPII<\/p>\n<p>Westend Smart Ring sopii sinulle, joka haluat ymm\u00e4rt\u00e4\u00e4 kehoasi paremmin, optimoida palautumista ja tehd\u00e4 parempia p\u00e4\u00e4t\u00f6ksi\u00e4 hyvinvointisi tueksi \u2013 helposti ja ilman ylim\u00e4\u00e4r\u00e4isi\u00e4 laitteita.<\/p>\n<p>Yksi sormus. Kaikki oleellinen data. T\u00e4ysin sinun.<\/p>","protected":false},"excerpt":{"rendered":"<p>Westend Smart Ring on huomaamaton ja tyylik\u00e4s tapa seurata hyvinvointiasi tarkasti ymp\u00e4ri vuorokauden. Se yhdist\u00e4\u00e4 edistyneen mittausteknologian ja minimalistisen muotoilun \u2013 ilman kuukausimaksuja. Seuraa unta, sykett\u00e4, palautumista ja aktiivisuutta automaattisesti. Saat selke\u00e4n n\u00e4kym\u00e4n kehosi tilaan ja ymm\u00e4rr\u00e4t paremmin, miten arjen valinnat vaikuttavat hyvinvointiisi. Sormus on kevyt, kest\u00e4v\u00e4 ja suunniteltu jatkuvaan k\u00e4ytt\u00f6\u00f6n \u2013 niin p\u00e4iv\u00e4\u00e4n, y\u00f6h\u00f6n [&hellip;]<\/p>\n","protected":false},"featured_media":103973,"comment_status":"open","ping_status":"closed","template":"","meta":{"_acf_changed":false,"inline_featured_image":false,"_kad_blocks_custom_css":"","_kad_blocks_head_custom_js":"","_kad_blocks_body_custom_js":"","_kad_blocks_footer_custom_js":"","pgc_sgb_lightbox_settings":""},"product_brand":[225],"product_cat":[227],"product_tag":[245,232,240,247,238,234,235,246,241,250,239,237,236,243,242,251,231,233,248,258,244,249,205],"class_list":{"0":"post-108839","1":"product","2":"type-product","3":"status-publish","4":"has-post-thumbnail","6":"product_brand-westendxfi","7":"product_cat-alysormukset","8":"product_tag-aktiivisuussormus","9":"product_tag-alysormus","10":"product_tag-alysormus-aktiivisuus","11":"product_tag-alysormus-android","12":"product_tag-alysormus-hrv","13":"product_tag-alysormus-hyvinvointi","14":"product_tag-alysormus-ilman-kuukausimaksua","15":"product_tag-alysormus-iphone","16":"product_tag-alysormus-lampotila","17":"product_tag-alysormus-seuranta","18":"product_tag-alysormus-spo2","19":"product_tag-alysormus-syke","20":"product_tag-alysormus-uni","21":"product_tag-fitness-sormus","22":"product_tag-hyvinvointisormus","23":"product_tag-paras-alysormus","24":"product_tag-ring","25":"product_tag-smart-ring","26":"product_tag-smart-ring-finland","27":"product_tag-sticky-variable","28":"product_tag-terveyssormus","29":"product_tag-wearable-sormus","30":"product_tag-westend-smart-ring-no-bundle","31":"product_shipping_class-paketti","33":"first","34":"instock","35":"sale","36":"featured","37":"taxable","38":"shipping-taxable","39":"purchasable","40":"product-type-variable"},"acf":[],"yoast_head":"<!-- This site is optimized with the Yoast SEO plugin v27.5 - https:\/\/yoast.com\/product\/yoast-seo-wordpress\/ -->\n<title>Westend Smart Ring \u2013 \u00e4lysormus + G100 - Westend<\/title>\n<meta name=\"robots\" content=\"index, follow, max-snippet:-1, max-image-preview:large, max-video-preview:-1\" \/>\n<link rel=\"canonical\" href=\"https:\/\/westendxfi.com\/sv\/produkt\/aly-sormus-tarjous\/\" \/>\n<meta property=\"og:locale\" content=\"sv_SE\" \/>\n<meta property=\"og:type\" content=\"article\" \/>\n<meta property=\"og:title\" content=\"Westend Smart Ring \u2013 \u00e4lysormus + G100 - Westend\" \/>\n<meta property=\"og:description\" content=\"Westend Smart Ring on huomaamaton ja tyylik\u00e4s tapa seurata hyvinvointiasi tarkasti ymp\u00e4ri vuorokauden. Se yhdist\u00e4\u00e4 edistyneen mittausteknologian ja minimalistisen muotoilun \u2013 ilman kuukausimaksuja. Seuraa unta, sykett\u00e4, palautumista ja aktiivisuutta automaattisesti. Saat selke\u00e4n n\u00e4kym\u00e4n kehosi tilaan ja ymm\u00e4rr\u00e4t paremmin, miten arjen valinnat vaikuttavat hyvinvointiisi. Sormus on kevyt, kest\u00e4v\u00e4 ja suunniteltu jatkuvaan k\u00e4ytt\u00f6\u00f6n \u2013 niin p\u00e4iv\u00e4\u00e4n, y\u00f6h\u00f6n [&hellip;]\" \/>\n<meta property=\"og:url\" content=\"https:\/\/westendxfi.com\/sv\/produkt\/aly-sormus-tarjous\/\" \/>\n<meta property=\"og:site_name\" content=\"Westend\" \/>\n<meta property=\"article:modified_time\" content=\"2026-04-17T22:23:40+00:00\" \/>\n<meta property=\"og:image\" content=\"https:\/\/westendxfi.com\/wp-content\/uploads\/2025\/04\/WR004-3.png?wsr\" \/>\n\t<meta property=\"og:image:width\" content=\"2000\" \/>\n\t<meta property=\"og:image:height\" content=\"2000\" \/>\n\t<meta property=\"og:image:type\" content=\"image\/png\" \/>\n<meta name=\"twitter:card\" content=\"summary_large_image\" \/>\n<meta name=\"twitter:label1\" content=\"Ber\u00e4knad l\u00e4stid\" \/>\n\t<meta name=\"twitter:data1\" content=\"1 minut\" \/>\n<script type=\"application\/ld+json\" class=\"yoast-schema-graph\">{\"@context\":\"https:\\\/\\\/schema.org\",\"@graph\":[{\"@type\":\"WebPage\",\"@id\":\"https:\\\/\\\/westendxfi.com\\\/tuote\\\/aly-sormus-tarjous\\\/\",\"url\":\"https:\\\/\\\/westendxfi.com\\\/tuote\\\/aly-sormus-tarjous\\\/\",\"name\":\"Westend Smart Ring \u2013 \u00e4lysormus + G100 - Westend\",\"isPartOf\":{\"@id\":\"https:\\\/\\\/westendxfi.com\\\/#website\"},\"primaryImageOfPage\":{\"@id\":\"https:\\\/\\\/westendxfi.com\\\/tuote\\\/aly-sormus-tarjous\\\/#primaryimage\"},\"image\":{\"@id\":\"https:\\\/\\\/westendxfi.com\\\/tuote\\\/aly-sormus-tarjous\\\/#primaryimage\"},\"thumbnailUrl\":\"https:\\\/\\\/westendxfi.com\\\/wp-content\\\/uploads\\\/2025\\\/04\\\/WR004-3.png?wsr\",\"datePublished\":\"2026-03-30T16:51:28+00:00\",\"dateModified\":\"2026-04-17T22:23:40+00:00\",\"breadcrumb\":{\"@id\":\"https:\\\/\\\/westendxfi.com\\\/tuote\\\/aly-sormus-tarjous\\\/#breadcrumb\"},\"inLanguage\":\"sv-SE\",\"potentialAction\":[{\"@type\":\"ReadAction\",\"target\":[\"https:\\\/\\\/westendxfi.com\\\/tuote\\\/aly-sormus-tarjous\\\/\"]}]},{\"@type\":\"ImageObject\",\"inLanguage\":\"sv-SE\",\"@id\":\"https:\\\/\\\/westendxfi.com\\\/tuote\\\/aly-sormus-tarjous\\\/#primaryimage\",\"url\":\"https:\\\/\\\/westendxfi.com\\\/wp-content\\\/uploads\\\/2025\\\/04\\\/WR004-3.png?wsr\",\"contentUrl\":\"https:\\\/\\\/westendxfi.com\\\/wp-content\\\/uploads\\\/2025\\\/04\\\/WR004-3.png?wsr\",\"width\":2000,\"height\":2000},{\"@type\":\"BreadcrumbList\",\"@id\":\"https:\\\/\\\/westendxfi.com\\\/tuote\\\/aly-sormus-tarjous\\\/#breadcrumb\",\"itemListElement\":[{\"@type\":\"ListItem\",\"position\":1,\"name\":\"Home\",\"item\":\"https:\\\/\\\/westendxfi.com\\\/\"},{\"@type\":\"ListItem\",\"position\":2,\"name\":\"Tuotteet\",\"item\":\"https:\\\/\\\/westendxfi.com\\\/kauppa\\\/\"},{\"@type\":\"ListItem\",\"position\":3,\"name\":\"Westend Smart Ring \u2013 \u00e4lysormus + G100\"}]},{\"@type\":\"WebSite\",\"@id\":\"https:\\\/\\\/westendxfi.com\\\/#website\",\"url\":\"https:\\\/\\\/westendxfi.com\\\/\",\"name\":\"WestendXFi \u2013 langattomat kuulokkeet ja kaiuttimet suomalaista \u00e4\u00e4niosaamista\",\"description\":\"Langattomat kuulokkeet\",\"publisher\":{\"@id\":\"https:\\\/\\\/westendxfi.com\\\/#organization\"},\"potentialAction\":[{\"@type\":\"SearchAction\",\"target\":{\"@type\":\"EntryPoint\",\"urlTemplate\":\"https:\\\/\\\/westendxfi.com\\\/?s={search_term_string}\"},\"query-input\":{\"@type\":\"PropertyValueSpecification\",\"valueRequired\":true,\"valueName\":\"search_term_string\"}}],\"inLanguage\":\"sv-SE\"},{\"@type\":\"Organization\",\"@id\":\"https:\\\/\\\/westendxfi.com\\\/#organization\",\"name\":\"WestendXFi \u2013 langattomat kuulokkeet ja kaiuttimet suomalaista \u00e4\u00e4niosaamista\",\"url\":\"https:\\\/\\\/westendxfi.com\\\/\",\"logo\":{\"@type\":\"ImageObject\",\"inLanguage\":\"sv-SE\",\"@id\":\"https:\\\/\\\/westendxfi.com\\\/#\\\/schema\\\/logo\\\/image\\\/\",\"url\":\"https:\\\/\\\/westendxfi.com\\\/wp-content\\\/uploads\\\/2024\\\/08\\\/westendxfi-logo.png?wsr\",\"contentUrl\":\"https:\\\/\\\/westendxfi.com\\\/wp-content\\\/uploads\\\/2024\\\/08\\\/westendxfi-logo.png?wsr\",\"width\":1201,\"height\":140,\"caption\":\"WestendXFi \u2013 langattomat kuulokkeet ja kaiuttimet suomalaista \u00e4\u00e4niosaamista\"},\"image\":{\"@id\":\"https:\\\/\\\/westendxfi.com\\\/#\\\/schema\\\/logo\\\/image\\\/\"}}]}<\/script>\n<!-- \/ Yoast SEO plugin. -->","yoast_head_json":{"title":"Westend Smart Ring \u2013 \u00e4lysormus + G100 - Westend","robots":{"index":"index","follow":"follow","max-snippet":"max-snippet:-1","max-image-preview":"max-image-preview:large","max-video-preview":"max-video-preview:-1"},"canonical":"https:\/\/westendxfi.com\/sv\/produkt\/aly-sormus-tarjous\/","og_locale":"sv_SE","og_type":"article","og_title":"Westend Smart Ring \u2013 \u00e4lysormus + G100 - Westend","og_description":"Westend Smart Ring on huomaamaton ja tyylik\u00e4s tapa seurata hyvinvointiasi tarkasti ymp\u00e4ri vuorokauden. Se yhdist\u00e4\u00e4 edistyneen mittausteknologian ja minimalistisen muotoilun \u2013 ilman kuukausimaksuja. Seuraa unta, sykett\u00e4, palautumista ja aktiivisuutta automaattisesti. Saat selke\u00e4n n\u00e4kym\u00e4n kehosi tilaan ja ymm\u00e4rr\u00e4t paremmin, miten arjen valinnat vaikuttavat hyvinvointiisi. Sormus on kevyt, kest\u00e4v\u00e4 ja suunniteltu jatkuvaan k\u00e4ytt\u00f6\u00f6n \u2013 niin p\u00e4iv\u00e4\u00e4n, y\u00f6h\u00f6n [&hellip;]","og_url":"https:\/\/westendxfi.com\/sv\/produkt\/aly-sormus-tarjous\/","og_site_name":"Westend","article_modified_time":"2026-04-17T22:23:40+00:00","og_image":[{"width":2000,"height":2000,"url":"https:\/\/westendxfi.com\/wp-content\/uploads\/2025\/04\/WR004-3.png?wsr","type":"image\/png"}],"twitter_card":"summary_large_image","twitter_misc":{"Ber\u00e4knad l\u00e4stid":"1 minut"},"schema":{"@context":"https:\/\/schema.org","@graph":[{"@type":"WebPage","@id":"https:\/\/westendxfi.com\/tuote\/aly-sormus-tarjous\/","url":"https:\/\/westendxfi.com\/tuote\/aly-sormus-tarjous\/","name":"Westend Smart Ring \u2013 \u00e4lysormus + G100 - Westend","isPartOf":{"@id":"https:\/\/westendxfi.com\/#website"},"primaryImageOfPage":{"@id":"https:\/\/westendxfi.com\/tuote\/aly-sormus-tarjous\/#primaryimage"},"image":{"@id":"https:\/\/westendxfi.com\/tuote\/aly-sormus-tarjous\/#primaryimage"},"thumbnailUrl":"https:\/\/westendxfi.com\/wp-content\/uploads\/2025\/04\/WR004-3.png?wsr","datePublished":"2026-03-30T16:51:28+00:00","dateModified":"2026-04-17T22:23:40+00:00","breadcrumb":{"@id":"https:\/\/westendxfi.com\/tuote\/aly-sormus-tarjous\/#breadcrumb"},"inLanguage":"sv-SE","potentialAction":[{"@type":"ReadAction","target":["https:\/\/westendxfi.com\/tuote\/aly-sormus-tarjous\/"]}]},{"@type":"ImageObject","inLanguage":"sv-SE","@id":"https:\/\/westendxfi.com\/tuote\/aly-sormus-tarjous\/#primaryimage","url":"https:\/\/westendxfi.com\/wp-content\/uploads\/2025\/04\/WR004-3.png?wsr","contentUrl":"https:\/\/westendxfi.com\/wp-content\/uploads\/2025\/04\/WR004-3.png?wsr","width":2000,"height":2000},{"@type":"BreadcrumbList","@id":"https:\/\/westendxfi.com\/tuote\/aly-sormus-tarjous\/#breadcrumb","itemListElement":[{"@type":"ListItem","position":1,"name":"Home","item":"https:\/\/westendxfi.com\/"},{"@type":"ListItem","position":2,"name":"Tuotteet","item":"https:\/\/westendxfi.com\/kauppa\/"},{"@type":"ListItem","position":3,"name":"Westend Smart Ring \u2013 \u00e4lysormus + G100"}]},{"@type":"WebSite","@id":"https:\/\/westendxfi.com\/#website","url":"https:\/\/westendxfi.com\/","name":"WestendXFi \u2013 langattomat kuulokkeet ja kaiuttimet suomalaista \u00e4\u00e4niosaamista","description":"Langattomat kuulokkeet","publisher":{"@id":"https:\/\/westendxfi.com\/#organization"},"potentialAction":[{"@type":"SearchAction","target":{"@type":"EntryPoint","urlTemplate":"https:\/\/westendxfi.com\/?s={search_term_string}"},"query-input":{"@type":"PropertyValueSpecification","valueRequired":true,"valueName":"search_term_string"}}],"inLanguage":"sv-SE"},{"@type":"Organization","@id":"https:\/\/westendxfi.com\/#organization","name":"WestendXFi \u2013 langattomat kuulokkeet ja kaiuttimet suomalaista \u00e4\u00e4niosaamista","url":"https:\/\/westendxfi.com\/","logo":{"@type":"ImageObject","inLanguage":"sv-SE","@id":"https:\/\/westendxfi.com\/#\/schema\/logo\/image\/","url":"https:\/\/westendxfi.com\/wp-content\/uploads\/2024\/08\/westendxfi-logo.png?wsr","contentUrl":"https:\/\/westendxfi.com\/wp-content\/uploads\/2024\/08\/westendxfi-logo.png?wsr","width":1201,"height":140,"caption":"WestendXFi \u2013 langattomat kuulokkeet ja kaiuttimet suomalaista \u00e4\u00e4niosaamista"},"image":{"@id":"https:\/\/westendxfi.com\/#\/schema\/logo\/image\/"}}]}},"taxonomy_info":{"product_brand":[{"value":225,"label":"WestendXFi"}],"product_cat":[{"value":227,"label":"\u00c4lysormukset"}],"product_tag":[{"value":245,"label":"aktiivisuussormus"},{"value":232,"label":"\u00e4lysormus"},{"value":240,"label":"\u00e4lysormus aktiivisuus"},{"value":247,"label":"\u00e4lysormus Android"},{"value":238,"label":"\u00e4lysormus HRV"},{"value":234,"label":"\u00e4lysormus hyvinvointi"},{"value":235,"label":"\u00e4lysormus ilman kuukausimaksua"},{"value":246,"label":"\u00e4lysormus iPhone"},{"value":241,"label":"\u00e4lysormus l\u00e4mp\u00f6tila"},{"value":250,"label":"\u00e4lysormus seuranta"},{"value":239,"label":"\u00e4lysormus SpO2"},{"value":237,"label":"\u00e4lysormus syke"},{"value":236,"label":"\u00e4lysormus uni"},{"value":243,"label":"fitness sormus"},{"value":242,"label":"hyvinvointisormus"},{"value":251,"label":"paras \u00e4lysormus"},{"value":231,"label":"ring"},{"value":233,"label":"smart ring"},{"value":248,"label":"smart ring Finland"},{"value":258,"label":"sticky-variable"},{"value":244,"label":"terveyssormus"},{"value":249,"label":"wearable sormus"},{"value":205,"label":"Westend Smart Ring No Bundle"}]},"featured_image_src_large":["https:\/\/westendxfi.com\/wp-content\/uploads\/2025\/04\/WR004-3-1024x1024.png?wsr",800,800,true],"author_info":[],"comment_info":0,"_links":{"self":[{"href":"https:\/\/westendxfi.com\/sv\/wp-json\/wp\/v2\/product\/108839","targetHints":{"allow":["GET"]}}],"collection":[{"href":"https:\/\/westendxfi.com\/sv\/wp-json\/wp\/v2\/product"}],"about":[{"href":"https:\/\/westendxfi.com\/sv\/wp-json\/wp\/v2\/types\/product"}],"replies":[{"embeddable":true,"href":"https:\/\/westendxfi.com\/sv\/wp-json\/wp\/v2\/comments?post=108839"}],"version-history":[{"count":16,"href":"https:\/\/westendxfi.com\/sv\/wp-json\/wp\/v2\/product\/108839\/revisions"}],"predecessor-version":[{"id":109681,"href":"https:\/\/westendxfi.com\/sv\/wp-json\/wp\/v2\/product\/108839\/revisions\/109681"}],"wp:featuredmedia":[{"embeddable":true,"href":"https:\/\/westendxfi.com\/sv\/wp-json\/wp\/v2\/media\/103973"}],"wp:attachment":[{"href":"https:\/\/westendxfi.com\/sv\/wp-json\/wp\/v2\/media?parent=108839"}],"wp:term":[{"taxonomy":"product_brand","embeddable":true,"href":"https:\/\/westendxfi.com\/sv\/wp-json\/wp\/v2\/product_brand?post=108839"},{"taxonomy":"product_cat","embeddable":true,"href":"https:\/\/westendxfi.com\/sv\/wp-json\/wp\/v2\/product_cat?post=108839"},{"taxonomy":"product_tag","embeddable":true,"href":"https:\/\/westendxfi.com\/sv\/wp-json\/wp\/v2\/product_tag?post=108839"}],"curies":[{"name":"wp","href":"https:\/\/api.w.org\/{rel}","templated":true}]}}